{"id":6124,"date":"2024-02-08T06:52:27","date_gmt":"2024-02-08T06:52:27","guid":{"rendered":"https:\/\/wpachem.com\/?post_type=product&#038;p=6124"},"modified":"2024-02-19T02:25:27","modified_gmt":"2024-02-19T02:25:27","slug":"gardenia-green","status":"publish","type":"product","link":"https:\/\/wpachem.com\/tr\/urun\/gardenia-green\/","title":{"rendered":"Do\u011fal G\u0131da Boyas\u0131 Gardenya Ye\u015fili"},"content":{"rendered":"<p><strong>\u00d6zellik<\/strong><\/p>\n<p>Gardenia ye\u015fili, gardenia mavisi pigmentinden yap\u0131lan bir pigmenttir. Gardenia ye\u015fili pigmenti yayg\u0131n olarak kullan\u0131lm\u0131\u015ft\u0131r ve ayr\u0131ca \u00c7in&#039;de kullan\u0131m\u0131 onaylanm\u0131\u015f bir g\u0131da boyas\u0131d\u0131r. Bu \u00fcr\u00fcn, gardenia sar\u0131s\u0131 ve gardenia mavisi ile kar\u0131\u015ft\u0131r\u0131lm\u0131\u015f a\u00e7\u0131k ye\u015fil ila koyu ye\u015fil bir tozdur, suda ve etanol sulu \u00e7\u00f6zeltisinde kolayca \u00e7\u00f6z\u00fcn\u00fcr, organik \u00e7\u00f6z\u00fcc\u00fclerde \u00e7\u00f6z\u00fcnmez. Tonu ve kararl\u0131l\u0131\u011f\u0131 pH&#039;tan neredeyse hi\u00e7 etkilenmez. Parlak renk, g\u00fc\u00e7l\u00fc renklendirme g\u00fcc\u00fc, \u0131\u015f\u0131k direnci, iyi \u0131s\u0131 direnci, iyi kararl\u0131l\u0131k pH4 ~ 8 aral\u0131\u011f\u0131nda ton, \u00e7\u00f6kelme yok.<\/p>\n<p><strong>Ba\u015fvuru:<\/strong><\/p>\n<p>1 G\u0131da; S\u00fct \u00fcr\u00fcnleri, et \u00fcr\u00fcnleri, f\u0131r\u0131nlanm\u0131\u015f \u00fcr\u00fcnler, eri\u015fte \u00fcr\u00fcnleri, aromal\u0131 \u00fcr\u00fcnler, vb.<br \/>\n2 T\u0131p; Sa\u011fl\u0131kl\u0131 g\u0131da, dolgu maddeleri, ila\u00e7 hammaddeleri, vb.<br \/>\n3. End\u00fcstriyel \u00fcretim; Petrol end\u00fcstrisi, imalat, tar\u0131m \u00fcr\u00fcnleri, piller, hassas d\u00f6k\u00fcmler, vb.<br \/>\n4 T\u00fct\u00fcn \u00fcr\u00fcnleri; T\u00fct\u00fcn i\u00e7in tatland\u0131r\u0131c\u0131 ve antifriz nemlendirici madde olarak gliserinin yerini alabilir<br \/>\n5 Kozmetik; Y\u00fcz temizleyici, g\u00fczellik kremi, tonik, \u015fampuan, y\u00fcz maskesi vb.<br \/>\n6 Yem; Evcil hayvan konserve mamas\u0131, hayvan yemi, su yemi, vitamin yemi, veterinerlik \u00fcr\u00fcnleri vb.<\/p>","protected":false},"excerpt":{"rendered":"<p>\u00dcr\u00fcn ad\u0131: Gardenya Ye\u015fili<\/p>\n<p>G\u00f6r\u00fcn\u00fcm: a\u00e7\u0131k ye\u015fil ila koyu ye\u015fil toz<\/p>","protected":false},"featured_media":6130,"template":"","meta":{"_acf_changed":false,"_gspb_post_css":""},"product_brand":[],"product_cat":[120],"product_tag":[],"class_list":{"0":"post-6124","1":"product","2":"type-product","3":"status-publish","4":"has-post-thumbnail","6":"product_cat-food-colorants","8":"first","9":"instock","10":"shipping-taxable","11":"product-type-simple"},"acf":[],"_links":{"self":[{"href":"https:\/\/wpachem.com\/tr\/wp-json\/wp\/v2\/product\/6124","targetHints":{"allow":["GET"]}}],"collection":[{"href":"https:\/\/wpachem.com\/tr\/wp-json\/wp\/v2\/product"}],"about":[{"href":"https:\/\/wpachem.com\/tr\/wp-json\/wp\/v2\/types\/product"}],"version-history":[{"count":0,"href":"https:\/\/wpachem.com\/tr\/wp-json\/wp\/v2\/product\/6124\/revisions"}],"wp:featuredmedia":[{"embeddable":true,"href":"https:\/\/wpachem.com\/tr\/wp-json\/wp\/v2\/media\/6130"}],"wp:attachment":[{"href":"https:\/\/wpachem.com\/tr\/wp-json\/wp\/v2\/media?parent=6124"}],"wp:term":[{"taxonomy":"product_brand","embeddable":true,"href":"https:\/\/wpachem.com\/tr\/wp-json\/wp\/v2\/product_brand?post=6124"},{"taxonomy":"product_cat","embeddable":true,"href":"https:\/\/wpachem.com\/tr\/wp-json\/wp\/v2\/product_cat?post=6124"},{"taxonomy":"product_tag","embeddable":true,"href":"https:\/\/wpachem.com\/tr\/wp-json\/wp\/v2\/product_tag?post=6124"}],"curies":[{"name":"wp","href":"https:\/\/api.w.org\/{rel}","templated":true}]}}