{"id":6133,"date":"2024-02-08T07:13:43","date_gmt":"2024-02-08T07:13:43","guid":{"rendered":"https:\/\/wpachem.com\/?post_type=product&#038;p=6133"},"modified":"2024-02-19T02:26:25","modified_gmt":"2024-02-19T02:26:25","slug":"sodium-copper-chlorophyllin","status":"publish","type":"product","link":"https:\/\/wpachem.com\/tr\/urun\/sodium-copper-chlorophyllin\/","title":{"rendered":"Do\u011fal G\u0131da Boyas\u0131 Sodyum Bak\u0131r Klorofilin"},"content":{"rendered":"<p><strong>\u00d6zellik<\/strong><\/p>\n<p>Gardenia ye\u015fili, gardenia mavisi pigmentinden yap\u0131lan bir pigmenttir. Gardenia ye\u015fili pigmenti yayg\u0131n olarak kullan\u0131lm\u0131\u015ft\u0131r ve ayr\u0131ca \u00c7in&#039;de kullan\u0131m\u0131 onaylanm\u0131\u015f bir g\u0131da boyas\u0131d\u0131r. Bu \u00fcr\u00fcn, gardenia sar\u0131s\u0131 ve gardenia mavisi ile kar\u0131\u015ft\u0131r\u0131lm\u0131\u015f a\u00e7\u0131k ye\u015fil ila koyu ye\u015fil bir tozdur, suda ve etanol sulu \u00e7\u00f6zeltisinde kolayca \u00e7\u00f6z\u00fcn\u00fcr, organik \u00e7\u00f6z\u00fcc\u00fclerde \u00e7\u00f6z\u00fcnmez. Tonu ve kararl\u0131l\u0131\u011f\u0131 pH&#039;tan neredeyse hi\u00e7 etkilenmez. Parlak renk, g\u00fc\u00e7l\u00fc renklendirme g\u00fcc\u00fc, \u0131\u015f\u0131k direnci, iyi \u0131s\u0131 direnci, iyi kararl\u0131l\u0131k pH4 ~ 8 aral\u0131\u011f\u0131nda ton, \u00e7\u00f6kelme yok.<\/p>\n<p><strong>Ba\u015fvuru:<\/strong><\/p>\n<ol>\n<li>G\u0131da katk\u0131 maddeleri, bitkisel g\u0131dalardaki biyoaktif maddelerin incelenmesiyle, klorofilin do\u011fal bir biyoaktif madde oldu\u011fu, klorofil t\u00fcrevi olan metal porfirinin ise \u00e7ok geni\u015f kullan\u0131m alanlar\u0131na sahip, karakteristik \u00f6zelliklere sahip do\u011fal pigmentlerden biri oldu\u011fu anla\u015f\u0131lm\u0131\u015ft\u0131r.<\/li>\n<li>Tekstiller i\u00e7in, tekstillerin ye\u015fil ve kirlilik i\u00e7ermeyen do\u011fal boyalarla boyanmas\u0131 bir\u00e7ok bilim insan\u0131n\u0131n ara\u015ft\u0131rma y\u00f6n\u00fc haline gelmi\u015ftir. Do\u011fal boyalar nadiren ye\u015fil boyan\u0131r ve sodyum bak\u0131r klorofil g\u0131da s\u0131n\u0131f\u0131 ye\u015fil bir pigmenttir, do\u011fal bir klorofil t\u00fcrevidir, klorofil saponifikasyonu, bak\u0131r reaksiyonu ile \u00e7\u0131kar\u0131labilir ve daha sonra rafine edilebilir, y\u00fcksek stabiliteye sahip, koyu ye\u015fil toz, hafif metalik parlakl\u0131\u011fa sahip bir metal porfirindir.<\/li>\n<li>Kozmetik ama\u00e7l\u0131 kullan\u0131m i\u00e7in, sodyum bak\u0131r klorofil koyu ye\u015fil bir tozdur, tats\u0131zd\u0131r veya hafif bir kokuya sahiptir. Suda \u00e7\u00f6z\u00fcn\u00fcr \u015feffaf ye\u015fil, konsantrasyon artt\u0131k\u00e7a koyula\u015f\u0131r, \u0131\u015f\u0131k direnci, y\u00fcksek s\u0131cakl\u0131k direnci, kararl\u0131 performans. pH&#039;\u0131 9,5~10,2 olan 1% \u00e7\u00f6zeltisinde, pH 6,5&#039;ten d\u00fc\u015f\u00fck oldu\u011funda kalsiyum \u00e7\u00f6ker. Etanolde hafif\u00e7e \u00e7\u00f6z\u00fcn\u00fcr ve ek\u015fi i\u00e7eceklerde \u00e7\u00f6kelmeye e\u011filimlidir.<\/li>\n<\/ol>\n<p>I\u015f\u0131k direnci klorofilden daha iyidir ve 110\u2103&#039;nin \u00fczerinde \u0131s\u0131t\u0131ld\u0131\u011f\u0131nda ayr\u0131\u015f\u0131r. Sodyum bak\u0131r klorofil, kararl\u0131l\u0131k ve d\u00fc\u015f\u00fck toksisite \u00f6zelliklerine sahiptir<br \/>\nBak\u0131r klorofil sodyum tuzunun \u00c7in&#039;de dondurulmu\u015f i\u00e7ecekler, konserve sebzeler, \u015fekerlemeler, meyve ve sebze sular\u0131, f\u0131r\u0131nlanm\u0131\u015f yiyecekler, j\u00f6leler ve di\u011fer g\u0131dalarda geni\u015f bir uygulama potansiyeli vard\u0131r.<\/p>","protected":false},"excerpt":{"rendered":"<p>\u00dcr\u00fcn ad\u0131: Sodyum Bak\u0131r Klorofilin<\/p>\n<p>G\u00f6r\u00fcn\u00fcm: a\u00e7\u0131k ye\u015fil ila koyu ye\u015fil toz<\/p>","protected":false},"featured_media":6142,"template":"","meta":{"_acf_changed":false,"_gspb_post_css":""},"product_brand":[],"product_cat":[120],"product_tag":[],"class_list":{"0":"post-6133","1":"product","2":"type-product","3":"status-publish","4":"has-post-thumbnail","6":"product_cat-food-colorants","8":"first","9":"instock","10":"shipping-taxable","11":"product-type-simple"},"acf":[],"_links":{"self":[{"href":"https:\/\/wpachem.com\/tr\/wp-json\/wp\/v2\/product\/6133","targetHints":{"allow":["GET"]}}],"collection":[{"href":"https:\/\/wpachem.com\/tr\/wp-json\/wp\/v2\/product"}],"about":[{"href":"https:\/\/wpachem.com\/tr\/wp-json\/wp\/v2\/types\/product"}],"version-history":[{"count":0,"href":"https:\/\/wpachem.com\/tr\/wp-json\/wp\/v2\/product\/6133\/revisions"}],"wp:featuredmedia":[{"embeddable":true,"href":"https:\/\/wpachem.com\/tr\/wp-json\/wp\/v2\/media\/6142"}],"wp:attachment":[{"href":"https:\/\/wpachem.com\/tr\/wp-json\/wp\/v2\/media?parent=6133"}],"wp:term":[{"taxonomy":"product_brand","embeddable":true,"href":"https:\/\/wpachem.com\/tr\/wp-json\/wp\/v2\/product_brand?post=6133"},{"taxonomy":"product_cat","embeddable":true,"href":"https:\/\/wpachem.com\/tr\/wp-json\/wp\/v2\/product_cat?post=6133"},{"taxonomy":"product_tag","embeddable":true,"href":"https:\/\/wpachem.com\/tr\/wp-json\/wp\/v2\/product_tag?post=6133"}],"curies":[{"name":"wp","href":"https:\/\/api.w.org\/{rel}","templated":true}]}}