{"id":6152,"date":"2024-02-08T07:52:01","date_gmt":"2024-02-08T07:52:01","guid":{"rendered":"https:\/\/wpachem.com\/?post_type=product&#038;p=6152"},"modified":"2024-02-19T02:23:34","modified_gmt":"2024-02-19T02:23:34","slug":"curcumin","status":"publish","type":"product","link":"https:\/\/wpachem.com\/tr\/urun\/curcumin\/","title":{"rendered":"Do\u011fal G\u0131da Boyas\u0131 Kurkumin"},"content":{"rendered":"<p><strong>\u00d6zellik<\/strong><\/p>\n<p>G\u0131da s\u0131n\u0131f\u0131 kurkumin, zerde\u00e7al\u0131n kurutulmu\u015f k\u00f6ksap\u0131ndan \u00e7\u0131kar\u0131l\u0131r ve rafine edilir. \u00dcr\u00fcn, 183\u00b0 erime noktas\u0131na sahip turuncu sar\u0131 kristal tozdur. Su ve eterde \u00e7\u00f6z\u00fcnmez, etanol ve buzlu asetik asitte \u00e7\u00f6z\u00fcn\u00fcr, asidik ko\u015fullarda a\u00e7\u0131k sar\u0131, alkali ko\u015fullarda k\u0131rm\u0131z\u0131ms\u0131 kahverengidir.<\/p>\n<p><strong>Ba\u015fvuru:<\/strong><\/p>\n<p>\u0130\u00e7ecek end\u00fcstrisi i\u00e7in uygundur, ya\u011f lekesi, lekelenme ve \u00e7\u00f6kelme sorunlar\u0131 yoktur, iyi stabilite, \u0131\u015f\u0131k direnci, \u0131s\u0131 direnci, asit direnci ve di\u011fer \u00f6zelliklere sahiptir. Ayr\u0131ca makarna \u00fcr\u00fcnleri, dondurulmu\u015f i\u00e7ecekler, re\u00e7eller, \u015fekerlemeler, f\u0131r\u0131nlanm\u0131\u015f \u00fcr\u00fcnler ve j\u00f6lelerde de kullan\u0131labilir.<\/p>","protected":false},"excerpt":{"rendered":"<p>\u00dcr\u00fcn ad\u0131: Klorofili<\/p>\n<p>G\u00f6r\u00fcn\u00fcm: turuncu sar\u0131 kristal toz<\/p>","protected":false},"featured_media":6159,"template":"","meta":{"_acf_changed":false,"_gspb_post_css":""},"product_brand":[],"product_cat":[120],"product_tag":[],"class_list":{"0":"post-6152","1":"product","2":"type-product","3":"status-publish","4":"has-post-thumbnail","6":"product_cat-food-colorants","8":"first","9":"instock","10":"shipping-taxable","11":"product-type-simple"},"acf":[],"_links":{"self":[{"href":"https:\/\/wpachem.com\/tr\/wp-json\/wp\/v2\/product\/6152","targetHints":{"allow":["GET"]}}],"collection":[{"href":"https:\/\/wpachem.com\/tr\/wp-json\/wp\/v2\/product"}],"about":[{"href":"https:\/\/wpachem.com\/tr\/wp-json\/wp\/v2\/types\/product"}],"version-history":[{"count":0,"href":"https:\/\/wpachem.com\/tr\/wp-json\/wp\/v2\/product\/6152\/revisions"}],"wp:featuredmedia":[{"embeddable":true,"href":"https:\/\/wpachem.com\/tr\/wp-json\/wp\/v2\/media\/6159"}],"wp:attachment":[{"href":"https:\/\/wpachem.com\/tr\/wp-json\/wp\/v2\/media?parent=6152"}],"wp:term":[{"taxonomy":"product_brand","embeddable":true,"href":"https:\/\/wpachem.com\/tr\/wp-json\/wp\/v2\/product_brand?post=6152"},{"taxonomy":"product_cat","embeddable":true,"href":"https:\/\/wpachem.com\/tr\/wp-json\/wp\/v2\/product_cat?post=6152"},{"taxonomy":"product_tag","embeddable":true,"href":"https:\/\/wpachem.com\/tr\/wp-json\/wp\/v2\/product_tag?post=6152"}],"curies":[{"name":"wp","href":"https:\/\/api.w.org\/{rel}","templated":true}]}}