{"id":6161,"date":"2024-02-08T08:10:09","date_gmt":"2024-02-08T08:10:09","guid":{"rendered":"https:\/\/wpachem.com\/?post_type=product&#038;p=6161"},"modified":"2024-02-19T02:23:22","modified_gmt":"2024-02-19T02:23:22","slug":"safflower-yellow","status":"publish","type":"product","link":"https:\/\/wpachem.com\/tr\/urun\/safflower-yellow\/","title":{"rendered":"Do\u011fal G\u0131da Boyas\u0131 Safflower sar\u0131"},"content":{"rendered":"<p><strong>\u00d6zellik<\/strong><\/p>\n<p>Safflower sar\u0131 pigmenti, modern biyom\u00fchendislik prensiplerine g\u00f6re benzersiz bir \u00fcretim s\u00fcreciyle Compositae ve Safflower cinsindeki safflower&#039;\u0131n kurutulmu\u015f yapraklar\u0131ndan elde edilen do\u011fal bir g\u0131da pigmentidir. Karakteristik bir kokuya sahip sar\u0131 ila kahverengimsi sar\u0131 toz veya s\u0131v\u0131. Suda, seyreltik etanolde, seyreltik propilen glikolde \u00e7\u00f6z\u00fcn\u00fcr; Susuz etanolde, asetonda, greste vb. \u00e7\u00f6z\u00fcnmez. Sulu \u00e7\u00f6zelti parlak sar\u0131d\u0131r ve renk tonu \u00e7evresel PH de\u011ferindeki de\u011fi\u015fikliklere kar\u015f\u0131 hassast\u0131r. PH de\u011feri: 2-7 aral\u0131\u011f\u0131nda, sabit bir sar\u0131 ton korunabilir ve alkali \u00e7\u00f6zelti sar\u0131-turuncudur. I\u015f\u0131\u011fa ve \u0131s\u0131ya kar\u015f\u0131 iyi bir stabiliteye sahiptir.<\/p>\n<p><strong>Ba\u015fvuru:<\/strong><\/p>\n<p>Esas olarak meyve aromal\u0131 i\u00e7eceklerde (kat\u0131 ve s\u0131v\u0131), meyve suyu i\u00e7eceklerinde, me\u015frubatlarda, \u00e7e\u015fitli meyve \u015faraplar\u0131nda, kar\u0131\u015f\u0131k \u015faraplarda, \u015fekerlemelerde, pasta makyajlar\u0131nda, k\u0131rm\u0131z\u0131 ve ye\u015fil ipeklerde, re\u00e7ellerde, konserve meyvelerde, buz \u00fcr\u00fcnlerinde, meyve suyu konsantrelerinde, ye\u015fil eriklerde, dondurmalarda, dondurmalarda, re\u00e7ellerde ve j\u00f6lelerde kullan\u0131l\u0131r.<\/p>","protected":false},"excerpt":{"rendered":"<p>\u00dcr\u00fcn ad\u0131: Safflower sar\u0131<\/p>\n<p>G\u00f6r\u00fcn\u00fcm: Sar\u0131 ila kahverengimsi sar\u0131 toz veya s\u0131v\u0131<\/p>","protected":false},"featured_media":6158,"template":"","meta":{"_acf_changed":false,"_gspb_post_css":""},"product_brand":[],"product_cat":[120],"product_tag":[],"class_list":{"0":"post-6161","1":"product","2":"type-product","3":"status-publish","4":"has-post-thumbnail","6":"product_cat-food-colorants","8":"first","9":"instock","10":"shipping-taxable","11":"product-type-simple"},"acf":[],"_links":{"self":[{"href":"https:\/\/wpachem.com\/tr\/wp-json\/wp\/v2\/product\/6161","targetHints":{"allow":["GET"]}}],"collection":[{"href":"https:\/\/wpachem.com\/tr\/wp-json\/wp\/v2\/product"}],"about":[{"href":"https:\/\/wpachem.com\/tr\/wp-json\/wp\/v2\/types\/product"}],"version-history":[{"count":0,"href":"https:\/\/wpachem.com\/tr\/wp-json\/wp\/v2\/product\/6161\/revisions"}],"wp:featuredmedia":[{"embeddable":true,"href":"https:\/\/wpachem.com\/tr\/wp-json\/wp\/v2\/media\/6158"}],"wp:attachment":[{"href":"https:\/\/wpachem.com\/tr\/wp-json\/wp\/v2\/media?parent=6161"}],"wp:term":[{"taxonomy":"product_brand","embeddable":true,"href":"https:\/\/wpachem.com\/tr\/wp-json\/wp\/v2\/product_brand?post=6161"},{"taxonomy":"product_cat","embeddable":true,"href":"https:\/\/wpachem.com\/tr\/wp-json\/wp\/v2\/product_cat?post=6161"},{"taxonomy":"product_tag","embeddable":true,"href":"https:\/\/wpachem.com\/tr\/wp-json\/wp\/v2\/product_tag?post=6161"}],"curies":[{"name":"wp","href":"https:\/\/api.w.org\/{rel}","templated":true}]}}