{"id":6165,"date":"2024-02-08T08:24:46","date_gmt":"2024-02-08T08:24:46","guid":{"rendered":"https:\/\/wpachem.com\/?post_type=product&#038;p=6165"},"modified":"2024-02-19T02:19:07","modified_gmt":"2024-02-19T02:19:07","slug":"xanthophyll","status":"publish","type":"product","link":"https:\/\/wpachem.com\/tr\/urun\/xanthophyll\/","title":{"rendered":"Do\u011fal G\u0131da Boyas\u0131 Ksantofil"},"content":{"rendered":"<p><strong>\u00d6zellik<\/strong><\/p>\n<p>Esas olarak baz\u0131 ye\u015fil yaprakl\u0131 sebzelerden ve meyvelerden elde edilen do\u011fal bir pigmenttir. Koyu sar\u0131dan turuncuya kadar renkte g\u00f6r\u00fcnen bir karotenoid grubuna aittir. Lutein bitkilerde yayg\u0131n olarak bulunur ve \u00f6nemli bir do\u011fal pigment kayna\u011f\u0131d\u0131r.<\/p>\n<p><strong>Ba\u015fvuru:<\/strong><\/p>\n<ol>\n<li>Portakal suyu i\u00e7ece\u011fi: Yapay renklendirici yerine kullan\u0131labilir, parlak turuncu sar\u0131 renk sa\u011flar.<\/li>\n<li>Yo\u011furt: A\u00e7\u0131k sar\u0131 renk vermek, g\u00f6rsel \u00e7ekicili\u011fi ve \u00fcr\u00fcn kalitesini art\u0131rmak i\u00e7in kullan\u0131l\u0131r.<\/li>\n<li>\u00a0Ekmek ve kekler: Alt\u0131n rengini vermek ve \u00fcr\u00fcn kalitesini artt\u0131rmak i\u00e7in kullan\u0131l\u0131r.<\/li>\n<li>Re\u00e7el yap\u0131n: Do\u011fal meyveye benzer g\u00fc\u00e7l\u00fc bir tat sa\u011flay\u0131n ve \u00fcr\u00fcn kalitesini art\u0131r\u0131n.<\/li>\n<li>Meyveli at\u0131\u015ft\u0131rmal\u0131klar: Alt\u0131n rengi ve g\u00f6rsel \u00e7ekicilik sa\u011flar.<\/li>\n<li>T\u0131bbi \u015feker: \u00dcr\u00fcn kalitesini art\u0131r\u0131r ve g\u00f6rsel etki sa\u011flar.<\/li>\n<li>Re\u00e7elli \u015fekerleme ve \u015fekerlemeler: Yapay g\u0131da boyas\u0131 yerine alt\u0131n rengi sa\u011flay\u0131n.<\/li>\n<li>\u00a0Hindistan cevizi s\u00fct\u00fc: Do\u011fal sar\u0131 renklendirici sa\u011flar ve \u00fcr\u00fcn kalitesini art\u0131r\u0131r.<\/li>\n<li>Bal: A\u00e7\u0131k sar\u0131 renklendirici sa\u011flar ve \u00fcr\u00fcn kalitesini art\u0131r\u0131r.<\/li>\n<li>Bebek mamas\u0131: Sar\u0131 renklendirici sa\u011flar.<\/li>\n<\/ol>","protected":false},"excerpt":{"rendered":"<p>\u00dcr\u00fcn ad\u0131: Ksantofil<\/p>\n<p>G\u00f6r\u00fcn\u00fcm: Turuncu sar\u0131 ila turuncu-k\u0131rm\u0131z\u0131 toz<\/p>","protected":false},"featured_media":4296,"template":"","meta":{"_acf_changed":false,"_gspb_post_css":""},"product_brand":[],"product_cat":[24],"product_tag":[],"class_list":{"0":"post-6165","1":"product","2":"type-product","3":"status-publish","4":"has-post-thumbnail","6":"product_cat-uncategorized","8":"first","9":"instock","10":"shipping-taxable","11":"product-type-simple"},"acf":[],"_links":{"self":[{"href":"https:\/\/wpachem.com\/tr\/wp-json\/wp\/v2\/product\/6165","targetHints":{"allow":["GET"]}}],"collection":[{"href":"https:\/\/wpachem.com\/tr\/wp-json\/wp\/v2\/product"}],"about":[{"href":"https:\/\/wpachem.com\/tr\/wp-json\/wp\/v2\/types\/product"}],"version-history":[{"count":0,"href":"https:\/\/wpachem.com\/tr\/wp-json\/wp\/v2\/product\/6165\/revisions"}],"wp:featuredmedia":[{"embeddable":true,"href":"https:\/\/wpachem.com\/tr\/wp-json\/wp\/v2\/media\/4296"}],"wp:attachment":[{"href":"https:\/\/wpachem.com\/tr\/wp-json\/wp\/v2\/media?parent=6165"}],"wp:term":[{"taxonomy":"product_brand","embeddable":true,"href":"https:\/\/wpachem.com\/tr\/wp-json\/wp\/v2\/product_brand?post=6165"},{"taxonomy":"product_cat","embeddable":true,"href":"https:\/\/wpachem.com\/tr\/wp-json\/wp\/v2\/product_cat?post=6165"},{"taxonomy":"product_tag","embeddable":true,"href":"https:\/\/wpachem.com\/tr\/wp-json\/wp\/v2\/product_tag?post=6165"}],"curies":[{"name":"wp","href":"https:\/\/api.w.org\/{rel}","templated":true}]}}