{"id":6168,"date":"2024-02-08T08:42:30","date_gmt":"2024-02-08T08:42:30","guid":{"rendered":"https:\/\/wpachem.com\/?post_type=product&#038;p=6168"},"modified":"2024-02-19T02:17:56","modified_gmt":"2024-02-19T02:17:56","slug":"lycopene","status":"publish","type":"product","link":"https:\/\/wpachem.com\/tr\/urun\/lycopene\/","title":{"rendered":"Do\u011fal G\u0131da Boyas\u0131 Likopen"},"content":{"rendered":"<p><strong>\u00d6zellik<\/strong><\/p>\n<p>Likopen, \u00e7o\u011funlukla domates, havu\u00e7 ve di\u011fer sebze ve meyvelerde bulunan bir karotenoiddir. \u0130nsanlar veya hayvanlar kendi ba\u015flar\u0131na karotenoid sentezleyemezler, bu nedenle likopenin diyet yoluyla al\u0131nmas\u0131 gerekir.<\/p>\n<p><strong>Ba\u015fvuru:<\/strong><\/p>\n<p>Koyu k\u0131rm\u0131z\u0131 renkte toz veya em\u00fclsiyon:<\/p>\n<p>Y\u00fcksek safl\u0131k, iyi stabilite ve suda iyi \u00e7\u00f6z\u00fcn\u00fcrl\u00fck \u00f6zelliklerine sahiptir.<br \/>\nS\u00fct \u00fcr\u00fcnleri, \u015fekerleme, i\u00e7ecekler, j\u00f6le, f\u0131r\u0131nc\u0131l\u0131k, baharat ve di\u011fer alanlarda kullan\u0131labilir. G\u0131da end\u00fcstrisindeki uygulama GB2760 kullan\u0131m aral\u0131\u011f\u0131na at\u0131fta bulunabilir.<br \/>\nLikopenin sa\u011fl\u0131kl\u0131 g\u0131da sekt\u00f6r\u00fcndeki \u00fcr\u00fcn formlar\u0131 a\u011f\u0131rl\u0131kl\u0131 olarak yumu\u015fak kaps\u00fcller, kat\u0131 i\u00e7ecekler, tablet \u015fekerlemeler vb. \u015feklinde yo\u011funla\u015fmaktad\u0131r.<\/p>","protected":false},"excerpt":{"rendered":"<p>\u00dcr\u00fcn ad\u0131: Likopen<\/p>\n<p>G\u00f6r\u00fcn\u00fcm: koyu k\u0131rm\u0131z\u0131 renkli toz<\/p>","protected":false},"featured_media":4730,"template":"","meta":{"_acf_changed":false,"_gspb_post_css":""},"product_brand":[],"product_cat":[120],"product_tag":[],"class_list":{"0":"post-6168","1":"product","2":"type-product","3":"status-publish","4":"has-post-thumbnail","6":"product_cat-food-colorants","8":"first","9":"instock","10":"shipping-taxable","11":"product-type-simple"},"acf":[],"_links":{"self":[{"href":"https:\/\/wpachem.com\/tr\/wp-json\/wp\/v2\/product\/6168","targetHints":{"allow":["GET"]}}],"collection":[{"href":"https:\/\/wpachem.com\/tr\/wp-json\/wp\/v2\/product"}],"about":[{"href":"https:\/\/wpachem.com\/tr\/wp-json\/wp\/v2\/types\/product"}],"version-history":[{"count":0,"href":"https:\/\/wpachem.com\/tr\/wp-json\/wp\/v2\/product\/6168\/revisions"}],"wp:featuredmedia":[{"embeddable":true,"href":"https:\/\/wpachem.com\/tr\/wp-json\/wp\/v2\/media\/4730"}],"wp:attachment":[{"href":"https:\/\/wpachem.com\/tr\/wp-json\/wp\/v2\/media?parent=6168"}],"wp:term":[{"taxonomy":"product_brand","embeddable":true,"href":"https:\/\/wpachem.com\/tr\/wp-json\/wp\/v2\/product_brand?post=6168"},{"taxonomy":"product_cat","embeddable":true,"href":"https:\/\/wpachem.com\/tr\/wp-json\/wp\/v2\/product_cat?post=6168"},{"taxonomy":"product_tag","embeddable":true,"href":"https:\/\/wpachem.com\/tr\/wp-json\/wp\/v2\/product_tag?post=6168"}],"curies":[{"name":"wp","href":"https:\/\/api.w.org\/{rel}","templated":true}]}}