{"id":6175,"date":"2024-02-08T08:40:26","date_gmt":"2024-02-08T08:40:26","guid":{"rendered":"https:\/\/wpachem.com\/?post_type=product&#038;p=6175"},"modified":"2024-02-08T08:41:30","modified_gmt":"2024-02-08T08:41:30","slug":"cassia-seed-extract","status":"publish","type":"product","link":"https:\/\/wpachem.com\/tr\/urun\/cassia-seed-extract\/","title":{"rendered":"Cassia Tohumu \u00d6z\u00fc"},"content":{"rendered":"<p><strong>\u00d6zellik<\/strong><\/p>\n<p>Kahverengi toz<\/p>\n<p><strong>Ba\u015fvuru:<\/strong><\/p>\n<p>Karaci\u011feri temizler, g\u00f6rme yetene\u011fini iyile\u015ftirir, at\u0131l\u0131m\u0131 destekler, kilo y\u00f6netimi sa\u011flar<\/p>","protected":false},"excerpt":{"rendered":"<p>\u00dcr\u00fcn ad\u0131: Cassia Tohumu \u00d6z\u00fc<\/p>\n<p>G\u00f6r\u00fcn\u00fcm: Kahverengi toz<\/p>","protected":false},"featured_media":5830,"template":"","meta":{"_acf_changed":false,"_gspb_post_css":""},"product_brand":[],"product_cat":[69,124,123,122,24],"product_tag":[],"class_list":{"0":"post-6175","1":"product","2":"type-product","3":"status-publish","4":"has-post-thumbnail","6":"product_cat-more","7":"product_cat-food-additives-plant-extract","8":"product_cat-health-product-raw-materials","9":"product_cat-plant-extract","10":"product_cat-uncategorized","12":"first","13":"instock","14":"shipping-taxable","15":"product-type-simple"},"acf":[],"_links":{"self":[{"href":"https:\/\/wpachem.com\/tr\/wp-json\/wp\/v2\/product\/6175","targetHints":{"allow":["GET"]}}],"collection":[{"href":"https:\/\/wpachem.com\/tr\/wp-json\/wp\/v2\/product"}],"about":[{"href":"https:\/\/wpachem.com\/tr\/wp-json\/wp\/v2\/types\/product"}],"version-history":[{"count":0,"href":"https:\/\/wpachem.com\/tr\/wp-json\/wp\/v2\/product\/6175\/revisions"}],"wp:featuredmedia":[{"embeddable":true,"href":"https:\/\/wpachem.com\/tr\/wp-json\/wp\/v2\/media\/5830"}],"wp:attachment":[{"href":"https:\/\/wpachem.com\/tr\/wp-json\/wp\/v2\/media?parent=6175"}],"wp:term":[{"taxonomy":"product_brand","embeddable":true,"href":"https:\/\/wpachem.com\/tr\/wp-json\/wp\/v2\/product_brand?post=6175"},{"taxonomy":"product_cat","embeddable":true,"href":"https:\/\/wpachem.com\/tr\/wp-json\/wp\/v2\/product_cat?post=6175"},{"taxonomy":"product_tag","embeddable":true,"href":"https:\/\/wpachem.com\/tr\/wp-json\/wp\/v2\/product_tag?post=6175"}],"curies":[{"name":"wp","href":"https:\/\/api.w.org\/{rel}","templated":true}]}}