{"id":6180,"date":"2024-02-08T09:04:25","date_gmt":"2024-02-08T09:04:25","guid":{"rendered":"https:\/\/wpachem.com\/?post_type=product&#038;p=6180"},"modified":"2024-02-19T02:16:42","modified_gmt":"2024-02-19T02:16:42","slug":"annatto-extract","status":"publish","type":"product","link":"https:\/\/wpachem.com\/tr\/urun\/annatto-extract\/","title":{"rendered":"Do\u011fal G\u0131da Boyas\u0131 Annatto \u00d6z\u00fc"},"content":{"rendered":"<p><strong>\u00d6zellik<\/strong><\/p>\n<p>Ayr\u0131ca k\u0131z\u0131l ve ponceau olarak da bilinen, sentetik bir azo g\u0131da k\u0131rm\u0131z\u0131 pigmentidir. \u0130yi asit direncine sahiptir, sitrik asit ve tartarik aside kar\u015f\u0131 dayan\u0131kl\u0131d\u0131r, zay\u0131f \u0131s\u0131 direncine ve alkali direncine sahiptir, zay\u0131f bakteri direncine sahiptir ve alkali durumunda kahverengiye d\u00f6ner. Y\u00fcksek g\u00fcvenli\u011fi nedeniyle, k\u0131rm\u0131z\u0131 pigment se\u00e7erken tercih edilebilir. Pasta boyama, kiraz boyama vb. i\u00e7in 0,05g\/kg s\u0131n\u0131r\u0131yla kullan\u0131labilir.<\/p>\n<p><strong>Ba\u015fvuru:<\/strong><\/p>\n<p>G\u0131da boyas\u0131 olarak Carmes, meyve suyu i\u00e7ecekleri, haz\u0131r \u015farap, gazl\u0131 i\u00e7ecekler, \u015fekerleme, pasta, dondurma, yo\u011furt ve di\u011fer g\u0131da boyalar\u0131nda kullan\u0131labilir, ancak et \u00fcr\u00fcnlerinde, su \u00fcr\u00fcnlerinde ve di\u011fer g\u0131dalarda kullan\u0131lamaz. Bunun ba\u015fl\u0131ca nedeni, baz\u0131 su\u00e7lular\u0131n bozulmu\u015f et gibi k\u00f6t\u00fc \u00e7i\u011f etin g\u00f6r\u00fcn\u00fcm\u00fcn\u00fc \u00f6rtbas etmek ve t\u00fcketicileri aldatmak i\u00e7in renk kullanarak bunu yapmalar\u0131n\u0131 \u00f6nlemektir.<\/p>","protected":false},"excerpt":{"rendered":"<p>\u00dcr\u00fcn ad\u0131: Annatto \u00d6z\u00fc<\/p>\n<p>G\u00f6r\u00fcn\u00fcm: koyu k\u0131rm\u0131z\u0131 renkli toz<\/p>","protected":false},"featured_media":6077,"template":"","meta":{"_acf_changed":false,"_gspb_post_css":""},"product_brand":[],"product_cat":[120],"product_tag":[],"class_list":{"0":"post-6180","1":"product","2":"type-product","3":"status-publish","4":"has-post-thumbnail","6":"product_cat-food-colorants","8":"first","9":"instock","10":"shipping-taxable","11":"product-type-simple"},"acf":[],"_links":{"self":[{"href":"https:\/\/wpachem.com\/tr\/wp-json\/wp\/v2\/product\/6180","targetHints":{"allow":["GET"]}}],"collection":[{"href":"https:\/\/wpachem.com\/tr\/wp-json\/wp\/v2\/product"}],"about":[{"href":"https:\/\/wpachem.com\/tr\/wp-json\/wp\/v2\/types\/product"}],"version-history":[{"count":0,"href":"https:\/\/wpachem.com\/tr\/wp-json\/wp\/v2\/product\/6180\/revisions"}],"wp:featuredmedia":[{"embeddable":true,"href":"https:\/\/wpachem.com\/tr\/wp-json\/wp\/v2\/media\/6077"}],"wp:attachment":[{"href":"https:\/\/wpachem.com\/tr\/wp-json\/wp\/v2\/media?parent=6180"}],"wp:term":[{"taxonomy":"product_brand","embeddable":true,"href":"https:\/\/wpachem.com\/tr\/wp-json\/wp\/v2\/product_brand?post=6180"},{"taxonomy":"product_cat","embeddable":true,"href":"https:\/\/wpachem.com\/tr\/wp-json\/wp\/v2\/product_cat?post=6180"},{"taxonomy":"product_tag","embeddable":true,"href":"https:\/\/wpachem.com\/tr\/wp-json\/wp\/v2\/product_tag?post=6180"}],"curies":[{"name":"wp","href":"https:\/\/api.w.org\/{rel}","templated":true}]}}