{"id":6191,"date":"2024-02-08T09:01:25","date_gmt":"2024-02-08T09:01:25","guid":{"rendered":"https:\/\/wpachem.com\/?post_type=product&#038;p=6191"},"modified":"2024-02-19T02:16:56","modified_gmt":"2024-02-19T02:16:56","slug":"calcium-lactate-cas-814-80-2","status":"publish","type":"product","link":"https:\/\/wpachem.com\/tr\/urun\/calcium-lactate-cas-814-80-2\/","title":{"rendered":"Do\u011fal G\u0131da Boyas\u0131 Kalsiyum Laktat CAS 814-80-2"},"content":{"rendered":"<p><strong>\u00d6zellik<\/strong><\/p>\n<p>Beyaz gran\u00fcl veya toz<\/p>\n<p><strong>Ba\u015fvuru:<\/strong><\/p>\n<p>1. Tetani, iskelet displazisi ve ra\u015fitizm gibi kalsiyum eksikli\u011fini tedavi etmek i\u00e7in t\u0131pta kullan\u0131labilir; ayr\u0131ca kronik b\u00f6brek yetmezli\u011fi olan hastalarda hipokalsemi i\u00e7in de kullan\u0131labilir; ayr\u0131ca alerjik hastal\u0131klar ve t\u00fcberk\u00fcloz i\u00e7in yard\u0131mc\u0131 tedavi olarak kullan\u0131labilir; ayr\u0131ca bir p\u0131ht\u0131la\u015ft\u0131r\u0131c\u0131 olarak da kullan\u0131labilir.<\/p>\n<p>2. G\u0131da katk\u0131 maddesi, kalsiyum maddesi, g\u0131da besin takviyesi olarak kullan\u0131l\u0131r, bebek mamalar\u0131nda, s\u00fct \u00fcr\u00fcnlerinde, ekmekte, hamur i\u015flerinde, \u015fekerlemelerde, soya \u00fcr\u00fcnlerinde, tur\u015fularda vb. kullan\u0131l\u0131r. Kalsiyum takviyesi olarak bu \u00fcr\u00fcn di\u011fer \u00fcr\u00fcnlere g\u00f6re emilimi daha kolayd\u0131r; Ekmek ve hamur i\u015flerinde tamponlay\u0131c\u0131 ve mayalay\u0131c\u0131 olarak kullan\u0131l\u0131r.<\/p>\n<p>3. Meyve ve sebze g\u0131da i\u015flemede kabuk sertle\u015ftirici olarak da s\u0131kl\u0131kla kullan\u0131l\u0131r.<\/p>\n<p>4. Yem sanayinde yem katk\u0131 maddesi olarak s\u00fct \u00fcretimini art\u0131rabilir, yumurtalar\u0131n kabuk k\u0131r\u0131lma oran\u0131n\u0131 azaltabilir, gen\u00e7 hayvanlar\u0131n b\u00fcy\u00fcmesini te\u015fvik edebilir.<\/p>","protected":false},"excerpt":{"rendered":"<p>\u00dcr\u00fcn ad\u0131: Kalsiyum Laktat<\/p>\n<p>Cas No:814-80-2<\/p>\n<p>MF:C3H8CaO3<\/p>\n<p>G\u00f6r\u00fcn\u00fcm: Beyaz gran\u00fcller veya toz<\/p>","protected":false},"featured_media":5182,"template":"","meta":{"_acf_changed":false,"_gspb_post_css":""},"product_brand":[],"product_cat":[55,103],"product_tag":[],"class_list":{"0":"post-6191","1":"product","2":"type-product","3":"status-publish","4":"has-post-thumbnail","6":"product_cat-food-additives","7":"product_cat-nutrition-enhancer","9":"first","10":"instock","11":"shipping-taxable","12":"product-type-simple"},"acf":[],"_links":{"self":[{"href":"https:\/\/wpachem.com\/tr\/wp-json\/wp\/v2\/product\/6191","targetHints":{"allow":["GET"]}}],"collection":[{"href":"https:\/\/wpachem.com\/tr\/wp-json\/wp\/v2\/product"}],"about":[{"href":"https:\/\/wpachem.com\/tr\/wp-json\/wp\/v2\/types\/product"}],"version-history":[{"count":0,"href":"https:\/\/wpachem.com\/tr\/wp-json\/wp\/v2\/product\/6191\/revisions"}],"wp:featuredmedia":[{"embeddable":true,"href":"https:\/\/wpachem.com\/tr\/wp-json\/wp\/v2\/media\/5182"}],"wp:attachment":[{"href":"https:\/\/wpachem.com\/tr\/wp-json\/wp\/v2\/media?parent=6191"}],"wp:term":[{"taxonomy":"product_brand","embeddable":true,"href":"https:\/\/wpachem.com\/tr\/wp-json\/wp\/v2\/product_brand?post=6191"},{"taxonomy":"product_cat","embeddable":true,"href":"https:\/\/wpachem.com\/tr\/wp-json\/wp\/v2\/product_cat?post=6191"},{"taxonomy":"product_tag","embeddable":true,"href":"https:\/\/wpachem.com\/tr\/wp-json\/wp\/v2\/product_tag?post=6191"}],"curies":[{"name":"wp","href":"https:\/\/api.w.org\/{rel}","templated":true}]}}