{"id":6278,"date":"2024-02-19T01:59:37","date_gmt":"2024-02-19T01:59:37","guid":{"rendered":"https:\/\/wpachem.com\/?post_type=product&#038;p=6278"},"modified":"2024-02-19T02:16:24","modified_gmt":"2024-02-19T02:16:24","slug":"kaoliang-red","status":"publish","type":"product","link":"https:\/\/wpachem.com\/tr\/urun\/kaoliang-red\/","title":{"rendered":"Do\u011fal G\u0131da Boyas\u0131 Kaoliang K\u0131rm\u0131z\u0131"},"content":{"rendered":"<p><strong>\u00d6zellik<\/strong><\/p>\n<p>Tu\u011fla k\u0131rm\u0131z\u0131s\u0131 amorf toz, s\u0131v\u0131, macun veya blok halinde de olabilir.<\/p>\n<p><strong>Ba\u015fvuru:<\/strong><\/p>\n<p>Bu \u00fcr\u00fcn g\u00fcvenli renge, \u00f6zel bir kokuya sahip de\u011fildir, g\u00fcvenli kullan\u0131ma, do\u011fal ve yumu\u015fak renge, \u0131\u015f\u0131k ve \u0131s\u0131ya dayan\u0131kl\u0131l\u0131\u011fa, istikrarl\u0131 performansa ve b\u00fcy\u00fck geli\u015ftirme de\u011ferine sahiptir.<\/p>","protected":false},"excerpt":{"rendered":"<p>\u00dcr\u00fcn ad\u0131: Kaoliang K\u0131rm\u0131z\u0131<\/p>\n<p>G\u00f6r\u00fcn\u00fcm: Tu\u011fla k\u0131rm\u0131z\u0131s\u0131 amorf toz<\/p>","protected":false},"featured_media":3776,"template":"","meta":{"_acf_changed":false,"_gspb_post_css":""},"product_brand":[],"product_cat":[120],"product_tag":[],"class_list":{"0":"post-6278","1":"product","2":"type-product","3":"status-publish","4":"has-post-thumbnail","6":"product_cat-food-colorants","8":"first","9":"instock","10":"shipping-taxable","11":"product-type-simple"},"acf":[],"_links":{"self":[{"href":"https:\/\/wpachem.com\/tr\/wp-json\/wp\/v2\/product\/6278","targetHints":{"allow":["GET"]}}],"collection":[{"href":"https:\/\/wpachem.com\/tr\/wp-json\/wp\/v2\/product"}],"about":[{"href":"https:\/\/wpachem.com\/tr\/wp-json\/wp\/v2\/types\/product"}],"version-history":[{"count":0,"href":"https:\/\/wpachem.com\/tr\/wp-json\/wp\/v2\/product\/6278\/revisions"}],"wp:featuredmedia":[{"embeddable":true,"href":"https:\/\/wpachem.com\/tr\/wp-json\/wp\/v2\/media\/3776"}],"wp:attachment":[{"href":"https:\/\/wpachem.com\/tr\/wp-json\/wp\/v2\/media?parent=6278"}],"wp:term":[{"taxonomy":"product_brand","embeddable":true,"href":"https:\/\/wpachem.com\/tr\/wp-json\/wp\/v2\/product_brand?post=6278"},{"taxonomy":"product_cat","embeddable":true,"href":"https:\/\/wpachem.com\/tr\/wp-json\/wp\/v2\/product_cat?post=6278"},{"taxonomy":"product_tag","embeddable":true,"href":"https:\/\/wpachem.com\/tr\/wp-json\/wp\/v2\/product_tag?post=6278"}],"curies":[{"name":"wp","href":"https:\/\/api.w.org\/{rel}","templated":true}]}}