{"id":6280,"date":"2024-02-19T02:04:46","date_gmt":"2024-02-19T02:04:46","guid":{"rendered":"https:\/\/wpachem.com\/?post_type=product&#038;p=6280"},"modified":"2024-02-19T02:15:49","modified_gmt":"2024-02-19T02:15:49","slug":"cacao-color","status":"publish","type":"product","link":"https:\/\/wpachem.com\/tr\/urun\/cacao-color\/","title":{"rendered":"Do\u011fal G\u0131da Boyas\u0131 Kakao Rengi"},"content":{"rendered":"<p><strong>\u00d6zellik<\/strong><\/p>\n<p>Theobroma Cacao L. meyvesinin \u00e7ekirdeklerinden ve kabu\u011fundan elde edilen do\u011fal bir renklendiricidir. Esas olarak polifenollerden olu\u015fur, iyi antioksidan \u00f6zelli\u011fe sahiptir ve eklenen g\u0131daya iyi bir besin takviyesi etkisi g\u00f6sterir.<\/p>\n<p><strong>Ba\u015fvuru:<\/strong><\/p>\n<p>Sycamore familyas\u0131n\u0131n bitkisinin kabu\u011fundan elde edilir. \u00dcr\u00fcn kahverengi tozdur, kokusuz ve kokusuzdur, ancak \u00e7ikolata aromas\u0131 ve hafif ac\u0131 bir tada sahiptir. Suda kolayca \u00e7\u00f6z\u00fcn\u00fcr, 0.1% sulu \u00e7\u00f6zeltisi ile berrakla\u015ft\u0131r\u0131l\u0131r, su ve seyreltik etanolde kolayca \u00e7\u00f6z\u00fcn\u00fcr. N\u00f6tr pH&#039;a yak\u0131n stabil, korumada \u00e7ok az de\u011fi\u015fiklik, protein, ni\u015fasta vb. \u00fczerinde renk kararl\u0131l\u0131\u011f\u0131, iyi lekelenme ve anti-oksidasyon; \u0130yi \u0131s\u0131 direnci, pi\u015firme g\u0131dalar\u0131nda kullan\u0131l\u0131r, renk de\u011fi\u015ftirmez; \u0130yi \u0131\u015f\u0131k direnci, UV \u0131\u015f\u0131nlar\u0131na maruz kald\u0131\u011f\u0131nda de\u011fi\u015fmez; Hidrojen peroksit ve a\u011fartma tozu gibi oksitleyici maddelerden neredeyse hi\u00e7 etkilenmez, ancak indirgeyici maddeler durumunda kolayca solar. Kakao pigmenti, PH de\u011feri 5.5&#039;in \u00fczerinde ve 5.5&#039;in alt\u0131nda oldu\u011funda g\u00fc\u00e7l\u00fc bir k\u0131rm\u0131z\u0131 renge sahiptir.<br \/>\nSar\u0131-turuncu derecesi kuvvetlidir, fakat \u00e7ikolata rengi de\u011fi\u015fmez, PH de\u011feri 8&#039;in \u00fczerinde ise \u00e7\u00f6kelme olabilir, indirgeyici maddeler kullan\u0131ld\u0131\u011f\u0131nda rengin solmas\u0131 kolayla\u015f\u0131r.<\/p>","protected":false},"excerpt":{"rendered":"<p>\u00dcr\u00fcn ad\u0131: Kakao Rengi<\/p>\n<p>G\u00f6r\u00fcn\u00fcm: Koyu kahverengi toz<\/p>","protected":false},"featured_media":4177,"template":"","meta":{"_acf_changed":false,"_gspb_post_css":""},"product_brand":[],"product_cat":[120],"product_tag":[],"class_list":{"0":"post-6280","1":"product","2":"type-product","3":"status-publish","4":"has-post-thumbnail","6":"product_cat-food-colorants","8":"first","9":"instock","10":"shipping-taxable","11":"product-type-simple"},"acf":[],"_links":{"self":[{"href":"https:\/\/wpachem.com\/tr\/wp-json\/wp\/v2\/product\/6280","targetHints":{"allow":["GET"]}}],"collection":[{"href":"https:\/\/wpachem.com\/tr\/wp-json\/wp\/v2\/product"}],"about":[{"href":"https:\/\/wpachem.com\/tr\/wp-json\/wp\/v2\/types\/product"}],"version-history":[{"count":0,"href":"https:\/\/wpachem.com\/tr\/wp-json\/wp\/v2\/product\/6280\/revisions"}],"wp:featuredmedia":[{"embeddable":true,"href":"https:\/\/wpachem.com\/tr\/wp-json\/wp\/v2\/media\/4177"}],"wp:attachment":[{"href":"https:\/\/wpachem.com\/tr\/wp-json\/wp\/v2\/media?parent=6280"}],"wp:term":[{"taxonomy":"product_brand","embeddable":true,"href":"https:\/\/wpachem.com\/tr\/wp-json\/wp\/v2\/product_brand?post=6280"},{"taxonomy":"product_cat","embeddable":true,"href":"https:\/\/wpachem.com\/tr\/wp-json\/wp\/v2\/product_cat?post=6280"},{"taxonomy":"product_tag","embeddable":true,"href":"https:\/\/wpachem.com\/tr\/wp-json\/wp\/v2\/product_tag?post=6280"}],"curies":[{"name":"wp","href":"https:\/\/api.w.org\/{rel}","templated":true}]}}