{"id":6284,"date":"2024-02-19T02:12:06","date_gmt":"2024-02-19T02:12:06","guid":{"rendered":"https:\/\/wpachem.com\/?post_type=product&#038;p=6284"},"modified":"2024-02-19T02:16:12","modified_gmt":"2024-02-19T02:16:12","slug":"vegetable-black-cas1333-86-4","status":"publish","type":"product","link":"https:\/\/wpachem.com\/tr\/urun\/vegetable-black-cas1333-86-4\/","title":{"rendered":"Do\u011fal G\u0131da Boyas\u0131 Bitkisel Siyah CAS1333-86-4"},"content":{"rendered":"<p><strong>\u00d6zellik<\/strong><\/p>\n<p>Bitkilerin hammadde olarak kullan\u0131lmas\u0131yla, karbonizasyon ve rafinasyon tesisi ile \u00fcretilen g\u0131da katk\u0131 maddeleri karbon siyah\u0131 siyah toz par\u00e7ac\u0131klar\u0131 olup, kokusuz, tats\u0131z, suda ve organik \u00e7\u00f6z\u00fcc\u00fclerde \u00e7\u00f6z\u00fcnmeyen, asit ve alkalilerde \u00e7\u00f6z\u00fcnmeyen, kimyasal kararl\u0131l\u0131\u011f\u0131 \u0131\u015f\u0131k ve y\u00fcksek s\u0131cakl\u0131kta de\u011fi\u015fmeyen, ancak havada yak\u0131larak karbondioksite d\u00f6n\u00fc\u015febilen, geni\u015f y\u00fczey alan\u0131na ve \u00f6zel y\u00fczey yap\u0131\u015fma \u00f6zelli\u011fine sahip, m\u00fckemmel bir \u00f6rt\u00fcc\u00fcl\u00fck ve renklendirme kabiliyetine sahip bir \u00fcr\u00fcnd\u00fcr.<\/p>\n<p><strong>Ba\u015fvuru:<\/strong><\/p>\n<ol>\n<li>Bitki karbon siyah\u0131n\u0131n temel i\u015flevi melanin, yenilebilir i\u015fleme yard\u0131mc\u0131 maddeleri ve adsorban olarak kullan\u0131lmas\u0131d\u0131r, bu nedenle bitki karbon siyah\u0131n\u0131n yenilebilir oldu\u011fu g\u00f6r\u00fclebilir. Ba\u015fka bir deyi\u015fle, bitki karbon siyah\u0131n\u0131n etkisi bir g\u0131da katk\u0131 maddesi renklendirici olarak kullan\u0131lmas\u0131d\u0131r.<\/li>\n<li>Bitkisel karbon siyah\u0131 \u015fekerleme, bisk\u00fcvi, pasta, unlu mamuller, tah\u0131l ve tah\u0131l \u00fcr\u00fcnleri, s\u00fct \u00fcr\u00fcnleri, \u015feker ve \u015fekerli g\u0131dalar, pirin\u00e7, buzlu s\u00fcsleme ve zar, unlu mamullerde kullan\u0131labilir.<\/li>\n<\/ol>","protected":false},"excerpt":{"rendered":"<p>\u00dcr\u00fcn ad\u0131: bitkisel siyah<\/p>\n<p>G\u00f6r\u00fcn\u00fcm: siyah toz par\u00e7ac\u0131klar\u0131,<\/p>","protected":false},"featured_media":6081,"template":"","meta":{"_acf_changed":false,"_gspb_post_css":""},"product_brand":[],"product_cat":[120],"product_tag":[],"class_list":{"0":"post-6284","1":"product","2":"type-product","3":"status-publish","4":"has-post-thumbnail","6":"product_cat-food-colorants","8":"first","9":"instock","10":"shipping-taxable","11":"product-type-simple"},"acf":[],"_links":{"self":[{"href":"https:\/\/wpachem.com\/tr\/wp-json\/wp\/v2\/product\/6284","targetHints":{"allow":["GET"]}}],"collection":[{"href":"https:\/\/wpachem.com\/tr\/wp-json\/wp\/v2\/product"}],"about":[{"href":"https:\/\/wpachem.com\/tr\/wp-json\/wp\/v2\/types\/product"}],"version-history":[{"count":0,"href":"https:\/\/wpachem.com\/tr\/wp-json\/wp\/v2\/product\/6284\/revisions"}],"wp:featuredmedia":[{"embeddable":true,"href":"https:\/\/wpachem.com\/tr\/wp-json\/wp\/v2\/media\/6081"}],"wp:attachment":[{"href":"https:\/\/wpachem.com\/tr\/wp-json\/wp\/v2\/media?parent=6284"}],"wp:term":[{"taxonomy":"product_brand","embeddable":true,"href":"https:\/\/wpachem.com\/tr\/wp-json\/wp\/v2\/product_brand?post=6284"},{"taxonomy":"product_cat","embeddable":true,"href":"https:\/\/wpachem.com\/tr\/wp-json\/wp\/v2\/product_cat?post=6284"},{"taxonomy":"product_tag","embeddable":true,"href":"https:\/\/wpachem.com\/tr\/wp-json\/wp\/v2\/product_tag?post=6284"}],"curies":[{"name":"wp","href":"https:\/\/api.w.org\/{rel}","templated":true}]}}