{"id":6316,"date":"2024-02-19T02:43:39","date_gmt":"2024-02-19T02:43:39","guid":{"rendered":"https:\/\/wpachem.com\/?post_type=product&#038;p=6316"},"modified":"2024-02-19T02:43:39","modified_gmt":"2024-02-19T02:43:39","slug":"13-dihydroxyacetone-cas-96-26-4","status":"publish","type":"product","link":"https:\/\/wpachem.com\/tr\/urun\/13-dihydroxyacetone-cas-96-26-4\/","title":{"rendered":"1,3-Dihidroksiaseton CAS 96-26-4"},"content":{"rendered":"<p><strong>\u00d6zellik<\/strong><\/p>\n<p>DHA, genellikle pancar ve \u015feker kam\u0131\u015f\u0131 gibi bitki kaynaklar\u0131ndan elde edilen ve gliserol fermantasyonu ile elde edilen, tatl\u0131 bir tada sahip beyaz, toz halinde bir kristaldir. Cilt g\u00fcne\u015f kremi ve bronzla\u015ft\u0131r\u0131c\u0131 madde olarak kullan\u0131l\u0131r; Dilight aseton ayr\u0131ca domuz g\u00f6vdesinin ya\u011f\u0131n\u0131 azaltma etkisine sahiptir ve ya\u011fs\u0131z et oran\u0131n\u0131 iyile\u015ftirmek i\u00e7in yem katk\u0131 maddesi olarak kullan\u0131labilir.<\/p>\n<p><strong>Ba\u015fvuru:<\/strong><\/p>\n<ol>\n<li>Kozmetik end\u00fcstrisinde kullan\u0131lan dihidroksiaseton, \u00f6zellikle cilt neminin a\u015f\u0131r\u0131 buharla\u015fmas\u0131n\u0131 \u00f6nleyebilen ve nemlendirme, g\u00fcne\u015f kremi ve ultraviyole radyasyon korumas\u0131nda rol oynayan \u00f6zel efektli bir g\u00fcne\u015f kremi olarak kozmetikler i\u00e7in bir form\u00fcl hammaddesi olarak kullan\u0131l\u0131r. Ek olarak, DHA&#039;daki keton fonksiyonel grubu, cilt keratininin amino asidi ve amino grubu ile reaksiyona girerek kahverengi bir polimer olu\u015fturabilir, insanlar\u0131n cildinin yapay bir kahverengi \u00fcretmesini sa\u011flar, bu nedenle bronz cilt rengi i\u00e7in bir sim\u00fclasyon maddesi olarak da kullan\u0131labilir ve uzun s\u00fcre g\u00fcne\u015fe maruz kalan ayn\u0131 kahverengi veya bronz cilde benzer, \u00e7ok g\u00fczel g\u00f6r\u00fcnmesini sa\u011flar.<\/li>\n<li>Domuzlar\u0131n ya\u011fs\u0131z et oran\u0131n\u0131 art\u0131rmak.<\/li>\n<\/ol>","protected":false},"excerpt":{"rendered":"<p>\u00dcr\u00fcn ad\u0131: 1,3-Dihidroksiaseton<\/p>\n<p>CAS\uff1a 96-26-4<\/p>\n<p>MF\uff1aC3H6O3<\/p>\n<p>G\u00f6r\u00fcn\u00fcm: Beyaz, toz kristal<\/p>","protected":false},"featured_media":6317,"template":"","meta":{"_acf_changed":false,"_gspb_post_css":""},"product_brand":[],"product_cat":[60,128],"product_tag":[],"class_list":{"0":"post-6316","1":"product","2":"type-product","3":"status-publish","4":"has-post-thumbnail","6":"product_cat-cosmetic-ingredients","7":"product_cat-tanning-agent","9":"first","10":"instock","11":"shipping-taxable","12":"product-type-simple"},"acf":[],"_links":{"self":[{"href":"https:\/\/wpachem.com\/tr\/wp-json\/wp\/v2\/product\/6316","targetHints":{"allow":["GET"]}}],"collection":[{"href":"https:\/\/wpachem.com\/tr\/wp-json\/wp\/v2\/product"}],"about":[{"href":"https:\/\/wpachem.com\/tr\/wp-json\/wp\/v2\/types\/product"}],"version-history":[{"count":0,"href":"https:\/\/wpachem.com\/tr\/wp-json\/wp\/v2\/product\/6316\/revisions"}],"wp:featuredmedia":[{"embeddable":true,"href":"https:\/\/wpachem.com\/tr\/wp-json\/wp\/v2\/media\/6317"}],"wp:attachment":[{"href":"https:\/\/wpachem.com\/tr\/wp-json\/wp\/v2\/media?parent=6316"}],"wp:term":[{"taxonomy":"product_brand","embeddable":true,"href":"https:\/\/wpachem.com\/tr\/wp-json\/wp\/v2\/product_brand?post=6316"},{"taxonomy":"product_cat","embeddable":true,"href":"https:\/\/wpachem.com\/tr\/wp-json\/wp\/v2\/product_cat?post=6316"},{"taxonomy":"product_tag","embeddable":true,"href":"https:\/\/wpachem.com\/tr\/wp-json\/wp\/v2\/product_tag?post=6316"}],"curies":[{"name":"wp","href":"https:\/\/api.w.org\/{rel}","templated":true}]}}