{"id":6319,"date":"2024-02-19T02:48:01","date_gmt":"2024-02-19T02:48:01","guid":{"rendered":"https:\/\/wpachem.com\/?post_type=product&#038;p=6319"},"modified":"2024-02-19T02:48:02","modified_gmt":"2024-02-19T02:48:02","slug":"erythrulose-cas-40031-31-0","status":"publish","type":"product","link":"https:\/\/wpachem.com\/tr\/urun\/erythrulose-cas-40031-31-0\/","title":{"rendered":"Eritr\u00fcloz CAS 40031-31-0"},"content":{"rendered":"<p><strong>\u00d6zellik<\/strong><\/p>\n<p>Bir t\u00fcr melanindir, rengi kahverengidir ve cilt y\u00fczeyi protein peptit amino reaksiyonu kahverengi polimerizasyon \u00fcr\u00fcn\u00fc \u00fcretecektir, do\u011fal bir bronzla\u015ft\u0131r\u0131c\u0131 maddedir, kimyasal reaktiflerle kar\u015f\u0131la\u015ft\u0131r\u0131ld\u0131\u011f\u0131nda, eritriton bronzla\u015fmas\u0131 daha g\u00fcvenli ve kal\u0131c\u0131d\u0131r, daha ger\u00e7ek g\u00fczelliktir ve cildin nem tutulmas\u0131n\u0131 etkili bir \u015fekilde te\u015fvik eder, cildin nem kayb\u0131n\u0131 \u00f6nler.<\/p>","protected":false},"excerpt":{"rendered":"<p>\u00dcr\u00fcn ad\u0131: Eritr\u00fcloz<\/p>\n<p>CAS\uff1a40031-31-0<\/p>\n<p>MF\uff1aC4H8O4<\/p>\n<p>G\u00f6r\u00fcn\u00fcm: Bir t\u00fcr melanindir, rengi kahverengidir<\/p>","protected":false},"featured_media":4198,"template":"","meta":{"_acf_changed":false,"_gspb_post_css":""},"product_brand":[],"product_cat":[60,128],"product_tag":[],"class_list":{"0":"post-6319","1":"product","2":"type-product","3":"status-publish","4":"has-post-thumbnail","6":"product_cat-cosmetic-ingredients","7":"product_cat-tanning-agent","9":"first","10":"instock","11":"shipping-taxable","12":"product-type-simple"},"acf":[],"_links":{"self":[{"href":"https:\/\/wpachem.com\/tr\/wp-json\/wp\/v2\/product\/6319","targetHints":{"allow":["GET"]}}],"collection":[{"href":"https:\/\/wpachem.com\/tr\/wp-json\/wp\/v2\/product"}],"about":[{"href":"https:\/\/wpachem.com\/tr\/wp-json\/wp\/v2\/types\/product"}],"version-history":[{"count":0,"href":"https:\/\/wpachem.com\/tr\/wp-json\/wp\/v2\/product\/6319\/revisions"}],"wp:featuredmedia":[{"embeddable":true,"href":"https:\/\/wpachem.com\/tr\/wp-json\/wp\/v2\/media\/4198"}],"wp:attachment":[{"href":"https:\/\/wpachem.com\/tr\/wp-json\/wp\/v2\/media?parent=6319"}],"wp:term":[{"taxonomy":"product_brand","embeddable":true,"href":"https:\/\/wpachem.com\/tr\/wp-json\/wp\/v2\/product_brand?post=6319"},{"taxonomy":"product_cat","embeddable":true,"href":"https:\/\/wpachem.com\/tr\/wp-json\/wp\/v2\/product_cat?post=6319"},{"taxonomy":"product_tag","embeddable":true,"href":"https:\/\/wpachem.com\/tr\/wp-json\/wp\/v2\/product_tag?post=6319"}],"curies":[{"name":"wp","href":"https:\/\/api.w.org\/{rel}","templated":true}]}}