{"id":6321,"date":"2024-02-19T02:54:40","date_gmt":"2024-02-19T02:54:40","guid":{"rendered":"https:\/\/wpachem.com\/?post_type=product&#038;p=6321"},"modified":"2024-02-19T02:54:40","modified_gmt":"2024-02-19T02:54:40","slug":"kojic-acid-dipalmitate-cas-79725-98-7","status":"publish","type":"product","link":"https:\/\/wpachem.com\/tr\/urun\/kojic-acid-dipalmitate-cas-79725-98-7\/","title":{"rendered":"Kojik asit dipalmitat CAS 79725-98-7"},"content":{"rendered":"<p><strong>\u00d6zellik<\/strong><\/p>\n<p>Kojik asit dipalmitat, kojik asidin \u0131\u015f\u0131\u011fa, \u0131s\u0131ya ve metal iyonlar\u0131na kar\u015f\u0131 karars\u0131zl\u0131\u011f\u0131n\u0131 a\u015fan ve kojik asidin tirozinaz aktivitesini inhibe etme ve cilt melanin olu\u015fumunu engelleme etkisini koruyan modifiye edilmi\u015f bir kojik asit t\u00fcrevidir. Yeni nesil etkili bir beyazlat\u0131c\u0131 aktif maddedir. Ya\u011fda \u00e7\u00f6z\u00fcnen bir beyazlat\u0131c\u0131 aktif madde olan kojik asit dipalmitat, daha kolay form\u00fclasyona ek olarak, cilde iyi bir nemlendirici etki getirirken cilt taraf\u0131ndan daha etkili bir \u015fekilde emilebilir.<\/p>\n<p><strong>Ba\u015fvuru:<\/strong><\/p>\n<ol>\n<li>Kozmetik beyazlatma katk\u0131 maddesi olarak kullan\u0131l\u0131r<\/li>\n<\/ol>","protected":false},"excerpt":{"rendered":"<p>\u00dcr\u00fcn ad\u0131:Kojik asit dipalmitat CAS 79725-98-7<\/p>\n<p>CAS\uff1a79725-98-7<\/p>\n<p>MF\uff1aC38H66O6<\/p>\n<p>G\u00f6r\u00fcn\u00fcm: Beyaz veya neredeyse beyaz kristal toz<\/p>","protected":false},"featured_media":6317,"template":"","meta":{"_acf_changed":false,"_gspb_post_css":""},"product_brand":[],"product_cat":[60,129],"product_tag":[],"class_list":{"0":"post-6321","1":"product","2":"type-product","3":"status-publish","4":"has-post-thumbnail","6":"product_cat-cosmetic-ingredients","7":"product_cat-whitening-agent","9":"first","10":"instock","11":"shipping-taxable","12":"product-type-simple"},"acf":[],"_links":{"self":[{"href":"https:\/\/wpachem.com\/tr\/wp-json\/wp\/v2\/product\/6321","targetHints":{"allow":["GET"]}}],"collection":[{"href":"https:\/\/wpachem.com\/tr\/wp-json\/wp\/v2\/product"}],"about":[{"href":"https:\/\/wpachem.com\/tr\/wp-json\/wp\/v2\/types\/product"}],"version-history":[{"count":0,"href":"https:\/\/wpachem.com\/tr\/wp-json\/wp\/v2\/product\/6321\/revisions"}],"wp:featuredmedia":[{"embeddable":true,"href":"https:\/\/wpachem.com\/tr\/wp-json\/wp\/v2\/media\/6317"}],"wp:attachment":[{"href":"https:\/\/wpachem.com\/tr\/wp-json\/wp\/v2\/media?parent=6321"}],"wp:term":[{"taxonomy":"product_brand","embeddable":true,"href":"https:\/\/wpachem.com\/tr\/wp-json\/wp\/v2\/product_brand?post=6321"},{"taxonomy":"product_cat","embeddable":true,"href":"https:\/\/wpachem.com\/tr\/wp-json\/wp\/v2\/product_cat?post=6321"},{"taxonomy":"product_tag","embeddable":true,"href":"https:\/\/wpachem.com\/tr\/wp-json\/wp\/v2\/product_tag?post=6321"}],"curies":[{"name":"wp","href":"https:\/\/api.w.org\/{rel}","templated":true}]}}