{"id":6324,"date":"2024-02-19T03:15:07","date_gmt":"2024-02-19T03:15:07","guid":{"rendered":"https:\/\/wpachem.com\/?post_type=product&#038;p=6324"},"modified":"2024-02-19T03:15:07","modified_gmt":"2024-02-19T03:15:07","slug":"vitamin-c-ethyl-ether-cas-86404-04-8","status":"publish","type":"product","link":"https:\/\/wpachem.com\/tr\/urun\/vitamin-c-ethyl-ether-cas-86404-04-8\/","title":{"rendered":"C vitamini etil eter CAS 86404-04-8"},"content":{"rendered":"<p><strong>\u00d6zellik<\/strong><\/p>\n<p>Tirozinaz aktivitesini inhibe eder, melanin olu\u015fumunu engeller, melanini renksiz hale getirir, b\u00f6ylece cildi etkili bir \u015fekilde beyazlat\u0131r.<\/p>\n<p><strong>Ba\u015fvuru:<\/strong><\/p>\n<ol>\n<li>Cu2+ \u00fczerine etki ederek tirozinaz aktivitesini inhibe eder ve melanin olu\u015fumunu engeller;<\/li>\n<li>\u00a0\u00c7ok etkili beyazlatma ve \u00e7il giderme (eklendi\u011finde 2%);<\/li>\n<li>\u00a0Fotokimyasallar\u0131n neden oldu\u011fu iltihaplanmaya kar\u015f\u0131 diren\u00e7 g\u00f6sterir, g\u00fc\u00e7l\u00fc bir antibakteriyel ve antiinflamatuar etkiye sahiptir;<\/li>\n<li>Donuk cildi iyile\u015ftirir ve cilde esneklik kazand\u0131r\u0131r;<\/li>\n<li>Cilt h\u00fccrelerinin aktivitesini onar\u0131r ve kolajen \u00fcretimini te\u015fvik eder.<\/li>\n<\/ol>","protected":false},"excerpt":{"rendered":"<p>\u00dcr\u00fcn ad\u0131:Vitamin C etil eter<\/p>\n<p>CAS\uff1a86404-04-8<\/p>\n<p>MF\uff1aC8H12O6<\/p>\n<p>G\u00f6r\u00fcn\u00fcm: Beyaz ila neredeyse beyaz kat\u0131<\/p>","protected":false},"featured_media":5179,"template":"","meta":{"_acf_changed":false,"_gspb_post_css":""},"product_brand":[],"product_cat":[129,60],"product_tag":[],"class_list":{"0":"post-6324","1":"product","2":"type-product","3":"status-publish","4":"has-post-thumbnail","6":"product_cat-whitening-agent","7":"product_cat-cosmetic-ingredients","9":"first","10":"instock","11":"shipping-taxable","12":"product-type-simple"},"acf":[],"_links":{"self":[{"href":"https:\/\/wpachem.com\/tr\/wp-json\/wp\/v2\/product\/6324","targetHints":{"allow":["GET"]}}],"collection":[{"href":"https:\/\/wpachem.com\/tr\/wp-json\/wp\/v2\/product"}],"about":[{"href":"https:\/\/wpachem.com\/tr\/wp-json\/wp\/v2\/types\/product"}],"version-history":[{"count":0,"href":"https:\/\/wpachem.com\/tr\/wp-json\/wp\/v2\/product\/6324\/revisions"}],"wp:featuredmedia":[{"embeddable":true,"href":"https:\/\/wpachem.com\/tr\/wp-json\/wp\/v2\/media\/5179"}],"wp:attachment":[{"href":"https:\/\/wpachem.com\/tr\/wp-json\/wp\/v2\/media?parent=6324"}],"wp:term":[{"taxonomy":"product_brand","embeddable":true,"href":"https:\/\/wpachem.com\/tr\/wp-json\/wp\/v2\/product_brand?post=6324"},{"taxonomy":"product_cat","embeddable":true,"href":"https:\/\/wpachem.com\/tr\/wp-json\/wp\/v2\/product_cat?post=6324"},{"taxonomy":"product_tag","embeddable":true,"href":"https:\/\/wpachem.com\/tr\/wp-json\/wp\/v2\/product_tag?post=6324"}],"curies":[{"name":"wp","href":"https:\/\/api.w.org\/{rel}","templated":true}]}}