{"id":6329,"date":"2024-02-19T03:28:08","date_gmt":"2024-02-19T03:28:08","guid":{"rendered":"https:\/\/wpachem.com\/?post_type=product&#038;p=6329"},"modified":"2024-02-19T03:39:06","modified_gmt":"2024-02-19T03:39:06","slug":"trimethylglycine-cas-107-43-7","status":"publish","type":"product","link":"https:\/\/wpachem.com\/tr\/urun\/trimethylglycine-cas-107-43-7\/","title":{"rendered":"Trimetilglisin CAS 107-43-7"},"content":{"rendered":"<p><strong>\u00d6zellik<\/strong><\/p>\n<p>\u00dcst\u00fcn tek nemlendirme performans\u0131, \u00f6zellikle p\u00fcr\u00fczs\u00fcz hissettirir<\/p>\n<p><strong>Ba\u015fvuru:<\/strong><\/p>\n<ol>\n<li>Bu bir kuaterner amonyum alkaloididir. Trimetilglisin, g\u0131da, ila\u00e7, g\u00fcnl\u00fck kimyasal, bask\u0131 ve boyama, kimyasal ve di\u011fer alanlarda yayg\u0131n olarak kullan\u0131labilen yeni bir ince kimyasald\u0131r. Trimetilglisin, etkili ve y\u00fcksek kaliteli bir besin katk\u0131 maddesidir. Farmas\u00f6tik s\u0131n\u0131f Trimetilglisin, farmas\u00f6tik, kozmetik, g\u0131da, meyve suyu end\u00fcstrisinin yan\u0131 s\u0131ra di\u015f\u00e7ilik malzemelerinde kullan\u0131labilir, betaine&#039;e ek olarak fermantasyon end\u00fcstrisinde de kullan\u0131labilir.<\/li>\n<li>Yem s\u0131n\u0131f\u0131 Trimetilglisin, yem katk\u0131 maddesi olarak kullan\u0131labilir, do\u011fal ve etkili bir metil don\u00f6r\u00fcd\u00fcr, metiyonin ve kolin klor\u00fcr\u00fcn k\u0131smen yerini alabilir, yem maliyetini azaltabilir, domuz s\u0131rt ya\u011f\u0131n\u0131 azaltabilir, ya\u011fs\u0131z et oran\u0131n\u0131 ve karkas kalitesini iyile\u015ftirebilir.<\/li>\n<li>Kan lipitlerini azalt\u0131r, ya\u011fl\u0131 karaci\u011feri \u00f6nler; ya\u015flanma kar\u015f\u0131t\u0131d\u0131r<\/li>\n<li>Hayvan b\u00fcy\u00fcmesini desteklemek ve hastal\u0131k direncini art\u0131rmak i\u00e7in yem katk\u0131 maddesi olarak kullan\u0131l\u0131r<\/li>\n<\/ol>","protected":false},"excerpt":{"rendered":"<p>\u00dcr\u00fcn ad\u0131: Trimetilglisin<\/p>\n<p>CAS\uff1a107-43-7<\/p>\n<p>MF\uff1aC5H11NO2<\/p>\n<p>G\u00f6r\u00fcn\u00fcm: renksiz kristaller veya kristal tozlar<\/p>","protected":false},"featured_media":5171,"template":"","meta":{"_acf_changed":false,"_gspb_post_css":""},"product_brand":[],"product_cat":[132,60],"product_tag":[],"class_list":{"0":"post-6329","1":"product","2":"type-product","3":"status-publish","4":"has-post-thumbnail","6":"product_cat-moisturizing","7":"product_cat-cosmetic-ingredients","9":"first","10":"instock","11":"shipping-taxable","12":"product-type-simple"},"acf":[],"_links":{"self":[{"href":"https:\/\/wpachem.com\/tr\/wp-json\/wp\/v2\/product\/6329","targetHints":{"allow":["GET"]}}],"collection":[{"href":"https:\/\/wpachem.com\/tr\/wp-json\/wp\/v2\/product"}],"about":[{"href":"https:\/\/wpachem.com\/tr\/wp-json\/wp\/v2\/types\/product"}],"version-history":[{"count":0,"href":"https:\/\/wpachem.com\/tr\/wp-json\/wp\/v2\/product\/6329\/revisions"}],"wp:featuredmedia":[{"embeddable":true,"href":"https:\/\/wpachem.com\/tr\/wp-json\/wp\/v2\/media\/5171"}],"wp:attachment":[{"href":"https:\/\/wpachem.com\/tr\/wp-json\/wp\/v2\/media?parent=6329"}],"wp:term":[{"taxonomy":"product_brand","embeddable":true,"href":"https:\/\/wpachem.com\/tr\/wp-json\/wp\/v2\/product_brand?post=6329"},{"taxonomy":"product_cat","embeddable":true,"href":"https:\/\/wpachem.com\/tr\/wp-json\/wp\/v2\/product_cat?post=6329"},{"taxonomy":"product_tag","embeddable":true,"href":"https:\/\/wpachem.com\/tr\/wp-json\/wp\/v2\/product_tag?post=6329"}],"curies":[{"name":"wp","href":"https:\/\/api.w.org\/{rel}","templated":true}]}}