{"id":6338,"date":"2024-02-19T05:33:42","date_gmt":"2024-02-19T05:33:42","guid":{"rendered":"https:\/\/wpachem.com\/?post_type=product&#038;p=6338"},"modified":"2024-02-19T05:33:42","modified_gmt":"2024-02-19T05:33:42","slug":"13-butanediol-cas-107-88-0","status":"publish","type":"product","link":"https:\/\/wpachem.com\/tr\/urun\/13-butanediol-cas-107-88-0\/","title":{"rendered":"1,3-B\u00fctandiol CAS 107-88-0"},"content":{"rendered":"<p><strong>\u00d6zellik<\/strong><\/p>\n<p>Nemlendirici etkisi g\u00fc\u00e7l\u00fc, anti-alerjik, t\u00fcm cilt bak\u0131m \u00fcr\u00fcnleriyle kullan\u0131ma uygundur.<\/p>\n<p><strong>Ba\u015fvuru:<\/strong><\/p>\n<ol>\n<li>Polyester re\u00e7inesi ve alkid re\u00e7inesinin hammaddesi olarak 1,3-b\u00fctandiol veya etilen glikol kar\u0131\u015f\u0131m\u0131ndan olu\u015fan doymam\u0131\u015f polyester, iyi su direncine, yumu\u015fakl\u0131\u011fa ve darbe direncine sahiptir.<\/li>\n<li>1,3-b\u00fctandiol ve dibazik asitten (adipik asit) \u00fcretilen, d\u00fc\u015f\u00fck u\u00e7uculuk, g\u00f6\u00e7 direnci, sabunlu su direnci, solvent direnci ve ya\u011f direncine sahip polyester plastikle\u015ftirici.<\/li>\n<li>Poli\u00fcretan kaplaman\u0131n hammaddesi olarak doymu\u015f polyester poli\u00fcretan kaplaman\u0131n hammaddesi olarak kullan\u0131ld\u0131\u011f\u0131nda, elde edilen \u00fcr\u00fcn kaplanmam\u0131\u015f boyada iyi su direnci elde edebilir ve etkisi di\u011fer diollerden daha iyidir.<\/li>\n<li>Islat\u0131c\u0131 ve yumu\u015fat\u0131c\u0131 olarak kullan\u0131lan 1, 3-b\u00fctandiol, m\u00fckemmel nemlendirme \u00f6zelliklerine ve d\u00fc\u015f\u00fck toksisiteye sahiptir. Ester haline getirildikten sonra sigara, sel\u00fcloit, Vinylon film, ka\u011f\u0131t ve elyaf i\u00e7in \u0131slat\u0131c\u0131 ve yumu\u015fat\u0131c\u0131 olarak kullan\u0131labilir.<\/li>\n<li>\u0130nce kimyasal olarak kullan\u0131lan \u00e7\u00f6z\u00fcc\u00fcler tonik, krem, macun ve di\u015f macunlar\u0131n\u0131n form\u00fclasyonunda kullan\u0131labilir. 1,3-b\u00fctandiol ayr\u0131ca t\u0131pta ve boyalarda ara madde olarak kullan\u0131l\u0131r.<\/li>\n<\/ol>","protected":false},"excerpt":{"rendered":"<p>\u00dcr\u00fcn ad\u0131: 1,3-Butandiol<\/p>\n<p>CAS\uff1a107-88-0<\/p>\n<p>MF\uff1aC4H10O2<\/p>\n<p>G\u00f6r\u00fcn\u00fcm: \u015eeffaf renksiz ila sar\u0131 s\u0131v\u0131<\/p>","protected":false},"featured_media":4766,"template":"","meta":{"_acf_changed":false,"_gspb_post_css":""},"product_brand":[],"product_cat":[60,132],"product_tag":[],"class_list":{"0":"post-6338","1":"product","2":"type-product","3":"status-publish","4":"has-post-thumbnail","6":"product_cat-cosmetic-ingredients","7":"product_cat-moisturizing","9":"first","10":"instock","11":"shipping-taxable","12":"product-type-simple"},"acf":[],"_links":{"self":[{"href":"https:\/\/wpachem.com\/tr\/wp-json\/wp\/v2\/product\/6338","targetHints":{"allow":["GET"]}}],"collection":[{"href":"https:\/\/wpachem.com\/tr\/wp-json\/wp\/v2\/product"}],"about":[{"href":"https:\/\/wpachem.com\/tr\/wp-json\/wp\/v2\/types\/product"}],"version-history":[{"count":0,"href":"https:\/\/wpachem.com\/tr\/wp-json\/wp\/v2\/product\/6338\/revisions"}],"wp:featuredmedia":[{"embeddable":true,"href":"https:\/\/wpachem.com\/tr\/wp-json\/wp\/v2\/media\/4766"}],"wp:attachment":[{"href":"https:\/\/wpachem.com\/tr\/wp-json\/wp\/v2\/media?parent=6338"}],"wp:term":[{"taxonomy":"product_brand","embeddable":true,"href":"https:\/\/wpachem.com\/tr\/wp-json\/wp\/v2\/product_brand?post=6338"},{"taxonomy":"product_cat","embeddable":true,"href":"https:\/\/wpachem.com\/tr\/wp-json\/wp\/v2\/product_cat?post=6338"},{"taxonomy":"product_tag","embeddable":true,"href":"https:\/\/wpachem.com\/tr\/wp-json\/wp\/v2\/product_tag?post=6338"}],"curies":[{"name":"wp","href":"https:\/\/api.w.org\/{rel}","templated":true}]}}