{"id":6340,"date":"2024-02-19T05:53:21","date_gmt":"2024-02-19T05:53:21","guid":{"rendered":"https:\/\/wpachem.com\/?post_type=product&#038;p=6340"},"modified":"2024-02-19T05:53:21","modified_gmt":"2024-02-19T05:53:21","slug":"jojoba-oil-cas-61789-91-1","status":"publish","type":"product","link":"https:\/\/wpachem.com\/tr\/urun\/jojoba-oil-cas-61789-91-1\/","title":{"rendered":"JOJOBA YA\u011eI CAS 61789-91-1"},"content":{"rendered":"<p><strong>\u00d6zellik<\/strong><\/p>\n<p>Jojobaoil, cildi nemlendiren, s\u0131k\u0131la\u015ft\u0131ran, ya\u011flar\u0131 yumu\u015fatan ve iltihab\u0131 azaltan yerel Meksika bitkisi Jojoba&#039;n\u0131n \u00f6z\u00fct\u00fcd\u00fcr. Jojoba ya\u011f\u0131 ya\u011f de\u011fil, d\u00fc\u015f\u00fck s\u0131cakl\u0131klarda kat\u0131la\u015fan s\u0131v\u0131 bir mumdur. Kesin olarak konu\u015fursak, Jojoba ya\u011f\u0131 asl\u0131nda bir ya\u011f de\u011fil, s\u0131v\u0131 bir mumdur, bu nedenle d\u00fc\u015f\u00fck s\u0131cakl\u0131klarda kat\u0131la\u015f\u0131r. Jojoba ya\u011f\u0131 en ge\u00e7irgen baz ya\u011fd\u0131r, cilt taraf\u0131ndan kolayca emilir, ferahlat\u0131c\u0131 ve nemlendiricidir, ya\u011fl\u0131 de\u011fildir, cildin pH dengesini geri kazand\u0131rabilir, k\u0131r\u0131\u015f\u0131kl\u0131klar\u0131 giderebilir, ya\u011fl\u0131 cildi etkili bir \u015fekilde iyile\u015ftirebilir, ya\u011f bezi salg\u0131lama i\u015flevini d\u00fczenleyebilir, g\u00f6zenekleri k\u00fc\u00e7\u00fcltebilir ve ayr\u0131ca en iyi cilt nemlendirici ya\u011fd\u0131r<\/p>\n<p><strong>Ba\u015fvuru:<\/strong><\/p>\n<ol>\n<li>Jojoba ya\u011f\u0131 cildi nemlendirir ve suyu hapseder: Ciltte su d\u00fczenleyici etkiye sahiptir ve cilt taraf\u0131ndan kolayca emilir, bu da cildin su bariyerini g\u00fc\u00e7lendirebilir.<\/li>\n<li>\u00c7izgileri azalt\u0131r: D vitamini ve protein a\u00e7\u0131s\u0131ndan zengindir, iyi bir nemlendirici ve nemlendirici ya\u011fd\u0131r. Cildin elastikiyetini etkili bir \u015fekilde art\u0131rabilir ve kuru ve ince \u00e7izgilerin \u00fcretimini azaltabilir. Ayr\u0131ca olu\u015fmu\u015f k\u0131r\u0131\u015f\u0131kl\u0131klar \u00fczerinde iyi bir azaltma etkisine sahiptir.<\/li>\n<li>P\u00fcr\u00fczs\u00fcz g\u00f6zenekler: cilt ya\u011f salg\u0131s\u0131n\u0131 d\u00fczenler, g\u00f6zenekleri temizlemeye yard\u0131mc\u0131 olur, cilt t\u0131kan\u0131kl\u0131\u011f\u0131n\u0131 \u00f6nler. Ya\u011fl\u0131 veya karma ciltlerin ya\u011f salg\u0131s\u0131n\u0131 d\u00fczenleyebilir, her cilt tipi i\u00e7in uygundur. Jojoba ya\u011f\u0131n\u0131n m\u00fckemmel bak\u0131m sonu\u00e7lar\u0131 cilde yeterli nemi getirecek, cilt taraf\u0131ndan \u00fcretilen ya\u011f tabakas\u0131n\u0131 dengeleyecek ve cilt tekrar yumu\u015fak ve parlak g\u00f6r\u00fcnecektir. Bir s\u00fcre kullanmaya devam edin ve hassas kuruluk art\u0131k giderilebilir.<\/li>\n<\/ol>\n<p>Baz ya\u011f olarak, t\u00fcm cilt tipleri i\u00e7in \u00e7e\u015fitli basit u\u00e7ucu ya\u011flarla e\u015fle\u015ftirilebilen \u00e7ok y\u00f6nl\u00fc bir cilt dostu ya\u011fd\u0131r.<\/p>","protected":false},"excerpt":{"rendered":"<p>\u00dcr\u00fcn ad\u0131: JOJOBA YA\u011eI<\/p>\n<p>CAS\uff1a61789-91-1<\/p>\n<p>G\u00f6r\u00fcn\u00fcm: S\u0131v\u0131 mum formu<\/p>","protected":false},"featured_media":5860,"template":"","meta":{"_acf_changed":false,"_gspb_post_css":""},"product_brand":[],"product_cat":[60,132],"product_tag":[],"class_list":{"0":"post-6340","1":"product","2":"type-product","3":"status-publish","4":"has-post-thumbnail","6":"product_cat-cosmetic-ingredients","7":"product_cat-moisturizing","9":"first","10":"instock","11":"shipping-taxable","12":"product-type-simple"},"acf":[],"_links":{"self":[{"href":"https:\/\/wpachem.com\/tr\/wp-json\/wp\/v2\/product\/6340","targetHints":{"allow":["GET"]}}],"collection":[{"href":"https:\/\/wpachem.com\/tr\/wp-json\/wp\/v2\/product"}],"about":[{"href":"https:\/\/wpachem.com\/tr\/wp-json\/wp\/v2\/types\/product"}],"version-history":[{"count":0,"href":"https:\/\/wpachem.com\/tr\/wp-json\/wp\/v2\/product\/6340\/revisions"}],"wp:featuredmedia":[{"embeddable":true,"href":"https:\/\/wpachem.com\/tr\/wp-json\/wp\/v2\/media\/5860"}],"wp:attachment":[{"href":"https:\/\/wpachem.com\/tr\/wp-json\/wp\/v2\/media?parent=6340"}],"wp:term":[{"taxonomy":"product_brand","embeddable":true,"href":"https:\/\/wpachem.com\/tr\/wp-json\/wp\/v2\/product_brand?post=6340"},{"taxonomy":"product_cat","embeddable":true,"href":"https:\/\/wpachem.com\/tr\/wp-json\/wp\/v2\/product_cat?post=6340"},{"taxonomy":"product_tag","embeddable":true,"href":"https:\/\/wpachem.com\/tr\/wp-json\/wp\/v2\/product_tag?post=6340"}],"curies":[{"name":"wp","href":"https:\/\/api.w.org\/{rel}","templated":true}]}}