{"id":6343,"date":"2024-02-19T09:27:02","date_gmt":"2024-02-19T09:27:02","guid":{"rendered":"https:\/\/wpachem.com\/?post_type=product&#038;p=6343"},"modified":"2024-02-19T09:27:47","modified_gmt":"2024-02-19T09:27:47","slug":"peg-400-cas-25322-68-3","status":"publish","type":"product","link":"https:\/\/wpachem.com\/tr\/urun\/peg-400-cas-25322-68-3\/","title":{"rendered":"PEG 400 CAS 25322-68-3"},"content":{"rendered":"<p><strong>\u00d6zellik<\/strong><\/p>\n<p>Renksiz viskoz s\u0131v\u0131 veya beyaz kat\u0131. D\u00fc\u015f\u00fck toksisite! Suda ve bir\u00e7ok organik \u00e7\u00f6z\u00fcc\u00fcde \u00e7\u00f6z\u00fcn\u00fcr, aromatik hidrokarbonlarda kolayca \u00e7\u00f6z\u00fcn\u00fcr, alifatik hidrokarbonlarda az \u00e7\u00f6z\u00fcn\u00fcr.<\/p>\n<p><strong>Ba\u015fvuru:<\/strong><\/p>\n<p>Polietilen glikol ve polietilen glikol ya\u011f asidi esteri kozmetik sanayinde ve ila\u00e7 sanayinde yayg\u0131n olarak kullan\u0131lmaktad\u0131r.<\/p>\n<ol>\n<li>D\u00fc\u015f\u00fck molek\u00fcl a\u011f\u0131rl\u0131\u011f\u0131na sahip polietilen glikol (Mr&lt;2000), nemlendirici ve k\u0131vam d\u00fczenleyici olarak, kremler, losyonlar, di\u015f macunlar\u0131 ve t\u0131ra\u015f kremleri vb. i\u00e7in ve y\u0131kanmam\u0131\u015f sa\u00e7 bak\u0131m \u00fcr\u00fcnlerinde sa\u00e7a lifli bir parlakl\u0131k kazand\u0131rmak i\u00e7in kullan\u0131lmaya uygundur.<br \/>\nY\u00fcksek molek\u00fcl a\u011f\u0131rl\u0131\u011f\u0131na sahip polietilen glikol (Mr&gt;2000) ruj, deodorant stick, sabun, t\u0131ra\u015f sabunu, fond\u00f6ten ve g\u00fczellik kozmetiklerinde kullan\u0131ma uygundur.<\/li>\n<li>Temizlik maddelerinde polietilen glikol ayr\u0131ca s\u00fcspansiyon maddesi ve koyula\u015ft\u0131r\u0131c\u0131 olarak da kullan\u0131l\u0131r.<\/li>\n<li>\u0130la\u00e7 end\u00fcstrisinde merhemler, em\u00fclsiyonlar, merhemler, losyonlar ve fitiller i\u00e7in bir baz olarak kullan\u0131l\u0131r. G\u0131da ve ila\u00e7 kullan\u0131m\u0131 i\u00e7in ticari olarak bulunan PolietilenGlikolNF (\u00f6rne\u011fin, PolietilenGlikolNF, DowchemicalCo.) kozmetikler i\u00e7in daha uygundur.<\/li>\n<li>Polietilen glikol, enjekte edilebilir, topikal, ok\u00fcler, oral ve rektal preparatlar gibi \u00e7e\u015fitli farmas\u00f6tik preparatlarda yayg\u0131n olarak kullan\u0131l\u0131r. Kat\u0131 s\u0131n\u0131f polietilen glikol, lokal merhem i\u00e7in viskoziteyi ayarlamak \u00fczere s\u0131v\u0131 polietilen glikole eklenebilir; Polietilen glikol kar\u0131\u015f\u0131m\u0131 fitil substrat\u0131 olarak kullan\u0131labilir. Polietilen glikol\u00fcn sulu \u00e7\u00f6zeltisi, s\u00fcspansiyon yard\u0131mc\u0131s\u0131 olarak veya di\u011fer s\u00fcspansiyon ortamlar\u0131n\u0131n viskozitesini ayarlamak i\u00e7in kullan\u0131labilir. Polietilen glikol ve di\u011fer em\u00fclgat\u00f6rlerin kombinasyonu, em\u00fclsiyonun stabilitesini art\u0131r\u0131r.<\/li>\n<\/ol>\n<p>Ayr\u0131ca polietilen glikol film kaplama maddesi, tablet ya\u011flay\u0131c\u0131, kontroll\u00fc sal\u0131m malzemesi vb. olarak da kullan\u0131lmaktad\u0131r.<\/p>","protected":false},"excerpt":{"rendered":"<p>\u00dcr\u00fcn ad\u0131: PEG 400<\/p>\n<p>CAS\uff1a25322-68-3<\/p>\n<p>G\u00f6r\u00fcn\u00fcm: Renksiz viskoz s\u0131v\u0131 veya beyaz kat\u0131<\/p>","protected":false},"featured_media":5825,"template":"","meta":{"_acf_changed":false,"_gspb_post_css":""},"product_brand":[],"product_cat":[132,60],"product_tag":[],"class_list":{"0":"post-6343","1":"product","2":"type-product","3":"status-publish","4":"has-post-thumbnail","6":"product_cat-moisturizing","7":"product_cat-cosmetic-ingredients","9":"first","10":"instock","11":"shipping-taxable","12":"product-type-simple"},"acf":[],"_links":{"self":[{"href":"https:\/\/wpachem.com\/tr\/wp-json\/wp\/v2\/product\/6343","targetHints":{"allow":["GET"]}}],"collection":[{"href":"https:\/\/wpachem.com\/tr\/wp-json\/wp\/v2\/product"}],"about":[{"href":"https:\/\/wpachem.com\/tr\/wp-json\/wp\/v2\/types\/product"}],"version-history":[{"count":0,"href":"https:\/\/wpachem.com\/tr\/wp-json\/wp\/v2\/product\/6343\/revisions"}],"wp:featuredmedia":[{"embeddable":true,"href":"https:\/\/wpachem.com\/tr\/wp-json\/wp\/v2\/media\/5825"}],"wp:attachment":[{"href":"https:\/\/wpachem.com\/tr\/wp-json\/wp\/v2\/media?parent=6343"}],"wp:term":[{"taxonomy":"product_brand","embeddable":true,"href":"https:\/\/wpachem.com\/tr\/wp-json\/wp\/v2\/product_brand?post=6343"},{"taxonomy":"product_cat","embeddable":true,"href":"https:\/\/wpachem.com\/tr\/wp-json\/wp\/v2\/product_cat?post=6343"},{"taxonomy":"product_tag","embeddable":true,"href":"https:\/\/wpachem.com\/tr\/wp-json\/wp\/v2\/product_tag?post=6343"}],"curies":[{"name":"wp","href":"https:\/\/api.w.org\/{rel}","templated":true}]}}