{"id":6344,"date":"2024-02-19T08:10:58","date_gmt":"2024-02-19T08:10:58","guid":{"rendered":"https:\/\/wpachem.com\/?post_type=product&#038;p=6344"},"modified":"2024-04-26T05:37:37","modified_gmt":"2024-04-26T05:37:37","slug":"calcium-lactate-cas-814-80-2-2","status":"publish","type":"product","link":"https:\/\/wpachem.com\/tr\/urun\/calcium-lactate-cas-814-80-2-2\/","title":{"rendered":"Kalsiyum laktat CAS 814-80-2"},"content":{"rendered":"<p><strong>\u00d6zellik<\/strong><\/p>\n<p>Beyaz toz<\/p>\n<p><strong>Ba\u015fvuru:<\/strong><\/p>\n<p>Koruyucu ve pH ayarlay\u0131c\u0131 olarak kullan\u0131l\u0131r ve genellikle raf \u00f6mr\u00fcn\u00fc ve stabilitesini art\u0131rmak i\u00e7in yiyecek ve i\u00e7eceklere eklenir.<br \/>\nAyr\u0131ca laktik anhidritin kalsiyum tuzlar\u0131n\u0131n haz\u0131rlanmas\u0131nda da kullan\u0131labilir ve bu tuzlar kalsiyum takviyesi olarak g\u0131dalara kat\u0131labilir.<br \/>\nAyr\u0131ca kozmetik ve ki\u015fisel bak\u0131m \u00fcr\u00fcnlerinde nemlendirici ve antiseptik etki sa\u011flamak amac\u0131yla bir bile\u015fen olarak kullan\u0131l\u0131r.<\/p>","protected":false},"excerpt":{"rendered":"<p>\u00dcr\u00fcn ad\u0131: Kalsiyum laktat<\/p>\n<p>CAS NUMARASI: 814-80-2<\/p>\n<p>MF: C3H8CaO3<\/p>\n<p>G\u00f6r\u00fcn\u00fcm: Beyaz toz<\/p>","protected":false},"featured_media":5179,"template":"","meta":{"_acf_changed":false,"_gspb_post_css":""},"product_brand":[],"product_cat":[69,132,135,55,57,59,60],"product_tag":[],"class_list":{"0":"post-6344","1":"product","2":"type-product","3":"status-publish","4":"has-post-thumbnail","6":"product_cat-more","7":"product_cat-moisturizing","8":"product_cat-preservative-cosmetic-ingredients","9":"product_cat-food-additives","10":"product_cat-preservative","11":"product_cat-acidity-regulators","12":"product_cat-cosmetic-ingredients","14":"first","15":"instock","16":"shipping-taxable","17":"product-type-simple"},"acf":[],"_links":{"self":[{"href":"https:\/\/wpachem.com\/tr\/wp-json\/wp\/v2\/product\/6344","targetHints":{"allow":["GET"]}}],"collection":[{"href":"https:\/\/wpachem.com\/tr\/wp-json\/wp\/v2\/product"}],"about":[{"href":"https:\/\/wpachem.com\/tr\/wp-json\/wp\/v2\/types\/product"}],"version-history":[{"count":0,"href":"https:\/\/wpachem.com\/tr\/wp-json\/wp\/v2\/product\/6344\/revisions"}],"wp:featuredmedia":[{"embeddable":true,"href":"https:\/\/wpachem.com\/tr\/wp-json\/wp\/v2\/media\/5179"}],"wp:attachment":[{"href":"https:\/\/wpachem.com\/tr\/wp-json\/wp\/v2\/media?parent=6344"}],"wp:term":[{"taxonomy":"product_brand","embeddable":true,"href":"https:\/\/wpachem.com\/tr\/wp-json\/wp\/v2\/product_brand?post=6344"},{"taxonomy":"product_cat","embeddable":true,"href":"https:\/\/wpachem.com\/tr\/wp-json\/wp\/v2\/product_cat?post=6344"},{"taxonomy":"product_tag","embeddable":true,"href":"https:\/\/wpachem.com\/tr\/wp-json\/wp\/v2\/product_tag?post=6344"}],"curies":[{"name":"wp","href":"https:\/\/api.w.org\/{rel}","templated":true}]}}