{"id":6490,"date":"2024-02-21T03:56:32","date_gmt":"2024-02-21T03:56:32","guid":{"rendered":"https:\/\/wpachem.com\/?post_type=product&#038;p=6490"},"modified":"2024-02-21T05:13:47","modified_gmt":"2024-02-21T05:13:47","slug":"pdmtd-cas-79509-46-9-poly134-thiadiazole-25-diyldithio","status":"publish","type":"product","link":"https:\/\/wpachem.com\/tr\/urun\/pdmtd-cas-79509-46-9-poly134-thiadiazole-25-diyldithio\/","title":{"rendered":"PDMTD CAS 79509-46-9 Poli(1,3,4-tiadiazole-2,5-diyldithio)"},"content":{"rendered":"<p><strong>\u00d6zellik<\/strong><\/p>\n<p>Beyaz veya a\u00e7\u0131k sar\u0131 kristal<\/p>\n<p><strong>Ba\u015fvuru:<\/strong><\/p>\n<p>Bu \u00fcr\u00fcn do\u011fal kau\u00e7uk ve sentetik kau\u00e7uk i\u00e7in vulkanize edici madde ve h\u0131zland\u0131r\u0131c\u0131 olarak kullan\u0131labilir. Bu \u00fcr\u00fcn kau\u00e7uk malzemenin donmas\u0131na, kirlenmesine, renk bozulmas\u0131na ve kolay da\u011f\u0131lmas\u0131na neden olmaz. Etkili ve yar\u0131 etkili vulkanizasyon sistemlerinde kullan\u0131ld\u0131\u011f\u0131nda elde edilen vulkanize kau\u00e7uk iyi \u0131s\u0131 direncine ve ya\u015flanma direncine sahiptir. Vulkanizasyon s\u0131cakl\u0131\u011f\u0131nda aktif k\u00fck\u00fcrt salabilir. Etkili k\u00fck\u00fcrt i\u00e7eri\u011fi 27%&#039;dir. Kullan\u0131m\u0131 g\u00fcvenlidir. Tek ba\u015f\u0131na kullan\u0131ld\u0131\u011f\u0131nda vulkanizasyon h\u0131z\u0131 yava\u015ft\u0131r. Tiyazoller, tiyuramlar ve ditiyokarbamat tuzlar\u0131yla birlikte kullan\u0131ld\u0131\u011f\u0131nda vulkanizasyon h\u0131z\u0131 artt\u0131r\u0131labilir. Bu \u00fcr\u00fcn \u00f6zellikle lastik, butil i\u00e7 lastikler, bantlar ve \u0131s\u0131ya dayan\u0131kl\u0131 kau\u00e7uk \u00fcr\u00fcnlerinin \u00fcretiminde kullan\u0131lan butil kau\u00e7uk i\u00e7in uygundur. Ayr\u0131ca karayollar\u0131nda asfalt sabitleyici olarak kullan\u0131l\u0131r.<\/p>","protected":false},"excerpt":{"rendered":"<p>\u00dcr\u00fcn ad\u0131: PDMTD<\/p>\n<p>CAS\uff1a79509-46-9<\/p>\n<p>MF: (C2N2S3)n<\/p>\n<p>G\u00f6r\u00fcn\u00fcm: Beyaz veya a\u00e7\u0131k sar\u0131 kristal<\/p>","protected":false},"featured_media":6483,"template":"","meta":{"_acf_changed":false,"_gspb_post_css":""},"product_brand":[],"product_cat":[62,74],"product_tag":[],"class_list":{"0":"post-6490","1":"product","2":"type-product","3":"status-publish","4":"has-post-thumbnail","6":"product_cat-rubberplastic-ingredients","7":"product_cat-vulcanizing-agent","9":"first","10":"instock","11":"shipping-taxable","12":"product-type-simple"},"acf":[],"_links":{"self":[{"href":"https:\/\/wpachem.com\/tr\/wp-json\/wp\/v2\/product\/6490","targetHints":{"allow":["GET"]}}],"collection":[{"href":"https:\/\/wpachem.com\/tr\/wp-json\/wp\/v2\/product"}],"about":[{"href":"https:\/\/wpachem.com\/tr\/wp-json\/wp\/v2\/types\/product"}],"version-history":[{"count":0,"href":"https:\/\/wpachem.com\/tr\/wp-json\/wp\/v2\/product\/6490\/revisions"}],"wp:featuredmedia":[{"embeddable":true,"href":"https:\/\/wpachem.com\/tr\/wp-json\/wp\/v2\/media\/6483"}],"wp:attachment":[{"href":"https:\/\/wpachem.com\/tr\/wp-json\/wp\/v2\/media?parent=6490"}],"wp:term":[{"taxonomy":"product_brand","embeddable":true,"href":"https:\/\/wpachem.com\/tr\/wp-json\/wp\/v2\/product_brand?post=6490"},{"taxonomy":"product_cat","embeddable":true,"href":"https:\/\/wpachem.com\/tr\/wp-json\/wp\/v2\/product_cat?post=6490"},{"taxonomy":"product_tag","embeddable":true,"href":"https:\/\/wpachem.com\/tr\/wp-json\/wp\/v2\/product_tag?post=6490"}],"curies":[{"name":"wp","href":"https:\/\/api.w.org\/{rel}","templated":true}]}}