{"id":6492,"date":"2024-02-21T05:26:03","date_gmt":"2024-02-21T05:26:03","guid":{"rendered":"https:\/\/wpachem.com\/?post_type=product&#038;p=6492"},"modified":"2024-02-21T05:29:28","modified_gmt":"2024-02-21T05:29:28","slug":"tcy-cas-638-16-4-trithiocyanuric-acid","status":"publish","type":"product","link":"https:\/\/wpachem.com\/tr\/urun\/tcy-cas-638-16-4-trithiocyanuric-acid\/","title":{"rendered":"TCY CAS 638-16-4 Tritiyosiyan\u00fcrik asit"},"content":{"rendered":"<p><strong>\u00d6zellik<\/strong><\/p>\n<p>Beyaz kristal tozu<\/p>\n<p><strong>Ba\u015fvuru:<\/strong><\/p>\n<p>Polipropilen, kau\u00e7uk ve di\u011fer polimerler i\u00e7in \u0131s\u0131 sabitleyici, klorlu etil akrilat-etilen polimerleri, akrilik kau\u00e7uk ve di\u011fer polimerler i\u00e7in vulkanize edici madde olarak yayg\u0131n olarak kullan\u0131l\u0131r, akrilik kau\u00e7uk ACM, kloroeter kau\u00e7uk CO.ECO ve klor Butadien kau\u00e7uk CR i\u00e7in uygundur, kau\u00e7uk ve plastik kar\u0131\u015f\u0131m malzemelerinde de kullan\u0131labilir. Bu \u00fcr\u00fcn h\u0131zl\u0131 vulkanizasyon h\u0131z\u0131na ve g\u00fcvenli yanmaya sahiptir. Vulkanizasyon s\u00fcresini k\u0131saltabilir ve ikincil vulkanizasyon ihtiyac\u0131n\u0131 ortadan kald\u0131rabilir. \u00dcretilen vulkanize kau\u00e7uk ola\u011fan\u00fcst\u00fc ya\u011f direncine, \u0131s\u0131 direncine ve bas\u0131n\u00e7 de\u011fi\u015fim direncine sahiptir. \u0130yi mekanik \u00f6zelliklere sahiptir. Akrilik kau\u00e7uk i\u00e7in \u00f6zel bir vulkanize edici maddedir. \u00d6zel bir vulkanize edici madde olarak, klorohidrin kau\u00e7uk ve kloropren kau\u00e7uk i\u00e7in de kullan\u0131labilir. Ayr\u0131ca nitril kau\u00e7uk ve PVC kombine kau\u00e7uk i\u00e7in bir ko-vulkanizasyon \u00e7apraz ba\u011flama maddesi olarak da kullan\u0131labilir. Ayr\u0131ca PVC fenolik re\u00e7ine i\u00e7in bir \u00e7apraz ba\u011flama maddesi olarak tek ba\u015f\u0131na kullan\u0131labilir. kombinasyon maddesi.<\/p>","protected":false},"excerpt":{"rendered":"<p>\u00dcr\u00fcn ad\u0131: Tritiyosiyan\u00fcrik asit<\/p>\n<p>CAS\uff1a638-16-4<\/p>\n<p>MF: C3H3N3S3<\/p>\n<p>G\u00f6r\u00fcn\u00fcm: Beyaz kristal toz<\/p>","protected":false},"featured_media":6483,"template":"","meta":{"_acf_changed":false,"_gspb_post_css":""},"product_brand":[],"product_cat":[62,74],"product_tag":[],"class_list":{"0":"post-6492","1":"product","2":"type-product","3":"status-publish","4":"has-post-thumbnail","6":"product_cat-rubberplastic-ingredients","7":"product_cat-vulcanizing-agent","9":"first","10":"instock","11":"shipping-taxable","12":"product-type-simple"},"acf":[],"_links":{"self":[{"href":"https:\/\/wpachem.com\/tr\/wp-json\/wp\/v2\/product\/6492","targetHints":{"allow":["GET"]}}],"collection":[{"href":"https:\/\/wpachem.com\/tr\/wp-json\/wp\/v2\/product"}],"about":[{"href":"https:\/\/wpachem.com\/tr\/wp-json\/wp\/v2\/types\/product"}],"version-history":[{"count":0,"href":"https:\/\/wpachem.com\/tr\/wp-json\/wp\/v2\/product\/6492\/revisions"}],"wp:featuredmedia":[{"embeddable":true,"href":"https:\/\/wpachem.com\/tr\/wp-json\/wp\/v2\/media\/6483"}],"wp:attachment":[{"href":"https:\/\/wpachem.com\/tr\/wp-json\/wp\/v2\/media?parent=6492"}],"wp:term":[{"taxonomy":"product_brand","embeddable":true,"href":"https:\/\/wpachem.com\/tr\/wp-json\/wp\/v2\/product_brand?post=6492"},{"taxonomy":"product_cat","embeddable":true,"href":"https:\/\/wpachem.com\/tr\/wp-json\/wp\/v2\/product_cat?post=6492"},{"taxonomy":"product_tag","embeddable":true,"href":"https:\/\/wpachem.com\/tr\/wp-json\/wp\/v2\/product_tag?post=6492"}],"curies":[{"name":"wp","href":"https:\/\/api.w.org\/{rel}","templated":true}]}}