{"id":6494,"date":"2024-02-21T05:31:25","date_gmt":"2024-02-21T05:31:25","guid":{"rendered":"https:\/\/wpachem.com\/?post_type=product&#038;p=6494"},"modified":"2024-02-21T05:43:45","modified_gmt":"2024-02-21T05:43:45","slug":"dtdccld-cas-23847-08-7-dithiocaprolactame","status":"publish","type":"product","link":"https:\/\/wpachem.com\/tr\/urun\/dtdccld-cas-23847-08-7-dithiocaprolactame\/","title":{"rendered":"DTDC(CLD) CAS 23847-08-7 Ditiokaprolaktam"},"content":{"rendered":"<p><strong>\u00d6zellik<\/strong><\/p>\n<p>Renksiz veya hafif sar\u0131 kristal kat\u0131<\/p>\n<p><strong>Ba\u015fvuru:<\/strong><\/p>\n<p>Kimya end\u00fcstrisinde \u00e7e\u015fitli uygulamalar\u0131 vard\u0131r. Kau\u00e7uk \u00fcr\u00fcnlerinin vulkanizasyon reaksiyonunda kullan\u0131labilen yayg\u0131n olarak kullan\u0131lan bir \u00e7apraz ba\u011flay\u0131c\u0131 madde ve vulkanizasyon h\u0131zland\u0131r\u0131c\u0131d\u0131r. Ayr\u0131ca antioksidan, ya\u015flanma kar\u015f\u0131t\u0131 madde ve stabilizat\u00f6r olarak da kullan\u0131labilir. \u0130yi y\u00fczey aktif \u00f6zellikleri nedeniyle ya\u011flay\u0131c\u0131lar\u0131n ve y\u00fczey aktif maddelerin \u00fcretiminde de yayg\u0131n olarak kullan\u0131l\u0131r.<\/p>","protected":false},"excerpt":{"rendered":"<p>\u00dcr\u00fcn ad\u0131: DTDC(CLD)<\/p>\n<p>CAS: 23847-08-7<\/p>\n<p>MF: C12H20N2O2S2<\/p>\n<p>G\u00f6r\u00fcn\u00fcm: Renksiz veya hafif sar\u0131 kristal kat\u0131<\/p>","protected":false},"featured_media":6483,"template":"","meta":{"_acf_changed":false,"_gspb_post_css":""},"product_brand":[],"product_cat":[62,74],"product_tag":[],"class_list":{"0":"post-6494","1":"product","2":"type-product","3":"status-publish","4":"has-post-thumbnail","6":"product_cat-rubberplastic-ingredients","7":"product_cat-vulcanizing-agent","9":"first","10":"instock","11":"shipping-taxable","12":"product-type-simple"},"acf":[],"_links":{"self":[{"href":"https:\/\/wpachem.com\/tr\/wp-json\/wp\/v2\/product\/6494","targetHints":{"allow":["GET"]}}],"collection":[{"href":"https:\/\/wpachem.com\/tr\/wp-json\/wp\/v2\/product"}],"about":[{"href":"https:\/\/wpachem.com\/tr\/wp-json\/wp\/v2\/types\/product"}],"version-history":[{"count":0,"href":"https:\/\/wpachem.com\/tr\/wp-json\/wp\/v2\/product\/6494\/revisions"}],"wp:featuredmedia":[{"embeddable":true,"href":"https:\/\/wpachem.com\/tr\/wp-json\/wp\/v2\/media\/6483"}],"wp:attachment":[{"href":"https:\/\/wpachem.com\/tr\/wp-json\/wp\/v2\/media?parent=6494"}],"wp:term":[{"taxonomy":"product_brand","embeddable":true,"href":"https:\/\/wpachem.com\/tr\/wp-json\/wp\/v2\/product_brand?post=6494"},{"taxonomy":"product_cat","embeddable":true,"href":"https:\/\/wpachem.com\/tr\/wp-json\/wp\/v2\/product_cat?post=6494"},{"taxonomy":"product_tag","embeddable":true,"href":"https:\/\/wpachem.com\/tr\/wp-json\/wp\/v2\/product_tag?post=6494"}],"curies":[{"name":"wp","href":"https:\/\/api.w.org\/{rel}","templated":true}]}}