{"id":6496,"date":"2024-02-21T05:44:17","date_gmt":"2024-02-21T05:44:17","guid":{"rendered":"https:\/\/wpachem.com\/?post_type=product&#038;p=6496"},"modified":"2024-02-21T05:48:09","modified_gmt":"2024-02-21T05:48:09","slug":"zda-cas-14643-87-9-zinc-acrylate","status":"publish","type":"product","link":"https:\/\/wpachem.com\/tr\/urun\/zda-cas-14643-87-9-zinc-acrylate\/","title":{"rendered":"ZDA CAS 14643-87-9 \u00c7inko akrilat"},"content":{"rendered":"<p><strong>\u00d6zellik<\/strong><\/p>\n<p>Renksiz kristal veya beyaz toz<\/p>\n<p><strong>Ba\u015fvuru:<\/strong><\/p>\n<p>1. \u00c7apraz ba\u011flama yo\u011funlu\u011funu artt\u0131rmak, vulkanizasyon h\u0131z\u0131n\u0131 artt\u0131rmak, vulkanizasyon s\u00fcresini k\u0131saltmak ve ayr\u0131ca metalle ba\u011flanma performans\u0131n\u0131 iyile\u015ftirmek i\u00e7in peroksit k\u00f6pr\u00fcleme yard\u0131mc\u0131s\u0131 olarak kullan\u0131l\u0131r.<br \/>\n2. Vulkanize \u00fcr\u00fcnler tuz \u00e7apraz ba\u011flama ba\u011flar\u0131 elde edebilir, \u00fcr\u00fcn\u00fcn sertli\u011fini art\u0131rabilir, e\u011filme performans\u0131n\u0131 b\u00fcy\u00fck \u00f6l\u00e7\u00fcde iyile\u015ftirebilir ve elastikiyeti geli\u015ftirebilir. 3. Ayr\u0131ca \u00e7ekme mukavemetini art\u0131rmak ve e\u011filme \u00f6zelliklerini geli\u015ftirmek i\u00e7in k\u00fck\u00fcrt vulkanizasyon sistemlerinde de kullan\u0131labilir. 4. Bu \u00fcr\u00fcn asit direncine, alkali direncine, ya\u011f direncine, korozyon direncine ve y\u00fcksek s\u0131cakl\u0131k direncine sahiptir ve NBR, SBR, BR, EPDM, EPM ve di\u011fer kau\u00e7uk tipleri i\u00e7in uygundur.<\/p>","protected":false},"excerpt":{"rendered":"<p>\u00dcr\u00fcn ad\u0131: \u00c7inko akrilat<\/p>\n<p>CAS\uff1a14643-87-9<\/p>\n<p>MF: C6H6O4Zn<\/p>\n<p>G\u00f6r\u00fcn\u00fcm: Renksiz kristal veya beyaz toz<\/p>","protected":false},"featured_media":5179,"template":"","meta":{"_acf_changed":false,"_gspb_post_css":""},"product_brand":[],"product_cat":[62,74],"product_tag":[],"class_list":{"0":"post-6496","1":"product","2":"type-product","3":"status-publish","4":"has-post-thumbnail","6":"product_cat-rubberplastic-ingredients","7":"product_cat-vulcanizing-agent","9":"first","10":"instock","11":"shipping-taxable","12":"product-type-simple"},"acf":[],"_links":{"self":[{"href":"https:\/\/wpachem.com\/tr\/wp-json\/wp\/v2\/product\/6496","targetHints":{"allow":["GET"]}}],"collection":[{"href":"https:\/\/wpachem.com\/tr\/wp-json\/wp\/v2\/product"}],"about":[{"href":"https:\/\/wpachem.com\/tr\/wp-json\/wp\/v2\/types\/product"}],"version-history":[{"count":0,"href":"https:\/\/wpachem.com\/tr\/wp-json\/wp\/v2\/product\/6496\/revisions"}],"wp:featuredmedia":[{"embeddable":true,"href":"https:\/\/wpachem.com\/tr\/wp-json\/wp\/v2\/media\/5179"}],"wp:attachment":[{"href":"https:\/\/wpachem.com\/tr\/wp-json\/wp\/v2\/media?parent=6496"}],"wp:term":[{"taxonomy":"product_brand","embeddable":true,"href":"https:\/\/wpachem.com\/tr\/wp-json\/wp\/v2\/product_brand?post=6496"},{"taxonomy":"product_cat","embeddable":true,"href":"https:\/\/wpachem.com\/tr\/wp-json\/wp\/v2\/product_cat?post=6496"},{"taxonomy":"product_tag","embeddable":true,"href":"https:\/\/wpachem.com\/tr\/wp-json\/wp\/v2\/product_tag?post=6496"}],"curies":[{"name":"wp","href":"https:\/\/api.w.org\/{rel}","templated":true}]}}