{"id":6498,"date":"2024-02-21T05:48:36","date_gmt":"2024-02-21T05:48:36","guid":{"rendered":"https:\/\/wpachem.com\/?post_type=product&#038;p=6498"},"modified":"2024-02-21T05:59:08","modified_gmt":"2024-02-21T05:59:08","slug":"pdm-cas-13006-93-7-nn-13-phenylene-bismaleimide","status":"publish","type":"product","link":"https:\/\/wpachem.com\/tr\/urun\/pdm-cas-13006-93-7-nn-13-phenylene-bismaleimide\/","title":{"rendered":"PDM CAS 13006-93-7 N,N&#039;-1,3-Fenilen bismaleimid"},"content":{"rendered":"<p><strong>\u00d6zellik<\/strong><\/p>\n<p>Siyah kristal<\/p>\n<p><strong>Ba\u015fvuru:<\/strong><\/p>\n<p>Vulkanize edici madde PM, metal korozyon korumas\u0131, kau\u00e7uk i\u015fleme, plastik modifikasyonu ve ya\u011flay\u0131c\u0131 katk\u0131 maddeleri gibi alanlarda yayg\u0131n olarak kullan\u0131l\u0131r. Metal korozyon \u00f6nleyici a\u00e7\u0131s\u0131ndan, vulkanize edici madde PM, kimyasal kaplama, vulkanize kaplamalar ve vulkanize kau\u00e7uk i\u00e7in vulkanize edici madde olarak kullan\u0131labilir; kau\u00e7uk i\u015flemede, kau\u00e7uk vulkanizasyon reaksiyonunu desteklemek ve kau\u00e7u\u011fun mekanik \u00f6zelliklerini iyile\u015ftirmek i\u00e7in vulkanize edici madde olarak kullan\u0131labilir; plastik modifikasyonda \u00d6te yandan, vulkanize edici madde PM, plastiklerin termal sertle\u015fme \u00f6zelliklerini art\u0131rmak i\u00e7in kullan\u0131labilir; ya\u011flay\u0131c\u0131 ya\u011f katk\u0131 maddelerinde, vulkanize edici madde PM, ya\u011flama ya\u011f\u0131n\u0131n a\u015f\u0131r\u0131 bas\u0131n\u00e7 ve a\u015f\u0131nma \u00f6nleyici \u00f6zelliklerini iyile\u015ftirmek i\u00e7in kullan\u0131labilir.<\/p>","protected":false},"excerpt":{"rendered":"<p>\u00dcr\u00fcn ad\u0131: PDM<\/p>\n<p>CAS\uff1a3006-93-7<\/p>\n<p>MF:C14H8N2O4<\/p>\n<p>G\u00f6r\u00fcn\u00fcm: Siyah kristal<\/p>","protected":false},"featured_media":3698,"template":"","meta":{"_acf_changed":false,"_gspb_post_css":""},"product_brand":[],"product_cat":[62,74],"product_tag":[],"class_list":{"0":"post-6498","1":"product","2":"type-product","3":"status-publish","4":"has-post-thumbnail","6":"product_cat-rubberplastic-ingredients","7":"product_cat-vulcanizing-agent","9":"first","10":"instock","11":"shipping-taxable","12":"product-type-simple"},"acf":[],"_links":{"self":[{"href":"https:\/\/wpachem.com\/tr\/wp-json\/wp\/v2\/product\/6498","targetHints":{"allow":["GET"]}}],"collection":[{"href":"https:\/\/wpachem.com\/tr\/wp-json\/wp\/v2\/product"}],"about":[{"href":"https:\/\/wpachem.com\/tr\/wp-json\/wp\/v2\/types\/product"}],"version-history":[{"count":0,"href":"https:\/\/wpachem.com\/tr\/wp-json\/wp\/v2\/product\/6498\/revisions"}],"wp:featuredmedia":[{"embeddable":true,"href":"https:\/\/wpachem.com\/tr\/wp-json\/wp\/v2\/media\/3698"}],"wp:attachment":[{"href":"https:\/\/wpachem.com\/tr\/wp-json\/wp\/v2\/media?parent=6498"}],"wp:term":[{"taxonomy":"product_brand","embeddable":true,"href":"https:\/\/wpachem.com\/tr\/wp-json\/wp\/v2\/product_brand?post=6498"},{"taxonomy":"product_cat","embeddable":true,"href":"https:\/\/wpachem.com\/tr\/wp-json\/wp\/v2\/product_cat?post=6498"},{"taxonomy":"product_tag","embeddable":true,"href":"https:\/\/wpachem.com\/tr\/wp-json\/wp\/v2\/product_tag?post=6498"}],"curies":[{"name":"wp","href":"https:\/\/api.w.org\/{rel}","templated":true}]}}