{"id":6502,"date":"2024-02-21T06:40:58","date_gmt":"2024-02-21T06:40:58","guid":{"rendered":"https:\/\/wpachem.com\/?post_type=product&#038;p=6502"},"modified":"2024-02-21T06:48:22","modified_gmt":"2024-02-21T06:48:22","slug":"dcbs-cas-4979-32-2-nn-dicyclohexyl-2-benzothiazolsulfene-amide","status":"publish","type":"product","link":"https:\/\/wpachem.com\/tr\/urun\/dcbs-cas-4979-32-2-nn-dicyclohexyl-2-benzothiazolsulfene-amide\/","title":{"rendered":"DCBS CAS 4979-32-2 N,N-Disiklohekzil-2-benzotiazols\u00fclfen amid"},"content":{"rendered":"<p><strong>\u00d6zellik<\/strong><\/p>\n<p>A\u00e7\u0131k sar\u0131dan a\u00e7\u0131k bej rengine kadar kat\u0131<\/p>\n<p><strong>Ba\u015fvuru:<\/strong><\/p>\n<p>Do\u011fal kau\u00e7uk, b\u00fctadien kau\u00e7uk, b\u00fctilanilin, izopentil kau\u00e7uk vb. i\u00e7in son efekt h\u0131zland\u0131r\u0131c\u0131 olarak kullan\u0131l\u0131r. Kau\u00e7ukta iyi dispersiyon \u00f6zellikleri. Do\u011fal kau\u00e7uk bile\u015fiklerindeki kavrulma s\u00fcresi, h\u0131zland\u0131r\u0131c\u0131 DIBS&#039;den daha uzundur, bu nedenle \u00e7al\u0131\u015fma g\u00fcvenli\u011fi daha y\u00fcksektir. Vulkanizasyon s\u0131cakl\u0131\u011f\u0131ndaki vulkanizasyon h\u0131z\u0131, h\u0131zland\u0131r\u0131c\u0131 DIBS&#039;ye benzerdir. Vulkanizasyon d\u00fczl\u00fc\u011f\u00fc, h\u0131zland\u0131r\u0131c\u0131 CZ&#039;ye benzerdir. Bu \u00fcr\u00fcn\u00fc i\u00e7eren kau\u00e7u\u011fun kal\u0131ps\u0131z buhar vulkanizasyonu, d\u00fcz vulkanizasyondan biraz daha h\u0131zl\u0131d\u0131r. \u00c7ok miktarda y\u00fcksek aktif takviye maddesi i\u00e7eren kau\u00e7uk malzemeler i\u00e7in uygundur ve ayr\u0131ca esas olarak polib\u00fctadien kau\u00e7uk veya geri d\u00f6n\u00fc\u015ft\u00fcr\u00fclm\u00fc\u015f kau\u00e7uktan olu\u015fan kau\u00e7uk malzemeler i\u00e7in de uygundur. Vulkanize kau\u00e7u\u011fun mekanik \u00f6zellikleri, \u00f6zellikle dinamik \u00f6zellikleri nispeten iyidir ve elastikiyet ve uzama mukavemeti y\u00fcksektir. Vulkanize kau\u00e7u\u011fun ac\u0131 bir tad\u0131 oldu\u011fundan, g\u0131da ile temas eden kau\u00e7uk \u00fcr\u00fcnleri \u00fcretmek i\u00e7in uygun de\u011fildir. Esas olarak lastik, bant, darbe emici \u00fcr\u00fcnler ve lastik s\u0131rt\u0131 lastiklerinin \u00fcretiminde kullan\u0131l\u0131r.<\/p>","protected":false},"excerpt":{"rendered":"<p>\u00dcr\u00fcn ad\u0131: DCBS<\/p>\n<p>CAS\uff1a4979-32-2<\/p>\n<p>MF: C19H26N2S2<\/p>\n<p>G\u00f6r\u00fcn\u00fcm: A\u00e7\u0131k sar\u0131 ila a\u00e7\u0131k bej kat\u0131<\/p>","protected":false},"featured_media":6483,"template":"","meta":{"_acf_changed":false,"_gspb_post_css":""},"product_brand":[],"product_cat":[62,73],"product_tag":[],"class_list":{"0":"post-6502","1":"product","2":"type-product","3":"status-publish","4":"has-post-thumbnail","6":"product_cat-rubberplastic-ingredients","7":"product_cat-rubber-antioxidant","9":"first","10":"instock","11":"shipping-taxable","12":"product-type-simple"},"acf":[],"_links":{"self":[{"href":"https:\/\/wpachem.com\/tr\/wp-json\/wp\/v2\/product\/6502","targetHints":{"allow":["GET"]}}],"collection":[{"href":"https:\/\/wpachem.com\/tr\/wp-json\/wp\/v2\/product"}],"about":[{"href":"https:\/\/wpachem.com\/tr\/wp-json\/wp\/v2\/types\/product"}],"version-history":[{"count":0,"href":"https:\/\/wpachem.com\/tr\/wp-json\/wp\/v2\/product\/6502\/revisions"}],"wp:featuredmedia":[{"embeddable":true,"href":"https:\/\/wpachem.com\/tr\/wp-json\/wp\/v2\/media\/6483"}],"wp:attachment":[{"href":"https:\/\/wpachem.com\/tr\/wp-json\/wp\/v2\/media?parent=6502"}],"wp:term":[{"taxonomy":"product_brand","embeddable":true,"href":"https:\/\/wpachem.com\/tr\/wp-json\/wp\/v2\/product_brand?post=6502"},{"taxonomy":"product_cat","embeddable":true,"href":"https:\/\/wpachem.com\/tr\/wp-json\/wp\/v2\/product_cat?post=6502"},{"taxonomy":"product_tag","embeddable":true,"href":"https:\/\/wpachem.com\/tr\/wp-json\/wp\/v2\/product_tag?post=6502"}],"curies":[{"name":"wp","href":"https:\/\/api.w.org\/{rel}","templated":true}]}}