{"id":6506,"date":"2024-02-21T06:53:52","date_gmt":"2024-02-21T06:53:52","guid":{"rendered":"https:\/\/wpachem.com\/?post_type=product&#038;p=6506"},"modified":"2024-02-21T06:56:08","modified_gmt":"2024-02-21T06:56:08","slug":"mbtm-cas-149-30-4-2-mercaptobenzothiazole","status":"publish","type":"product","link":"https:\/\/wpachem.com\/tr\/urun\/mbtm-cas-149-30-4-2-mercaptobenzothiazole\/","title":{"rendered":"MBT(M) CAS 149-30-4 2-Merkaptobenzotiyazol"},"content":{"rendered":"<p><strong>\u00d6zellik<\/strong><\/p>\n<p>A\u00e7\u0131k sar\u0131 monoklinik i\u011fneler veya pul kristaller<\/p>\n<p><strong>Ba\u015fvuru:<\/strong><\/p>\n<p>Genel bir vulkanizasyon h\u0131zland\u0131r\u0131c\u0131s\u0131 olarak, bu \u00fcr\u00fcn \u00e7e\u015fitli kau\u00e7uklarda yayg\u0131n olarak kullan\u0131l\u0131r. Genellikle k\u00fck\u00fcrt ile vulkanize edilen do\u011fal kau\u00e7uk ve sentetik kau\u00e7uk \u00fczerinde h\u0131zl\u0131 bir h\u0131zland\u0131r\u0131c\u0131 etkiye sahiptir. Ancak kullan\u0131m\u0131 \u00e7inko oksit, ya\u011f asitleri vb. ile aktivasyon gerektirir. Genellikle tiuram ditiyokarbamat ve tell\u00fcr ditiyokarbamat gibi di\u011fer h\u0131zland\u0131r\u0131c\u0131 sistemlerle birlikte kullan\u0131l\u0131r, b\u00fctil kau\u00e7uk i\u00e7in bir h\u0131zland\u0131r\u0131c\u0131 olarak kullan\u0131labilir; a\u00e7\u0131k renkli, suya dayan\u0131kl\u0131 uygulamalar i\u00e7in tribazik kur\u015fun maleat ile birlikte kullan\u0131labilir. kloros\u00fclfonatlanm\u0131\u015f polietilen kau\u00e7uk. Genellikle latekste ditiyokarbamatlarla birlikte kullan\u0131l\u0131r ve dietilditiyokarbamat dietilamin ile birlikte kullan\u0131ld\u0131\u011f\u0131nda oda s\u0131cakl\u0131\u011f\u0131nda vulkanize edilebilir. Bu \u00fcr\u00fcn kau\u00e7ukta kolayca da\u011f\u0131l\u0131r ve kirletmez. Ancak ac\u0131 tad\u0131 nedeniyle g\u0131da ile temas eden kau\u00e7uk \u00fcr\u00fcnlerinde kullan\u0131ma uygun de\u011fildir. H\u0131zland\u0131r\u0131c\u0131 M, h\u0131zland\u0131r\u0131c\u0131 MZ, DM, NS, DIBS, CA, DZ, NOBS, MDB, vb.&#039;nin bir ara maddesidir. 2-merkaptobenzotiyazol ve 1-amino-4-nitroantrakinon ve potasyum karbonat dimetilde 3 saat boyunca formamid i\u00e7inde geri ak\u0131\u015fa tabi tutulur ve boya Disperse Red S-GL (CIDisperseRed121) haz\u0131rlan\u0131r. Bu boya polyester ve kar\u0131\u015f\u0131ml\u0131 kuma\u015flar\u0131n boyanmas\u0131nda kullan\u0131l\u0131r. 2-merkaptobenzotiyazol, elektrokaplama katk\u0131 maddesi olarak kullan\u0131ld\u0131\u011f\u0131nda asidik bak\u0131r kaplama parlat\u0131c\u0131 M olarak da adland\u0131r\u0131l\u0131r. Ana tuz olarak bak\u0131r s\u00fclfat ile parlak bak\u0131r kaplamada yay\u0131c\u0131 yard\u0131mc\u0131 parlat\u0131c\u0131 olarak kullan\u0131l\u0131r. Ayr\u0131ca bu \u00fcr\u00fcn pestisit mantar \u00f6ld\u00fcr\u00fcc\u00fcler, azotlu g\u00fcbre sinerjistleri, kesme ya\u011flar\u0131 ve ya\u011flay\u0131c\u0131 katk\u0131 maddeleri, foto\u011frafik kimyada organik k\u00fcl \u00f6nleyici maddeler, metal korozyon inhibit\u00f6rleri vb. haz\u0131rlamak i\u00e7in de kullan\u0131l\u0131r. Ayr\u0131ca kimyasal analiz i\u00e7in bir reaktiftir. Bu \u00fcr\u00fcn\u00fcn toksisitesi d\u00fc\u015f\u00fck olup cilt ve mukoza zarlar\u0131n\u0131 tahri\u015f edicidir.<\/p>","protected":false},"excerpt":{"rendered":"<p>\u00dcr\u00fcn ad\u0131: MBT(M)<\/p>\n<p>CAS\uff1a149-30-4<\/p>\n<p>MF: C7H5NS2<\/p>\n<p>G\u00f6r\u00fcn\u00fcm: A\u00e7\u0131k sar\u0131 monoklinik i\u011fneler veya pul kristaller<\/p>","protected":false},"featured_media":6483,"template":"","meta":{"_acf_changed":false,"_gspb_post_css":""},"product_brand":[],"product_cat":[62,73],"product_tag":[],"class_list":{"0":"post-6506","1":"product","2":"type-product","3":"status-publish","4":"has-post-thumbnail","6":"product_cat-rubberplastic-ingredients","7":"product_cat-rubber-antioxidant","9":"first","10":"instock","11":"shipping-taxable","12":"product-type-simple"},"acf":[],"_links":{"self":[{"href":"https:\/\/wpachem.com\/tr\/wp-json\/wp\/v2\/product\/6506","targetHints":{"allow":["GET"]}}],"collection":[{"href":"https:\/\/wpachem.com\/tr\/wp-json\/wp\/v2\/product"}],"about":[{"href":"https:\/\/wpachem.com\/tr\/wp-json\/wp\/v2\/types\/product"}],"version-history":[{"count":0,"href":"https:\/\/wpachem.com\/tr\/wp-json\/wp\/v2\/product\/6506\/revisions"}],"wp:featuredmedia":[{"embeddable":true,"href":"https:\/\/wpachem.com\/tr\/wp-json\/wp\/v2\/media\/6483"}],"wp:attachment":[{"href":"https:\/\/wpachem.com\/tr\/wp-json\/wp\/v2\/media?parent=6506"}],"wp:term":[{"taxonomy":"product_brand","embeddable":true,"href":"https:\/\/wpachem.com\/tr\/wp-json\/wp\/v2\/product_brand?post=6506"},{"taxonomy":"product_cat","embeddable":true,"href":"https:\/\/wpachem.com\/tr\/wp-json\/wp\/v2\/product_cat?post=6506"},{"taxonomy":"product_tag","embeddable":true,"href":"https:\/\/wpachem.com\/tr\/wp-json\/wp\/v2\/product_tag?post=6506"}],"curies":[{"name":"wp","href":"https:\/\/api.w.org\/{rel}","templated":true}]}}