{"id":6508,"date":"2024-02-21T06:56:29","date_gmt":"2024-02-21T06:56:29","guid":{"rendered":"https:\/\/wpachem.com\/?post_type=product&#038;p=6508"},"modified":"2024-02-21T06:57:43","modified_gmt":"2024-02-21T06:57:43","slug":"cbscz-cas-95-33-0-n-cyclohexyl-2-benzothiazolesulfenamide-copy","status":"publish","type":"product","link":"https:\/\/wpachem.com\/tr\/urun\/cbscz-cas-95-33-0-n-cyclohexyl-2-benzothiazolesulfenamide-copy\/","title":{"rendered":"CBS(CZ) CAS 95-33-0 N-Siklohekzil-2-benzotiyazols\u00fclfenamid (Kopya)"},"content":{"rendered":"<p><strong>\u00d6zellik<\/strong><\/p>\n<p>A\u00e7\u0131k sar\u0131dan a\u00e7\u0131k bej rengine kadar kat\u0131<\/p>\n<p><strong>Ba\u015fvuru:<\/strong><\/p>\n<p>M\u00fckemmel kavrulma direnci, g\u00fcvenli i\u015fleme ve k\u0131sa vulkanizasyon s\u00fcresine sahip, olduk\u00e7a aktif bir son etkili yar\u0131 s\u00fcper h\u0131zl\u0131 h\u0131zland\u0131r\u0131c\u0131d\u0131r. Tiuram ve ditiyokarbamatlar gibi alkali h\u0131zland\u0131r\u0131c\u0131lar eklemek aktivitesini art\u0131rabilir. Hafif renk bozulmas\u0131 ve \u00e7i\u00e7eklenme olmayan her t\u00fcrl\u00fc kau\u00e7uk i\u00e7in uygundur. Vulkanize kau\u00e7uk \u00fcr\u00fcnleri ya\u015flanmaya kar\u015f\u0131 dayan\u0131kl\u0131d\u0131r, g\u00fc\u00e7l\u00fc \u00e7ekme mukavemetine ve uzamaya sahiptir ve lastikler, lastik ayakkab\u0131lar ve kablolar gibi end\u00fcstriyel kau\u00e7uk \u00fcr\u00fcnleri \u00fcretmek i\u00e7in uygundur. Do\u011fal kau\u00e7uk, b\u00fctil kau\u00e7uk, izopren kau\u00e7uk, stiren-b\u00fctadien kau\u00e7uk, nitril kau\u00e7uk, EPDM kau\u00e7uk vb. gibi f\u0131r\u0131n siyah\u0131 kullanan kau\u00e7uk malzemeler i\u00e7in uygundur. M\u00fckemmel kavrulma direnci ve k\u0131sa vulkanizasyon s\u00fcresi ile karakterizedir. , \u00e7i\u00e7eklenme yok, ya\u015flanma direnci, \u0131s\u0131ya, \u00e7atlamaya ve a\u015f\u0131nmaya dayan\u0131kl\u0131 \u00fcr\u00fcnler. Tek ba\u015f\u0131na vulkanizasyon h\u0131zland\u0131r\u0131c\u0131s\u0131 olarak veya D, DT, TT, TS vb. di\u011fer h\u0131zland\u0131r\u0131c\u0131larla birlikte kullan\u0131labilir. Lastik, bant, kablo, hortum ve di\u011fer genel end\u00fcstriyel malzemelerin haz\u0131rlanmas\u0131nda kullan\u0131l\u0131r.<\/p>","protected":false},"excerpt":{"rendered":"<p>\u00dcr\u00fcn ad\u0131: CBS(CZ)<\/p>\n<p>CAS\uff1a95-33-0<\/p>\n<p>MF: C13H16N2S2<\/p>\n<p>G\u00f6r\u00fcn\u00fcm: A\u00e7\u0131k sar\u0131 ila a\u00e7\u0131k bej kat\u0131<\/p>","protected":false},"featured_media":6483,"template":"","meta":{"_acf_changed":false,"_gspb_post_css":""},"product_brand":[],"product_cat":[62,73],"product_tag":[],"class_list":{"0":"post-6508","1":"product","2":"type-product","3":"status-publish","4":"has-post-thumbnail","6":"product_cat-rubberplastic-ingredients","7":"product_cat-rubber-antioxidant","9":"first","10":"instock","11":"shipping-taxable","12":"product-type-simple"},"acf":[],"_links":{"self":[{"href":"https:\/\/wpachem.com\/tr\/wp-json\/wp\/v2\/product\/6508","targetHints":{"allow":["GET"]}}],"collection":[{"href":"https:\/\/wpachem.com\/tr\/wp-json\/wp\/v2\/product"}],"about":[{"href":"https:\/\/wpachem.com\/tr\/wp-json\/wp\/v2\/types\/product"}],"version-history":[{"count":0,"href":"https:\/\/wpachem.com\/tr\/wp-json\/wp\/v2\/product\/6508\/revisions"}],"wp:featuredmedia":[{"embeddable":true,"href":"https:\/\/wpachem.com\/tr\/wp-json\/wp\/v2\/media\/6483"}],"wp:attachment":[{"href":"https:\/\/wpachem.com\/tr\/wp-json\/wp\/v2\/media?parent=6508"}],"wp:term":[{"taxonomy":"product_brand","embeddable":true,"href":"https:\/\/wpachem.com\/tr\/wp-json\/wp\/v2\/product_brand?post=6508"},{"taxonomy":"product_cat","embeddable":true,"href":"https:\/\/wpachem.com\/tr\/wp-json\/wp\/v2\/product_cat?post=6508"},{"taxonomy":"product_tag","embeddable":true,"href":"https:\/\/wpachem.com\/tr\/wp-json\/wp\/v2\/product_tag?post=6508"}],"curies":[{"name":"wp","href":"https:\/\/api.w.org\/{rel}","templated":true}]}}