{"id":6510,"date":"2024-02-21T06:57:52","date_gmt":"2024-02-21T06:57:52","guid":{"rendered":"https:\/\/wpachem.com\/?post_type=product&#038;p=6510"},"modified":"2024-02-21T07:00:54","modified_gmt":"2024-02-21T07:00:54","slug":"mbtsdm-cas-120-78-5-22-dithiobisbenzothiazole","status":"publish","type":"product","link":"https:\/\/wpachem.com\/tr\/urun\/mbtsdm-cas-120-78-5-22-dithiobisbenzothiazole\/","title":{"rendered":"MBTS(DM) CAS 120-78-5 2,2\u2032-Dithiobis(benzothiazole)"},"content":{"rendered":"<p><strong>\u00d6zellik<\/strong><\/p>\n<p>A\u00e7\u0131k sar\u0131 i\u011fne kristali<\/p>\n<p><strong>Ba\u015fvuru:<\/strong><\/p>\n<p>Do\u011fal kau\u00e7uk ve \u00e7e\u015fitli sentetik kau\u00e7uklar i\u00e7in h\u0131zland\u0131r\u0131c\u0131, d\u00fcz ve orta h\u0131zl\u0131 ak\u0131\u015fkanla\u015ft\u0131rma \u00fcretebilir, y\u00fcksek vulkanizasyon s\u0131cakl\u0131\u011f\u0131na sahiptir, \u00f6nemli yan etkilere sahiptir, erken vulkanize olmaz, kullan\u0131m\u0131 g\u00fcvenlidir, da\u011f\u0131t\u0131lmas\u0131 kolayd\u0131r, kirletmez ve vulkanize kau\u00e7uk Ya\u015flanmaya kar\u015f\u0131 dayan\u0131kl\u0131d\u0131r. Bu \u00fcr\u00fcn tek ba\u015f\u0131na kullan\u0131ld\u0131\u011f\u0131nda yava\u015f bir vulkanizasyon h\u0131z\u0131na sahiptir. Genellikle tiuram, ditiyokarbamatlar, aldehit aminler ve guanidin h\u0131zland\u0131r\u0131c\u0131larla birlikte kullan\u0131l\u0131r. G tipi neopren i\u00e7in m\u00fckemmel bir yanma \u00f6nleyici maddedir. Esas olarak lastik, kau\u00e7uk hortum, kau\u00e7uk ayakkab\u0131, bant ve di\u011fer genel end\u00fcstriyel \u00fcr\u00fcnlerin \u00fcretiminde kullan\u0131l\u0131r. Ayr\u0131ca neoprende plastikle\u015ftirici veya geciktirici olarak da i\u015flev g\u00f6rebilir.<\/p>","protected":false},"excerpt":{"rendered":"<p>\u00dcr\u00fcn ad\u0131: MBTS(DM)<\/p>\n<p>CAS\uff1a120-78-5<\/p>\n<p>MF: C14H8N2S4<\/p>\n<p>G\u00f6r\u00fcn\u00fcm: A\u00e7\u0131k sar\u0131 i\u011fne kristali<\/p>","protected":false},"featured_media":6483,"template":"","meta":{"_acf_changed":false,"_gspb_post_css":""},"product_brand":[],"product_cat":[62,73],"product_tag":[],"class_list":{"0":"post-6510","1":"product","2":"type-product","3":"status-publish","4":"has-post-thumbnail","6":"product_cat-rubberplastic-ingredients","7":"product_cat-rubber-antioxidant","9":"first","10":"instock","11":"shipping-taxable","12":"product-type-simple"},"acf":[],"_links":{"self":[{"href":"https:\/\/wpachem.com\/tr\/wp-json\/wp\/v2\/product\/6510","targetHints":{"allow":["GET"]}}],"collection":[{"href":"https:\/\/wpachem.com\/tr\/wp-json\/wp\/v2\/product"}],"about":[{"href":"https:\/\/wpachem.com\/tr\/wp-json\/wp\/v2\/types\/product"}],"version-history":[{"count":0,"href":"https:\/\/wpachem.com\/tr\/wp-json\/wp\/v2\/product\/6510\/revisions"}],"wp:featuredmedia":[{"embeddable":true,"href":"https:\/\/wpachem.com\/tr\/wp-json\/wp\/v2\/media\/6483"}],"wp:attachment":[{"href":"https:\/\/wpachem.com\/tr\/wp-json\/wp\/v2\/media?parent=6510"}],"wp:term":[{"taxonomy":"product_brand","embeddable":true,"href":"https:\/\/wpachem.com\/tr\/wp-json\/wp\/v2\/product_brand?post=6510"},{"taxonomy":"product_cat","embeddable":true,"href":"https:\/\/wpachem.com\/tr\/wp-json\/wp\/v2\/product_cat?post=6510"},{"taxonomy":"product_tag","embeddable":true,"href":"https:\/\/wpachem.com\/tr\/wp-json\/wp\/v2\/product_tag?post=6510"}],"curies":[{"name":"wp","href":"https:\/\/api.w.org\/{rel}","templated":true}]}}