{"id":6512,"date":"2024-02-21T07:01:50","date_gmt":"2024-02-21T07:01:50","guid":{"rendered":"https:\/\/wpachem.com\/?post_type=product&#038;p=6512"},"modified":"2024-02-21T07:04:40","modified_gmt":"2024-02-21T07:04:40","slug":"tmtdtt-cas-137-26-8-tetramethylthiuram-disulfide","status":"publish","type":"product","link":"https:\/\/wpachem.com\/tr\/urun\/tmtdtt-cas-137-26-8-tetramethylthiuram-disulfide\/","title":{"rendered":"TMTD(TT) CAS 137-26-8 Tetrametiltiuram Dis\u00fclf\u00fcr"},"content":{"rendered":"<p><strong>\u00d6zellik<\/strong><\/p>\n<p>Renksiz kristal, kokusuz<\/p>\n<p><strong>Ba\u015fvuru:<\/strong><\/p>\n<p>Do\u011fal kau\u00e7uk, sentetik kau\u00e7uk, lateks i\u00e7in uygundur ve vulkanize edici madde olarak kullan\u0131labilir. Bu \u00fcr\u00fcn tiyazol h\u0131zland\u0131r\u0131c\u0131lar i\u00e7in m\u00fckemmel bir ikinci h\u0131zland\u0131r\u0131c\u0131d\u0131r ve s\u00fcrekli vulkanize kau\u00e7uk bile\u015fikleri i\u00e7in bir h\u0131zland\u0131r\u0131c\u0131 olarak di\u011fer h\u0131zland\u0131r\u0131c\u0131larla birlikte kullan\u0131labilir.<\/p>","protected":false},"excerpt":{"rendered":"<p>\u00dcr\u00fcn ad\u0131: TMTD(TT)<\/p>\n<p>CAS\uff1a137-26-8<\/p>\n<p>MF: C6H12N2S4<\/p>\n<p>G\u00f6r\u00fcn\u00fcm: Renksiz kristal, kokusuz<\/p>","protected":false},"featured_media":5182,"template":"","meta":{"_acf_changed":false,"_gspb_post_css":""},"product_brand":[],"product_cat":[62,73],"product_tag":[],"class_list":{"0":"post-6512","1":"product","2":"type-product","3":"status-publish","4":"has-post-thumbnail","6":"product_cat-rubberplastic-ingredients","7":"product_cat-rubber-antioxidant","9":"first","10":"instock","11":"shipping-taxable","12":"product-type-simple"},"acf":[],"_links":{"self":[{"href":"https:\/\/wpachem.com\/tr\/wp-json\/wp\/v2\/product\/6512","targetHints":{"allow":["GET"]}}],"collection":[{"href":"https:\/\/wpachem.com\/tr\/wp-json\/wp\/v2\/product"}],"about":[{"href":"https:\/\/wpachem.com\/tr\/wp-json\/wp\/v2\/types\/product"}],"version-history":[{"count":0,"href":"https:\/\/wpachem.com\/tr\/wp-json\/wp\/v2\/product\/6512\/revisions"}],"wp:featuredmedia":[{"embeddable":true,"href":"https:\/\/wpachem.com\/tr\/wp-json\/wp\/v2\/media\/5182"}],"wp:attachment":[{"href":"https:\/\/wpachem.com\/tr\/wp-json\/wp\/v2\/media?parent=6512"}],"wp:term":[{"taxonomy":"product_brand","embeddable":true,"href":"https:\/\/wpachem.com\/tr\/wp-json\/wp\/v2\/product_brand?post=6512"},{"taxonomy":"product_cat","embeddable":true,"href":"https:\/\/wpachem.com\/tr\/wp-json\/wp\/v2\/product_cat?post=6512"},{"taxonomy":"product_tag","embeddable":true,"href":"https:\/\/wpachem.com\/tr\/wp-json\/wp\/v2\/product_tag?post=6512"}],"curies":[{"name":"wp","href":"https:\/\/api.w.org\/{rel}","templated":true}]}}