{"id":6514,"date":"2024-02-21T07:07:36","date_gmt":"2024-02-21T07:07:36","guid":{"rendered":"https:\/\/wpachem.com\/?post_type=product&#038;p=6514"},"modified":"2024-02-21T07:12:52","modified_gmt":"2024-02-21T07:12:52","slug":"mbs-nobscas-102-77-2-2-morpholinothiobenzothiazole","status":"publish","type":"product","link":"https:\/\/wpachem.com\/tr\/urun\/mbs-nobscas-102-77-2-2-morpholinothiobenzothiazole\/","title":{"rendered":"MBS (NOBS)CAS 102-77-2 2-(Morfolinotio)benzotiyazol"},"content":{"rendered":"<p><strong>\u00d6zellik<\/strong><\/p>\n<p>A\u00e7\u0131k sar\u0131dan kahverengiye kadar pullu kristaller<\/p>\n<p><strong>Ba\u015fvuru:<\/strong><\/p>\n<p>D\u00fc\u015f\u00fck aktivite, b\u00fcy\u00fck s\u00fcneklik, k\u0131sa vulkanizasyon s\u00fcresi, m\u00fckemmel yanma direnci, g\u00fcvenli i\u015fleme, kolay da\u011f\u0131l\u0131m, \u00e7i\u00e7eklenmeme, hafif renk bozulmas\u0131 olan ve do\u011fal kau\u00e7uk ve sentetik kau\u00e7uk i\u00e7in uygun olan bir post-etki vulkanizasyon h\u0131zland\u0131r\u0131c\u0131s\u0131d\u0131r. Esas olarak lastik, hortum, kau\u00e7uk ayakkab\u0131, konvey\u00f6r bant ve di\u011fer end\u00fcstriyel kau\u00e7uk \u00fcr\u00fcnlerinin \u00fcretiminde kullan\u0131l\u0131r.<\/p>","protected":false},"excerpt":{"rendered":"<p>\u00dcr\u00fcn ad\u0131: MBS (NOBS)<\/p>\n<p>CAS\uff1a102-77-2<\/p>\n<p>MF: C11H12N2OS2<\/p>\n<p>G\u00f6r\u00fcn\u00fcm: A\u00e7\u0131k sar\u0131 ila kahverengi pullu kristaller<\/p>","protected":false},"featured_media":6515,"template":"","meta":{"_acf_changed":false,"_gspb_post_css":""},"product_brand":[],"product_cat":[62,73],"product_tag":[],"class_list":{"0":"post-6514","1":"product","2":"type-product","3":"status-publish","4":"has-post-thumbnail","6":"product_cat-rubberplastic-ingredients","7":"product_cat-rubber-antioxidant","9":"first","10":"instock","11":"shipping-taxable","12":"product-type-simple"},"acf":[],"_links":{"self":[{"href":"https:\/\/wpachem.com\/tr\/wp-json\/wp\/v2\/product\/6514","targetHints":{"allow":["GET"]}}],"collection":[{"href":"https:\/\/wpachem.com\/tr\/wp-json\/wp\/v2\/product"}],"about":[{"href":"https:\/\/wpachem.com\/tr\/wp-json\/wp\/v2\/types\/product"}],"version-history":[{"count":0,"href":"https:\/\/wpachem.com\/tr\/wp-json\/wp\/v2\/product\/6514\/revisions"}],"wp:featuredmedia":[{"embeddable":true,"href":"https:\/\/wpachem.com\/tr\/wp-json\/wp\/v2\/media\/6515"}],"wp:attachment":[{"href":"https:\/\/wpachem.com\/tr\/wp-json\/wp\/v2\/media?parent=6514"}],"wp:term":[{"taxonomy":"product_brand","embeddable":true,"href":"https:\/\/wpachem.com\/tr\/wp-json\/wp\/v2\/product_brand?post=6514"},{"taxonomy":"product_cat","embeddable":true,"href":"https:\/\/wpachem.com\/tr\/wp-json\/wp\/v2\/product_cat?post=6514"},{"taxonomy":"product_tag","embeddable":true,"href":"https:\/\/wpachem.com\/tr\/wp-json\/wp\/v2\/product_tag?post=6514"}],"curies":[{"name":"wp","href":"https:\/\/api.w.org\/{rel}","templated":true}]}}