{"id":6519,"date":"2024-02-21T07:21:18","date_gmt":"2024-02-21T07:21:18","guid":{"rendered":"https:\/\/wpachem.com\/?post_type=product&#038;p=6519"},"modified":"2024-02-21T07:24:32","modified_gmt":"2024-02-21T07:24:32","slug":"zdbc-cas-136-23-2","status":"publish","type":"product","link":"https:\/\/wpachem.com\/tr\/urun\/zdbc-cas-136-23-2\/","title":{"rendered":"ZDBC CAS 136-23-2"},"content":{"rendered":"<p><strong>\u00d6zellik<\/strong><\/p>\n<p>\u00d6zel kokulu s\u00fct beyaz\u0131 veya kirli beyaz toz<\/p>\n<p><strong>Ba\u015fvuru:<\/strong><\/p>\n<p>Genellikle polipropilen ve polivinil klor\u00fcrdeki ana antioksidanla birlikte kullan\u0131l\u0131r. Ayr\u0131ca kau\u00e7uk yap\u0131\u015ft\u0131r\u0131c\u0131, lateks k\u00fcrleme h\u0131zland\u0131r\u0131c\u0131, do\u011fal kau\u00e7uk, sentetik kau\u00e7uk ve lateks s\u00fcper h\u0131zland\u0131r\u0131c\u0131 olarak kullan\u0131l\u0131r.<\/p>","protected":false},"excerpt":{"rendered":"<p>\u00dcr\u00fcn ad\u0131: ZDBC<\/p>\n<p>CAS\uff1a136-23-2<\/p>\n<p>MF: C18H36N2S4Zn<\/p>\n<p>G\u00f6r\u00fcn\u00fcm: \u00d6zel kokulu s\u00fct beyaz\u0131 veya kirli beyaz toz<\/p>","protected":false},"featured_media":2176,"template":"","meta":{"_acf_changed":false,"_gspb_post_css":""},"product_brand":[],"product_cat":[62,73],"product_tag":[],"class_list":{"0":"post-6519","1":"product","2":"type-product","3":"status-publish","4":"has-post-thumbnail","6":"product_cat-rubberplastic-ingredients","7":"product_cat-rubber-antioxidant","9":"first","10":"instock","11":"shipping-taxable","12":"product-type-simple"},"acf":[],"_links":{"self":[{"href":"https:\/\/wpachem.com\/tr\/wp-json\/wp\/v2\/product\/6519","targetHints":{"allow":["GET"]}}],"collection":[{"href":"https:\/\/wpachem.com\/tr\/wp-json\/wp\/v2\/product"}],"about":[{"href":"https:\/\/wpachem.com\/tr\/wp-json\/wp\/v2\/types\/product"}],"version-history":[{"count":0,"href":"https:\/\/wpachem.com\/tr\/wp-json\/wp\/v2\/product\/6519\/revisions"}],"wp:featuredmedia":[{"embeddable":true,"href":"https:\/\/wpachem.com\/tr\/wp-json\/wp\/v2\/media\/2176"}],"wp:attachment":[{"href":"https:\/\/wpachem.com\/tr\/wp-json\/wp\/v2\/media?parent=6519"}],"wp:term":[{"taxonomy":"product_brand","embeddable":true,"href":"https:\/\/wpachem.com\/tr\/wp-json\/wp\/v2\/product_brand?post=6519"},{"taxonomy":"product_cat","embeddable":true,"href":"https:\/\/wpachem.com\/tr\/wp-json\/wp\/v2\/product_cat?post=6519"},{"taxonomy":"product_tag","embeddable":true,"href":"https:\/\/wpachem.com\/tr\/wp-json\/wp\/v2\/product_tag?post=6519"}],"curies":[{"name":"wp","href":"https:\/\/api.w.org\/{rel}","templated":true}]}}