{"id":6521,"date":"2024-02-21T07:24:41","date_gmt":"2024-02-21T07:24:41","guid":{"rendered":"https:\/\/wpachem.com\/?post_type=product&#038;p=6521"},"modified":"2024-02-21T07:27:39","modified_gmt":"2024-02-21T07:27:39","slug":"zdeczdc%e3%80%81ez-cas-14324-55-1-ethyl-ziram","status":"publish","type":"product","link":"https:\/\/wpachem.com\/tr\/urun\/zdeczdc%e3%80%81ez-cas-14324-55-1-ethyl-ziram\/","title":{"rendered":"ZDEC(ZDC\u3001EZ) CAS 14324-55-1 Etil ziram"},"content":{"rendered":"<p><strong>\u00d6zellik<\/strong><\/p>\n<p>Beyaz kristaller<\/p>\n<p><strong>Ba\u015fvuru:<\/strong><\/p>\n<p>H\u0131zland\u0131r\u0131c\u0131 ZDC, do\u011fal kau\u00e7uk ve \u00e7e\u015fitli sentetik kau\u00e7uklar i\u00e7in s\u00fcper bir h\u0131zland\u0131r\u0131c\u0131d\u0131r. \u00c7inko ditiyokarbamat tuzlar\u0131n\u0131n temsili bir \u00e7e\u015fididir ve ayn\u0131 zamanda lateks i\u00e7in evrensel bir h\u0131zland\u0131r\u0131c\u0131d\u0131r. Bu \u00fcr\u00fcn kirletmez, renk de\u011fi\u015ftirmez, kokusuz, tats\u0131z ve toksik de\u011fildir. Alkali h\u0131zland\u0131r\u0131c\u0131n\u0131n \u00fczerinde bir aktivasyon etkisi vard\u0131r. \u0130yi bir da\u011f\u0131labilirli\u011fe sahiptir ve vulkanize kau\u00e7u\u011fun \u00e7ekme mukavemetini ve elastikiyetini art\u0131rabilir. Kau\u00e7ukta iyi bir da\u011f\u0131l\u0131ma sahiptir ve vulkanize kau\u00e7u\u011fun \u00e7ekme mukavemetini ve elastikiyetini art\u0131rabilir. Is\u0131 direncini art\u0131rmak i\u00e7in NR ve IR&#039;ye antioksidanlar eklenmelidir. H\u0131zland\u0131r\u0131c\u0131 ZDC ayr\u0131ca yap\u0131\u015ft\u0131r\u0131c\u0131 sisteminde antioksidan olarak da kullan\u0131labilir.<\/p>","protected":false},"excerpt":{"rendered":"<p>\u00dcr\u00fcn ad\u0131: ZDEC(ZDC\u3001EZ)<\/p>\n<p>CAS\uff1a14324-55-1<\/p>\n<p>MF: C10H20N2S4Zn<\/p>\n<p>G\u00f6r\u00fcn\u00fcm: Beyaz kristaller<\/p>","protected":false},"featured_media":5182,"template":"","meta":{"_acf_changed":false,"_gspb_post_css":""},"product_brand":[],"product_cat":[62,73],"product_tag":[],"class_list":{"0":"post-6521","1":"product","2":"type-product","3":"status-publish","4":"has-post-thumbnail","6":"product_cat-rubberplastic-ingredients","7":"product_cat-rubber-antioxidant","9":"first","10":"instock","11":"shipping-taxable","12":"product-type-simple"},"acf":[],"_links":{"self":[{"href":"https:\/\/wpachem.com\/tr\/wp-json\/wp\/v2\/product\/6521","targetHints":{"allow":["GET"]}}],"collection":[{"href":"https:\/\/wpachem.com\/tr\/wp-json\/wp\/v2\/product"}],"about":[{"href":"https:\/\/wpachem.com\/tr\/wp-json\/wp\/v2\/types\/product"}],"version-history":[{"count":0,"href":"https:\/\/wpachem.com\/tr\/wp-json\/wp\/v2\/product\/6521\/revisions"}],"wp:featuredmedia":[{"embeddable":true,"href":"https:\/\/wpachem.com\/tr\/wp-json\/wp\/v2\/media\/5182"}],"wp:attachment":[{"href":"https:\/\/wpachem.com\/tr\/wp-json\/wp\/v2\/media?parent=6521"}],"wp:term":[{"taxonomy":"product_brand","embeddable":true,"href":"https:\/\/wpachem.com\/tr\/wp-json\/wp\/v2\/product_brand?post=6521"},{"taxonomy":"product_cat","embeddable":true,"href":"https:\/\/wpachem.com\/tr\/wp-json\/wp\/v2\/product_cat?post=6521"},{"taxonomy":"product_tag","embeddable":true,"href":"https:\/\/wpachem.com\/tr\/wp-json\/wp\/v2\/product_tag?post=6521"}],"curies":[{"name":"wp","href":"https:\/\/api.w.org\/{rel}","templated":true}]}}