{"id":6527,"date":"2024-02-21T07:31:21","date_gmt":"2024-02-21T07:31:21","guid":{"rendered":"https:\/\/wpachem.com\/?post_type=product&#038;p=6527"},"modified":"2024-02-21T07:33:45","modified_gmt":"2024-02-21T07:33:45","slug":"tbbs%ef%bc%88ns%ef%bc%89-cas-95-31-8-n-tert-butyl-2-benzothiazolesulfenamide","status":"publish","type":"product","link":"https:\/\/wpachem.com\/tr\/urun\/tbbs%ef%bc%88ns%ef%bc%89-cas-95-31-8-n-tert-butyl-2-benzothiazolesulfenamide\/","title":{"rendered":"TBBS\uff08NS\uff09 CAS 95-31-8 N-tert-Butil-2-benzotiyazols\u00fclfenamid"},"content":{"rendered":"<p><strong>\u00d6zellik<\/strong><\/p>\n<p>A\u00e7\u0131k sar\u0131ms\u0131 kahverengi toz<\/p>\n<p><strong>Ba\u015fvuru:<\/strong><\/p>\n<p>Bu \u00fcr\u00fcn do\u011fal kau\u00e7uk, b\u00fctadien kau\u00e7uk, izopentil kau\u00e7uk, stiren-b\u00fctadien kau\u00e7uk ve geri kazan\u0131lm\u0131\u015f kau\u00e7uk i\u00e7in bir son etki h\u0131zland\u0131r\u0131c\u0131s\u0131d\u0131r. \u00d6zellikle g\u00fc\u00e7l\u00fc alkaliniteye sahip karbon siyah\u0131 kau\u00e7uk i\u00e7in uygundur. \u00c7al\u0131\u015fma s\u0131cakl\u0131klar\u0131nda g\u00fcvenlidir, g\u00fc\u00e7l\u00fc kavrulma direncine, h\u0131zl\u0131 vulkanizasyon h\u0131z\u0131na ve y\u00fcksek uzama mukavemetine sahiptir, bu da sentetik kau\u00e7u\u011fun kullan\u0131m oran\u0131n\u0131 art\u0131rabilir. D\u00fc\u015f\u00fck toksisite ve y\u00fcksek verimlilik, NOBS i\u00e7in ideal bir ikamedir. M\u00fckemmel kapsaml\u0131 performansa sahiptir ve standart h\u0131zland\u0131r\u0131c\u0131 olarak adland\u0131r\u0131l\u0131r. Radyal lastiklerin \u00fcretiminde yayg\u0131n olarak kullan\u0131l\u0131r. Aldehit amin, guanidin ve tiuram h\u0131zland\u0131r\u0131c\u0131larla birlikte kullan\u0131labilir. Kavrulma \u00f6nleyici madde PVI ile birlikte kullan\u0131ld\u0131\u011f\u0131nda iyi bir vulkanizasyon sistemi olu\u015fturur. Esas olarak lastik, kau\u00e7uk ayakkab\u0131, kau\u00e7uk hortum, bant ve kablo imalat\u0131nda ve \u00fcretiminde kullan\u0131l\u0131r.<\/p>","protected":false},"excerpt":{"rendered":"<p>\u00dcr\u00fcn ad\u0131: TBBS\uff08NS\uff09<\/p>\n<p>CAS\uff1a95-31-8<\/p>\n<p>MF: C11H14N2S2<\/p>\n<p>G\u00f6r\u00fcn\u00fcm: A\u00e7\u0131k sar\u0131ms\u0131 kahverengi toz<\/p>","protected":false},"featured_media":6483,"template":"","meta":{"_acf_changed":false,"_gspb_post_css":""},"product_brand":[],"product_cat":[62,73],"product_tag":[],"class_list":{"0":"post-6527","1":"product","2":"type-product","3":"status-publish","4":"has-post-thumbnail","6":"product_cat-rubberplastic-ingredients","7":"product_cat-rubber-antioxidant","9":"first","10":"instock","11":"shipping-taxable","12":"product-type-simple"},"acf":[],"_links":{"self":[{"href":"https:\/\/wpachem.com\/tr\/wp-json\/wp\/v2\/product\/6527","targetHints":{"allow":["GET"]}}],"collection":[{"href":"https:\/\/wpachem.com\/tr\/wp-json\/wp\/v2\/product"}],"about":[{"href":"https:\/\/wpachem.com\/tr\/wp-json\/wp\/v2\/types\/product"}],"version-history":[{"count":0,"href":"https:\/\/wpachem.com\/tr\/wp-json\/wp\/v2\/product\/6527\/revisions"}],"wp:featuredmedia":[{"embeddable":true,"href":"https:\/\/wpachem.com\/tr\/wp-json\/wp\/v2\/media\/6483"}],"wp:attachment":[{"href":"https:\/\/wpachem.com\/tr\/wp-json\/wp\/v2\/media?parent=6527"}],"wp:term":[{"taxonomy":"product_brand","embeddable":true,"href":"https:\/\/wpachem.com\/tr\/wp-json\/wp\/v2\/product_brand?post=6527"},{"taxonomy":"product_cat","embeddable":true,"href":"https:\/\/wpachem.com\/tr\/wp-json\/wp\/v2\/product_cat?post=6527"},{"taxonomy":"product_tag","embeddable":true,"href":"https:\/\/wpachem.com\/tr\/wp-json\/wp\/v2\/product_tag?post=6527"}],"curies":[{"name":"wp","href":"https:\/\/api.w.org\/{rel}","templated":true}]}}