{"id":6529,"date":"2024-02-21T07:34:01","date_gmt":"2024-02-21T07:34:01","guid":{"rendered":"https:\/\/wpachem.com\/?post_type=product&#038;p=6529"},"modified":"2024-02-21T07:37:29","modified_gmt":"2024-02-21T07:37:29","slug":"tbsi-cas-3741-80-8-nn-bis13-benzothiazol-2-ylsulfanyl-2-methylpropan-2-amine","status":"publish","type":"product","link":"https:\/\/wpachem.com\/tr\/urun\/tbsi-cas-3741-80-8-nn-bis13-benzothiazol-2-ylsulfanyl-2-methylpropan-2-amine\/","title":{"rendered":"TBSI CAS 3741-80-8 N,N-bis(1,3-benzotiyazol-2-ils\u00fclfanil)-2-metilpropan-2-amin"},"content":{"rendered":"<p><strong>\u00d6zellik<\/strong><\/p>\n<p>Beyaz veya kirli beyaz kat\u0131<\/p>\n<p><strong>Ba\u015fvuru:<\/strong><\/p>\n<p>Kau\u00e7uk end\u00fcstrisinde yayg\u0131n olarak kullan\u0131lan bir i\u015fleme yard\u0131mc\u0131s\u0131d\u0131r. Kau\u00e7uk \u00fcr\u00fcnlerinin vulkanizasyon i\u015flemi s\u0131ras\u0131nda \u00e7apraz ba\u011flama h\u0131zland\u0131r\u0131c\u0131s\u0131 olarak g\u00f6rev yapar, bu da kau\u00e7uklar\u0131n vulkanizasyon h\u0131z\u0131n\u0131 ve a\u015f\u0131nma direnci, ya\u015flanma direnci vb. gibi fiziksel \u00f6zelliklerini iyile\u015ftirebilir.<\/p>","protected":false},"excerpt":{"rendered":"<p>\u00dcr\u00fcn ad\u0131: TBSI<\/p>\n<p>CAS\uff1a3741-80-8<\/p>\n<p>MF: C18H17N3S4<\/p>\n<p>G\u00f6r\u00fcn\u00fcm: Beyaz veya kirli beyaz kat\u0131<\/p>","protected":false},"featured_media":5179,"template":"","meta":{"_acf_changed":false,"_gspb_post_css":""},"product_brand":[],"product_cat":[62,73],"product_tag":[],"class_list":{"0":"post-6529","1":"product","2":"type-product","3":"status-publish","4":"has-post-thumbnail","6":"product_cat-rubberplastic-ingredients","7":"product_cat-rubber-antioxidant","9":"first","10":"instock","11":"shipping-taxable","12":"product-type-simple"},"acf":[],"_links":{"self":[{"href":"https:\/\/wpachem.com\/tr\/wp-json\/wp\/v2\/product\/6529","targetHints":{"allow":["GET"]}}],"collection":[{"href":"https:\/\/wpachem.com\/tr\/wp-json\/wp\/v2\/product"}],"about":[{"href":"https:\/\/wpachem.com\/tr\/wp-json\/wp\/v2\/types\/product"}],"version-history":[{"count":0,"href":"https:\/\/wpachem.com\/tr\/wp-json\/wp\/v2\/product\/6529\/revisions"}],"wp:featuredmedia":[{"embeddable":true,"href":"https:\/\/wpachem.com\/tr\/wp-json\/wp\/v2\/media\/5179"}],"wp:attachment":[{"href":"https:\/\/wpachem.com\/tr\/wp-json\/wp\/v2\/media?parent=6529"}],"wp:term":[{"taxonomy":"product_brand","embeddable":true,"href":"https:\/\/wpachem.com\/tr\/wp-json\/wp\/v2\/product_brand?post=6529"},{"taxonomy":"product_cat","embeddable":true,"href":"https:\/\/wpachem.com\/tr\/wp-json\/wp\/v2\/product_cat?post=6529"},{"taxonomy":"product_tag","embeddable":true,"href":"https:\/\/wpachem.com\/tr\/wp-json\/wp\/v2\/product_tag?post=6529"}],"curies":[{"name":"wp","href":"https:\/\/api.w.org\/{rel}","templated":true}]}}