{"id":6532,"date":"2024-02-21T07:37:44","date_gmt":"2024-02-21T07:37:44","guid":{"rendered":"https:\/\/wpachem.com\/?post_type=product&#038;p=6532"},"modified":"2024-02-21T07:40:35","modified_gmt":"2024-02-21T07:40:35","slug":"zdmcpz-cas-137-30-4-zinc-dimethyldithiocarbamate","status":"publish","type":"product","link":"https:\/\/wpachem.com\/tr\/urun\/zdmcpz-cas-137-30-4-zinc-dimethyldithiocarbamate\/","title":{"rendered":"ZDMC(PZ) CAS 137-30-4 \u00c7inko dimetilditiyokarbamat"},"content":{"rendered":"<p><strong>\u00d6zellik<\/strong><\/p>\n<p>A\u00e7\u0131k sar\u0131 kat\u0131<\/p>\n<p><strong>Ba\u015fvuru:<\/strong><\/p>\n<p>Etkinlik h\u0131zland\u0131r\u0131c\u0131 olarak kullan\u0131l\u0131r, kau\u00e7ukta iyi dispersiyon \u00f6zelli\u011fine sahiptir, kau\u00e7uk \u00fcr\u00fcnlerine iyi mekanik \u00f6zellikler kazand\u0131r\u0131r ve lastik, bant vb. i\u00e7in uygundur.<\/p>","protected":false},"excerpt":{"rendered":"<p>\u00dcr\u00fcn ad\u0131: ZDMC(PZ)<\/p>\n<p>CAS\uff1a137-30-4<\/p>\n<p>MF: C6H12N2S4Zn1<\/p>\n<p>G\u00f6r\u00fcn\u00fcm: A\u00e7\u0131k sar\u0131 kat\u0131<\/p>","protected":false},"featured_media":6483,"template":"","meta":{"_acf_changed":false,"_gspb_post_css":""},"product_brand":[],"product_cat":[62,73],"product_tag":[],"class_list":{"0":"post-6532","1":"product","2":"type-product","3":"status-publish","4":"has-post-thumbnail","6":"product_cat-rubberplastic-ingredients","7":"product_cat-rubber-antioxidant","9":"first","10":"instock","11":"shipping-taxable","12":"product-type-simple"},"acf":[],"_links":{"self":[{"href":"https:\/\/wpachem.com\/tr\/wp-json\/wp\/v2\/product\/6532","targetHints":{"allow":["GET"]}}],"collection":[{"href":"https:\/\/wpachem.com\/tr\/wp-json\/wp\/v2\/product"}],"about":[{"href":"https:\/\/wpachem.com\/tr\/wp-json\/wp\/v2\/types\/product"}],"version-history":[{"count":0,"href":"https:\/\/wpachem.com\/tr\/wp-json\/wp\/v2\/product\/6532\/revisions"}],"wp:featuredmedia":[{"embeddable":true,"href":"https:\/\/wpachem.com\/tr\/wp-json\/wp\/v2\/media\/6483"}],"wp:attachment":[{"href":"https:\/\/wpachem.com\/tr\/wp-json\/wp\/v2\/media?parent=6532"}],"wp:term":[{"taxonomy":"product_brand","embeddable":true,"href":"https:\/\/wpachem.com\/tr\/wp-json\/wp\/v2\/product_brand?post=6532"},{"taxonomy":"product_cat","embeddable":true,"href":"https:\/\/wpachem.com\/tr\/wp-json\/wp\/v2\/product_cat?post=6532"},{"taxonomy":"product_tag","embeddable":true,"href":"https:\/\/wpachem.com\/tr\/wp-json\/wp\/v2\/product_tag?post=6532"}],"curies":[{"name":"wp","href":"https:\/\/api.w.org\/{rel}","templated":true}]}}