{"id":6534,"date":"2024-02-21T07:40:42","date_gmt":"2024-02-21T07:40:42","guid":{"rendered":"https:\/\/wpachem.com\/?post_type=product&#038;p=6534"},"modified":"2024-02-21T07:43:00","modified_gmt":"2024-02-21T07:43:00","slug":"zbeczbdc-cas-14726-36-4-zinc-dibenzyldithiocarbamate","status":"publish","type":"product","link":"https:\/\/wpachem.com\/tr\/urun\/zbeczbdc-cas-14726-36-4-zinc-dibenzyldithiocarbamate\/","title":{"rendered":"ZBEC(ZBDC) CAS 14726-36-4 \u00c7inko dibenzilditiyokarbamat"},"content":{"rendered":"<p><strong>\u00d6zellik<\/strong><\/p>\n<p>Renksiz kristal veya beyaz toz<\/p>\n<p><strong>Ba\u015fvuru:<\/strong><\/p>\n<p>\u015eeffaf polimerler i\u00e7in \u00e7apraz ba\u011flay\u0131c\u0131 madde: BZAM, \u015feffaf polimerlerdeki hidroksil veya karboksil gruplar\u0131yla reaksiyona girerek \u00e7apraz ba\u011fl\u0131 bir yap\u0131 olu\u015fturabilir ve polimerin mekanik \u00f6zelliklerini ve termal kararl\u0131l\u0131\u011f\u0131n\u0131 iyile\u015ftirebilir.<\/p>","protected":false},"excerpt":{"rendered":"<p>\u00dcr\u00fcn ad\u0131: TBBS\uff08NS\uff09<\/p>\n<p>CAS\uff1a95-31-8<\/p>\n<p>MF: C11H14N2S2<\/p>\n<p>G\u00f6r\u00fcn\u00fcm: Renksiz kristal veya beyaz toz<\/p>","protected":false},"featured_media":5179,"template":"","meta":{"_acf_changed":false,"_gspb_post_css":""},"product_brand":[],"product_cat":[62,73],"product_tag":[],"class_list":{"0":"post-6534","1":"product","2":"type-product","3":"status-publish","4":"has-post-thumbnail","6":"product_cat-rubberplastic-ingredients","7":"product_cat-rubber-antioxidant","9":"first","10":"instock","11":"shipping-taxable","12":"product-type-simple"},"acf":[],"_links":{"self":[{"href":"https:\/\/wpachem.com\/tr\/wp-json\/wp\/v2\/product\/6534","targetHints":{"allow":["GET"]}}],"collection":[{"href":"https:\/\/wpachem.com\/tr\/wp-json\/wp\/v2\/product"}],"about":[{"href":"https:\/\/wpachem.com\/tr\/wp-json\/wp\/v2\/types\/product"}],"version-history":[{"count":0,"href":"https:\/\/wpachem.com\/tr\/wp-json\/wp\/v2\/product\/6534\/revisions"}],"wp:featuredmedia":[{"embeddable":true,"href":"https:\/\/wpachem.com\/tr\/wp-json\/wp\/v2\/media\/5179"}],"wp:attachment":[{"href":"https:\/\/wpachem.com\/tr\/wp-json\/wp\/v2\/media?parent=6534"}],"wp:term":[{"taxonomy":"product_brand","embeddable":true,"href":"https:\/\/wpachem.com\/tr\/wp-json\/wp\/v2\/product_brand?post=6534"},{"taxonomy":"product_cat","embeddable":true,"href":"https:\/\/wpachem.com\/tr\/wp-json\/wp\/v2\/product_cat?post=6534"},{"taxonomy":"product_tag","embeddable":true,"href":"https:\/\/wpachem.com\/tr\/wp-json\/wp\/v2\/product_tag?post=6534"}],"curies":[{"name":"wp","href":"https:\/\/api.w.org\/{rel}","templated":true}]}}