{"id":6536,"date":"2024-02-21T07:43:12","date_gmt":"2024-02-21T07:43:12","guid":{"rendered":"https:\/\/wpachem.com\/?post_type=product&#038;p=6536"},"modified":"2024-02-21T07:47:18","modified_gmt":"2024-02-21T07:47:18","slug":"zepcpxznepdc-cas-14634-93-6-zinc-ethylphenyl-dithiocarbamate","status":"publish","type":"product","link":"https:\/\/wpachem.com\/tr\/urun\/zepcpxznepdc-cas-14634-93-6-zinc-ethylphenyl-dithiocarbamate\/","title":{"rendered":"ZEPC(PX,ZnEPDC) CAS 14634-93-6 \u00c7inko etilfenil ditiyokarbamat"},"content":{"rendered":"<p><strong>\u00d6zellik<\/strong><\/p>\n<p>Beyaz veya sar\u0131 toz<\/p>\n<p><strong>Ba\u015fvuru:<\/strong><\/p>\n<p>S\u00fcper h\u0131zland\u0131r\u0131c\u0131 olarak kullan\u0131l\u0131r, lateks vulkanizasyonu i\u00e7in uygundur ve emdirilmi\u015f lateks ve g\u0131da ile temas eden di\u011fer \u00fcr\u00fcnlerin \u00fcretiminde kullan\u0131labilir. Ayr\u0131ca tiazol h\u0131zland\u0131r\u0131c\u0131lar i\u00e7in bir aktivat\u00f6r olarak da kullan\u0131labilir.<\/p>","protected":false},"excerpt":{"rendered":"<p>\u00dcr\u00fcn ad\u0131: ZEPC(PX,ZnEPDC)<\/p>\n<p>CAS\uff1a14634-93-6<\/p>\n<p>MF: C18H20N2S4Zn<\/p>\n<p>G\u00f6r\u00fcn\u00fcm: Beyaz veya sar\u0131 toz<\/p>","protected":false},"featured_media":6483,"template":"","meta":{"_acf_changed":false,"_gspb_post_css":""},"product_brand":[],"product_cat":[62,73],"product_tag":[],"class_list":{"0":"post-6536","1":"product","2":"type-product","3":"status-publish","4":"has-post-thumbnail","6":"product_cat-rubberplastic-ingredients","7":"product_cat-rubber-antioxidant","9":"first","10":"instock","11":"shipping-taxable","12":"product-type-simple"},"acf":[],"_links":{"self":[{"href":"https:\/\/wpachem.com\/tr\/wp-json\/wp\/v2\/product\/6536","targetHints":{"allow":["GET"]}}],"collection":[{"href":"https:\/\/wpachem.com\/tr\/wp-json\/wp\/v2\/product"}],"about":[{"href":"https:\/\/wpachem.com\/tr\/wp-json\/wp\/v2\/types\/product"}],"version-history":[{"count":0,"href":"https:\/\/wpachem.com\/tr\/wp-json\/wp\/v2\/product\/6536\/revisions"}],"wp:featuredmedia":[{"embeddable":true,"href":"https:\/\/wpachem.com\/tr\/wp-json\/wp\/v2\/media\/6483"}],"wp:attachment":[{"href":"https:\/\/wpachem.com\/tr\/wp-json\/wp\/v2\/media?parent=6536"}],"wp:term":[{"taxonomy":"product_brand","embeddable":true,"href":"https:\/\/wpachem.com\/tr\/wp-json\/wp\/v2\/product_brand?post=6536"},{"taxonomy":"product_cat","embeddable":true,"href":"https:\/\/wpachem.com\/tr\/wp-json\/wp\/v2\/product_cat?post=6536"},{"taxonomy":"product_tag","embeddable":true,"href":"https:\/\/wpachem.com\/tr\/wp-json\/wp\/v2\/product_tag?post=6536"}],"curies":[{"name":"wp","href":"https:\/\/api.w.org\/{rel}","templated":true}]}}