{"id":6538,"date":"2024-02-21T07:47:38","date_gmt":"2024-02-21T07:47:38","guid":{"rendered":"https:\/\/wpachem.com\/?post_type=product&#038;p=6538"},"modified":"2024-02-21T07:55:34","modified_gmt":"2024-02-21T07:55:34","slug":"zdibc%ef%bc%88ibz%ef%bc%89-cas-36190-62-2-zinc-diisobutyldithiocarbamate","status":"publish","type":"product","link":"https:\/\/wpachem.com\/tr\/urun\/zdibc%ef%bc%88ibz%ef%bc%89-cas-36190-62-2-zinc-diisobutyldithiocarbamate\/","title":{"rendered":"ZDIBC\uff08IBZ\uff09 CAS 36190-62-2 \u00c7inko diizobutilditiyokarbamat"},"content":{"rendered":"<p><strong>\u00d6zellik<\/strong><\/p>\n<p>Beyaz ila a\u00e7\u0131k sar\u0131 kristal toz<\/p>\n<p><strong>Ba\u015fvuru:<\/strong><\/p>\n<p>Kau\u00e7u\u011fun a\u015f\u0131nma direncini ve ya\u015flanma kar\u015f\u0131t\u0131 \u00f6zelliklerini iyile\u015ftirmeye yard\u0131mc\u0131 olmak amac\u0131yla s\u0131kl\u0131kla kau\u00e7uk h\u0131zland\u0131r\u0131c\u0131 olarak kullan\u0131l\u0131r.<\/p>","protected":false},"excerpt":{"rendered":"<p>\u00dcr\u00fcn ad\u0131: ZDIBC\uff08IBZ\uff09<\/p>\n<p>CAS\uff1a36190-62-2<\/p>\n<p>\u00dcr\u00fcn Kodu: C18H40N2S4Zn<\/p>\n<p>G\u00f6r\u00fcn\u00fcm: Beyaz ila a\u00e7\u0131k sar\u0131 kristal toz<\/p>","protected":false},"featured_media":6483,"template":"","meta":{"_acf_changed":false,"_gspb_post_css":""},"product_brand":[],"product_cat":[62,73],"product_tag":[],"class_list":{"0":"post-6538","1":"product","2":"type-product","3":"status-publish","4":"has-post-thumbnail","6":"product_cat-rubberplastic-ingredients","7":"product_cat-rubber-antioxidant","9":"first","10":"instock","11":"shipping-taxable","12":"product-type-simple"},"acf":[],"_links":{"self":[{"href":"https:\/\/wpachem.com\/tr\/wp-json\/wp\/v2\/product\/6538","targetHints":{"allow":["GET"]}}],"collection":[{"href":"https:\/\/wpachem.com\/tr\/wp-json\/wp\/v2\/product"}],"about":[{"href":"https:\/\/wpachem.com\/tr\/wp-json\/wp\/v2\/types\/product"}],"version-history":[{"count":0,"href":"https:\/\/wpachem.com\/tr\/wp-json\/wp\/v2\/product\/6538\/revisions"}],"wp:featuredmedia":[{"embeddable":true,"href":"https:\/\/wpachem.com\/tr\/wp-json\/wp\/v2\/media\/6483"}],"wp:attachment":[{"href":"https:\/\/wpachem.com\/tr\/wp-json\/wp\/v2\/media?parent=6538"}],"wp:term":[{"taxonomy":"product_brand","embeddable":true,"href":"https:\/\/wpachem.com\/tr\/wp-json\/wp\/v2\/product_brand?post=6538"},{"taxonomy":"product_cat","embeddable":true,"href":"https:\/\/wpachem.com\/tr\/wp-json\/wp\/v2\/product_cat?post=6538"},{"taxonomy":"product_tag","embeddable":true,"href":"https:\/\/wpachem.com\/tr\/wp-json\/wp\/v2\/product_tag?post=6538"}],"curies":[{"name":"wp","href":"https:\/\/api.w.org\/{rel}","templated":true}]}}