{"id":6540,"date":"2024-02-21T07:55:49","date_gmt":"2024-02-21T07:55:49","guid":{"rendered":"https:\/\/wpachem.com\/?post_type=product&#038;p=6540"},"modified":"2024-02-21T07:58:25","modified_gmt":"2024-02-21T07:58:25","slug":"mc-cas-32099-65-3-n-4-anilinophenylmaleimide","status":"publish","type":"product","link":"https:\/\/wpachem.com\/tr\/urun\/mc-cas-32099-65-3-n-4-anilinophenylmaleimide\/","title":{"rendered":"MC CAS 32099-65-3 N-(4-AN\u0130L\u0130NOFEN\u0130L)MALE\u0130M\u0130D"},"content":{"rendered":"<p><strong>\u00d6zellik<\/strong><\/p>\n<p>Beyaz ila hafif sar\u0131 kristal<\/p>\n<p><strong>Ba\u015fvuru:<\/strong><\/p>\n<p>Boyalar, ila\u00e7lar, ligandlar vb. gibi di\u011fer bile\u015fiklerin sentezinde ara madde olarak kullan\u0131labilir.<\/p>","protected":false},"excerpt":{"rendered":"<p>\u00dcr\u00fcn ad\u0131: MC<\/p>\n<p>CAS\uff1a32099-65-3<\/p>\n<p>MF: C16H12N2O2<\/p>\n<p>G\u00f6r\u00fcn\u00fcm: Beyaz ila hafif sar\u0131 kristal<\/p>","protected":false},"featured_media":6483,"template":"","meta":{"_acf_changed":false,"_gspb_post_css":""},"product_brand":[],"product_cat":[62,73],"product_tag":[],"class_list":{"0":"post-6540","1":"product","2":"type-product","3":"status-publish","4":"has-post-thumbnail","6":"product_cat-rubberplastic-ingredients","7":"product_cat-rubber-antioxidant","9":"first","10":"instock","11":"shipping-taxable","12":"product-type-simple"},"acf":[],"_links":{"self":[{"href":"https:\/\/wpachem.com\/tr\/wp-json\/wp\/v2\/product\/6540","targetHints":{"allow":["GET"]}}],"collection":[{"href":"https:\/\/wpachem.com\/tr\/wp-json\/wp\/v2\/product"}],"about":[{"href":"https:\/\/wpachem.com\/tr\/wp-json\/wp\/v2\/types\/product"}],"version-history":[{"count":0,"href":"https:\/\/wpachem.com\/tr\/wp-json\/wp\/v2\/product\/6540\/revisions"}],"wp:featuredmedia":[{"embeddable":true,"href":"https:\/\/wpachem.com\/tr\/wp-json\/wp\/v2\/media\/6483"}],"wp:attachment":[{"href":"https:\/\/wpachem.com\/tr\/wp-json\/wp\/v2\/media?parent=6540"}],"wp:term":[{"taxonomy":"product_brand","embeddable":true,"href":"https:\/\/wpachem.com\/tr\/wp-json\/wp\/v2\/product_brand?post=6540"},{"taxonomy":"product_cat","embeddable":true,"href":"https:\/\/wpachem.com\/tr\/wp-json\/wp\/v2\/product_cat?post=6540"},{"taxonomy":"product_tag","embeddable":true,"href":"https:\/\/wpachem.com\/tr\/wp-json\/wp\/v2\/product_tag?post=6540"}],"curies":[{"name":"wp","href":"https:\/\/api.w.org\/{rel}","templated":true}]}}