{"id":6542,"date":"2024-02-21T07:58:49","date_gmt":"2024-02-21T07:58:49","guid":{"rendered":"https:\/\/wpachem.com\/?post_type=product&#038;p=6542"},"modified":"2024-02-21T08:02:07","modified_gmt":"2024-02-21T08:02:07","slug":"tdec-cas-20941-65-5-tetrakisdiethyldithiocarbamato-teiluriumiv","status":"publish","type":"product","link":"https:\/\/wpachem.com\/tr\/urun\/tdec-cas-20941-65-5-tetrakisdiethyldithiocarbamato-teiluriumiv\/","title":{"rendered":"TDEC CAS 20941-65-5 Tetrakis(dietilditiyokarbamato)-teIlurium(IV)"},"content":{"rendered":"<p><strong>\u00d6zellik<\/strong><\/p>\n<p>Sa\u011flam<\/p>\n<p><strong>Ba\u015fvuru:<\/strong><\/p>\n<p>Do\u011fal kau\u00e7uk ve stiren-b\u00fctadien kau\u00e7uk i\u00e7in s\u00fcper vulkanizasyon h\u0131zland\u0131r\u0131c\u0131s\u0131d\u0131r. Genellikle tiyazol ve s\u00fclfenamid h\u0131zland\u0131r\u0131c\u0131larla birlikte kullan\u0131l\u0131r \u00e7\u00fcnk\u00fc leke b\u0131rakmaz veya kirletmez. S\u00fcrekli vulkanizasyon i\u00e7in ana h\u0131zland\u0131r\u0131c\u0131 olarak da kullan\u0131labilir. Kau\u00e7uk, yanmaya neden olmadan do\u011frudan eklenebilir, vulkanizasyon h\u0131z\u0131 h\u0131zl\u0131d\u0131r ve \u00e7ekme dayan\u0131m\u0131 art\u0131r\u0131labilir. \u00c7o\u011funlukla hava yast\u0131klar\u0131n\u0131n (i\u00e7 lastikler, su lastikleri) \u00fcretiminde kullan\u0131l\u0131r, vulkanizasyon h\u0131z\u0131n\u0131 art\u0131rmak i\u00e7in tiyuram ve tiyazol h\u0131zland\u0131r\u0131c\u0131larla birlikte kullan\u0131l\u0131r. Vulkanize edici madde olarak eklenen miktar 2-4%&#039;dir ve h\u0131zland\u0131r\u0131c\u0131 olarak eklenen miktar 0,5-2%&#039;dir.<\/p>","protected":false},"excerpt":{"rendered":"<p>\u00dcr\u00fcn ad\u0131: TDEC<\/p>\n<p>CAS\uff1a20941-65-5<\/p>\n<p>MF: C20H40N4S8Te<\/p>\n<p>G\u00f6r\u00fcn\u00fcm: Kat\u0131<\/p>","protected":false},"featured_media":6543,"template":"","meta":{"_acf_changed":false,"_gspb_post_css":""},"product_brand":[],"product_cat":[62,73],"product_tag":[],"class_list":{"0":"post-6542","1":"product","2":"type-product","3":"status-publish","4":"has-post-thumbnail","6":"product_cat-rubberplastic-ingredients","7":"product_cat-rubber-antioxidant","9":"first","10":"instock","11":"shipping-taxable","12":"product-type-simple"},"acf":[],"_links":{"self":[{"href":"https:\/\/wpachem.com\/tr\/wp-json\/wp\/v2\/product\/6542","targetHints":{"allow":["GET"]}}],"collection":[{"href":"https:\/\/wpachem.com\/tr\/wp-json\/wp\/v2\/product"}],"about":[{"href":"https:\/\/wpachem.com\/tr\/wp-json\/wp\/v2\/types\/product"}],"version-history":[{"count":0,"href":"https:\/\/wpachem.com\/tr\/wp-json\/wp\/v2\/product\/6542\/revisions"}],"wp:featuredmedia":[{"embeddable":true,"href":"https:\/\/wpachem.com\/tr\/wp-json\/wp\/v2\/media\/6543"}],"wp:attachment":[{"href":"https:\/\/wpachem.com\/tr\/wp-json\/wp\/v2\/media?parent=6542"}],"wp:term":[{"taxonomy":"product_brand","embeddable":true,"href":"https:\/\/wpachem.com\/tr\/wp-json\/wp\/v2\/product_brand?post=6542"},{"taxonomy":"product_cat","embeddable":true,"href":"https:\/\/wpachem.com\/tr\/wp-json\/wp\/v2\/product_cat?post=6542"},{"taxonomy":"product_tag","embeddable":true,"href":"https:\/\/wpachem.com\/tr\/wp-json\/wp\/v2\/product_tag?post=6542"}],"curies":[{"name":"wp","href":"https:\/\/api.w.org\/{rel}","templated":true}]}}