{"id":6545,"date":"2024-02-21T08:02:51","date_gmt":"2024-02-21T08:02:51","guid":{"rendered":"https:\/\/wpachem.com\/?post_type=product&#038;p=6545"},"modified":"2024-02-21T08:12:51","modified_gmt":"2024-02-21T08:12:51","slug":"sdbc-tp-cas-136-30-1-dibutylcarbamodithioic-acid-sodium-salt","status":"publish","type":"product","link":"https:\/\/wpachem.com\/tr\/urun\/sdbc-tp-cas-136-30-1-dibutylcarbamodithioic-acid-sodium-salt\/","title":{"rendered":"SDBC (TP) CAS 136-30-1 Dib\u00fctilKarbamoditioik asit sodyum tuzu"},"content":{"rendered":"<p><strong>\u00d6zellik<\/strong><\/p>\n<p>Turuncu ila turuncu-k\u0131rm\u0131z\u0131 renkte viskoz \u015feffaf s\u0131v\u0131<\/p>\n<p><strong>Ba\u015fvuru:<\/strong><\/p>\n<p>\u00dclkemde plastik kau\u00e7uk katk\u0131 maddeleri alan\u0131nda yayg\u0131n olarak kullan\u0131lan, do\u011fal kau\u00e7uk lateksi, izopren kau\u00e7uk, b\u00fctadien kau\u00e7uk, stiren-b\u00fctadien kau\u00e7uk ve nitril kau\u00e7uk i\u00e7in uygun ultra h\u0131zl\u0131 vulkanizasyon h\u0131zland\u0131r\u0131c\u0131s\u0131. Sodyum dietilditiyokarbamat ile kar\u015f\u0131la\u015ft\u0131r\u0131ld\u0131\u011f\u0131nda, h\u0131zland\u0131r\u0131c\u0131 etkisi daha y\u00fcksektir ve vulkanizasyon oda s\u0131cakl\u0131\u011f\u0131nda ger\u00e7ekle\u015ftirilebilir. Vulkanizasyon d\u00fczl\u00fc\u011f\u00fc de iyidir. Vulkanize kau\u00e7uk, iyi fiziksel \u00f6zelliklere sahip yumu\u015fak ve \u015feffaft\u0131r. Bu \u00fcr\u00fcn tiuramlar, tiyazoller ve guanidin h\u0131zland\u0131r\u0131c\u0131lar\u0131 ile birlikte kullan\u0131labilir. Tiyazollerin ikinci h\u0131zland\u0131r\u0131c\u0131s\u0131 olarak kullan\u0131ld\u0131\u011f\u0131nda, kar\u0131\u015f\u0131m miktar\u0131 TMTD ve PZ h\u0131zland\u0131r\u0131c\u0131lar\u0131ndan daha azd\u0131r. Bu \u00fcr\u00fcn hafif kirleticidir ve esas olarak s\u00fcnger kau\u00e7uk, balon, eldiven, tutkal ve genel lateks \u00fcr\u00fcnlerinin \u00fcretiminde kullan\u0131l\u0131r.<\/p>","protected":false},"excerpt":{"rendered":"<p>\u00dcr\u00fcn ad\u0131: SDBC (TP)<\/p>\n<p>CAS\uff1a136-30-1<\/p>\n<p>MF: C9H18NNaS2<\/p>\n<p>G\u00f6r\u00fcn\u00fcm: Turuncu ila turuncu-k\u0131rm\u0131z\u0131 renkte viskoz \u015feffaf s\u0131v\u0131<\/p>","protected":false},"featured_media":6546,"template":"","meta":{"_acf_changed":false,"_gspb_post_css":""},"product_brand":[],"product_cat":[62,73],"product_tag":[],"class_list":{"0":"post-6545","1":"product","2":"type-product","3":"status-publish","4":"has-post-thumbnail","6":"product_cat-rubberplastic-ingredients","7":"product_cat-rubber-antioxidant","9":"first","10":"instock","11":"shipping-taxable","12":"product-type-simple"},"acf":[],"_links":{"self":[{"href":"https:\/\/wpachem.com\/tr\/wp-json\/wp\/v2\/product\/6545","targetHints":{"allow":["GET"]}}],"collection":[{"href":"https:\/\/wpachem.com\/tr\/wp-json\/wp\/v2\/product"}],"about":[{"href":"https:\/\/wpachem.com\/tr\/wp-json\/wp\/v2\/types\/product"}],"version-history":[{"count":0,"href":"https:\/\/wpachem.com\/tr\/wp-json\/wp\/v2\/product\/6545\/revisions"}],"wp:featuredmedia":[{"embeddable":true,"href":"https:\/\/wpachem.com\/tr\/wp-json\/wp\/v2\/media\/6546"}],"wp:attachment":[{"href":"https:\/\/wpachem.com\/tr\/wp-json\/wp\/v2\/media?parent=6545"}],"wp:term":[{"taxonomy":"product_brand","embeddable":true,"href":"https:\/\/wpachem.com\/tr\/wp-json\/wp\/v2\/product_brand?post=6545"},{"taxonomy":"product_cat","embeddable":true,"href":"https:\/\/wpachem.com\/tr\/wp-json\/wp\/v2\/product_cat?post=6545"},{"taxonomy":"product_tag","embeddable":true,"href":"https:\/\/wpachem.com\/tr\/wp-json\/wp\/v2\/product_tag?post=6545"}],"curies":[{"name":"wp","href":"https:\/\/api.w.org\/{rel}","templated":true}]}}