{"id":6548,"date":"2024-02-21T08:15:22","date_gmt":"2024-02-21T08:15:22","guid":{"rendered":"https:\/\/wpachem.com\/?post_type=product&#038;p=6548"},"modified":"2024-02-21T08:19:23","modified_gmt":"2024-02-21T08:19:23","slug":"sbec-cas-55310-46-8-dibenzyldithiocarbamic-acid-sodium-salt","status":"publish","type":"product","link":"https:\/\/wpachem.com\/tr\/urun\/sbec-cas-55310-46-8-dibenzyldithiocarbamic-acid-sodium-salt\/","title":{"rendered":"SBEC CAS 55310-46-8 D\u0130BENZ\u0130LD\u0130T\u0130OKARBAM\u0130K AS\u0130T SODYUM TUZU"},"content":{"rendered":"<p><strong>\u00d6zellik<\/strong><\/p>\n<p>Sar\u0131 veya ten rengi kristal kat\u0131<\/p>\n<p><strong>Ba\u015fvuru:<\/strong><\/p>\n<p>Polimer ve kau\u00e7uklar\u0131n haz\u0131rlanmas\u0131nda, \u0131s\u0131l kararl\u0131l\u0131klar\u0131n\u0131 ve dayan\u0131kl\u0131l\u0131klar\u0131n\u0131 art\u0131rmak amac\u0131yla kullan\u0131l\u0131r.<\/p>","protected":false},"excerpt":{"rendered":"<p>\u00dcr\u00fcn ad\u0131: SBEC<\/p>\n<p>CAS\uff1a55310-46-8<\/p>\n<p>MF: C15H14NNaS2<\/p>\n<p>G\u00f6r\u00fcn\u00fcm: Sar\u0131 veya a\u00e7\u0131k kahverengi kristal kat\u0131<\/p>","protected":false},"featured_media":6549,"template":"","meta":{"_acf_changed":false,"_gspb_post_css":""},"product_brand":[],"product_cat":[62,73],"product_tag":[],"class_list":{"0":"post-6548","1":"product","2":"type-product","3":"status-publish","4":"has-post-thumbnail","6":"product_cat-rubberplastic-ingredients","7":"product_cat-rubber-antioxidant","9":"first","10":"instock","11":"shipping-taxable","12":"product-type-simple"},"acf":[],"_links":{"self":[{"href":"https:\/\/wpachem.com\/tr\/wp-json\/wp\/v2\/product\/6548","targetHints":{"allow":["GET"]}}],"collection":[{"href":"https:\/\/wpachem.com\/tr\/wp-json\/wp\/v2\/product"}],"about":[{"href":"https:\/\/wpachem.com\/tr\/wp-json\/wp\/v2\/types\/product"}],"version-history":[{"count":0,"href":"https:\/\/wpachem.com\/tr\/wp-json\/wp\/v2\/product\/6548\/revisions"}],"wp:featuredmedia":[{"embeddable":true,"href":"https:\/\/wpachem.com\/tr\/wp-json\/wp\/v2\/media\/6549"}],"wp:attachment":[{"href":"https:\/\/wpachem.com\/tr\/wp-json\/wp\/v2\/media?parent=6548"}],"wp:term":[{"taxonomy":"product_brand","embeddable":true,"href":"https:\/\/wpachem.com\/tr\/wp-json\/wp\/v2\/product_brand?post=6548"},{"taxonomy":"product_cat","embeddable":true,"href":"https:\/\/wpachem.com\/tr\/wp-json\/wp\/v2\/product_cat?post=6548"},{"taxonomy":"product_tag","embeddable":true,"href":"https:\/\/wpachem.com\/tr\/wp-json\/wp\/v2\/product_tag?post=6548"}],"curies":[{"name":"wp","href":"https:\/\/api.w.org\/{rel}","templated":true}]}}