{"id":6551,"date":"2024-02-21T08:20:08","date_gmt":"2024-02-21T08:20:08","guid":{"rendered":"https:\/\/wpachem.com\/?post_type=product&#038;p=6551"},"modified":"2024-02-21T08:44:43","modified_gmt":"2024-02-21T08:44:43","slug":"tbtd-cas-1634-02-2-tetra-n-butylthiuram-disulfide","status":"publish","type":"product","link":"https:\/\/wpachem.com\/tr\/urun\/tbtd-cas-1634-02-2-tetra-n-butylthiuram-disulfide\/","title":{"rendered":"TBTD CAS 1634-02-2 TETRA-N-B\u00dcT\u0130LT\u0130YURAM D\u0130S\u00dcLF\u00dcR"},"content":{"rendered":"<p><strong>\u00d6zellik<\/strong><\/p>\n<p>Renksiz ila a\u00e7\u0131k sar\u0131 kat\u0131<\/p>\n<p><strong>Ba\u015fvuru:<\/strong><\/p>\n<p>Oksidatif gevrekle\u015fme reaksiyonlar\u0131nda, heterosiklik sentez reaksiyonlar\u0131nda, olefin anyonik polimerizasyonunda vb. s\u0131kl\u0131kla kullan\u0131l\u0131r.<br \/>\nPatlay\u0131c\u0131 maddelerin haz\u0131rlanmas\u0131nda da kullan\u0131l\u0131r ve patlay\u0131c\u0131 alan\u0131nda belirli kullan\u0131m alanlar\u0131 vard\u0131r.<\/p>","protected":false},"excerpt":{"rendered":"<p>\u00dcr\u00fcn ad\u0131: TBTD<\/p>\n<p>CAS\uff1a1634-02-2<\/p>\n<p>MF: C18H36N2S4<\/p>\n<p>G\u00f6r\u00fcn\u00fcm: Renksiz ila a\u00e7\u0131k sar\u0131 kat\u0131<\/p>","protected":false},"featured_media":6483,"template":"","meta":{"_acf_changed":false,"_gspb_post_css":""},"product_brand":[],"product_cat":[62,73],"product_tag":[],"class_list":{"0":"post-6551","1":"product","2":"type-product","3":"status-publish","4":"has-post-thumbnail","6":"product_cat-rubberplastic-ingredients","7":"product_cat-rubber-antioxidant","9":"first","10":"instock","11":"shipping-taxable","12":"product-type-simple"},"acf":[],"_links":{"self":[{"href":"https:\/\/wpachem.com\/tr\/wp-json\/wp\/v2\/product\/6551","targetHints":{"allow":["GET"]}}],"collection":[{"href":"https:\/\/wpachem.com\/tr\/wp-json\/wp\/v2\/product"}],"about":[{"href":"https:\/\/wpachem.com\/tr\/wp-json\/wp\/v2\/types\/product"}],"version-history":[{"count":0,"href":"https:\/\/wpachem.com\/tr\/wp-json\/wp\/v2\/product\/6551\/revisions"}],"wp:featuredmedia":[{"embeddable":true,"href":"https:\/\/wpachem.com\/tr\/wp-json\/wp\/v2\/media\/6483"}],"wp:attachment":[{"href":"https:\/\/wpachem.com\/tr\/wp-json\/wp\/v2\/media?parent=6551"}],"wp:term":[{"taxonomy":"product_brand","embeddable":true,"href":"https:\/\/wpachem.com\/tr\/wp-json\/wp\/v2\/product_brand?post=6551"},{"taxonomy":"product_cat","embeddable":true,"href":"https:\/\/wpachem.com\/tr\/wp-json\/wp\/v2\/product_cat?post=6551"},{"taxonomy":"product_tag","embeddable":true,"href":"https:\/\/wpachem.com\/tr\/wp-json\/wp\/v2\/product_tag?post=6551"}],"curies":[{"name":"wp","href":"https:\/\/api.w.org\/{rel}","templated":true}]}}