{"id":6559,"date":"2024-02-22T06:41:35","date_gmt":"2024-02-22T06:41:35","guid":{"rendered":"https:\/\/wpachem.com\/?post_type=product&#038;p=6559"},"modified":"2024-02-22T06:45:23","modified_gmt":"2024-02-22T06:45:23","slug":"tetd-cas-97-77-8-disulfiram","status":"publish","type":"product","link":"https:\/\/wpachem.com\/tr\/urun\/tetd-cas-97-77-8-disulfiram\/","title":{"rendered":"TETD CAS 97-77-8 Dis\u00fclfiram"},"content":{"rendered":"<p><strong>\u00d6zellik<\/strong><\/p>\n<p>A\u00e7\u0131k sar\u0131 kristal, kristal toz veya gran\u00fcller<\/p>\n<p><strong>Ba\u015fvuru:<\/strong><\/p>\n<p>Kau\u00e7uk h\u0131zland\u0131r\u0131c\u0131, vulkanizat\u00f6r, tohum dezenfektan\u0131, mantar ilac\u0131, alkol zehirlenmesine kar\u015f\u0131 diren\u00e7li olarak kullan\u0131l\u0131r.<\/p>","protected":false},"excerpt":{"rendered":"<p>\u00dcr\u00fcn ad\u0131: TETD<\/p>\n<p>CAS\uff1a97-77-8<\/p>\n<p>MF: C10H20N2S4<\/p>\n<p>G\u00f6r\u00fcn\u00fcm: A\u00e7\u0131k sar\u0131 kristal, kristal toz veya gran\u00fcller<\/p>","protected":false},"featured_media":6483,"template":"","meta":{"_acf_changed":false,"_gspb_post_css":""},"product_brand":[],"product_cat":[62,73],"product_tag":[],"class_list":{"0":"post-6559","1":"product","2":"type-product","3":"status-publish","4":"has-post-thumbnail","6":"product_cat-rubberplastic-ingredients","7":"product_cat-rubber-antioxidant","9":"first","10":"instock","11":"shipping-taxable","12":"product-type-simple"},"acf":[],"_links":{"self":[{"href":"https:\/\/wpachem.com\/tr\/wp-json\/wp\/v2\/product\/6559","targetHints":{"allow":["GET"]}}],"collection":[{"href":"https:\/\/wpachem.com\/tr\/wp-json\/wp\/v2\/product"}],"about":[{"href":"https:\/\/wpachem.com\/tr\/wp-json\/wp\/v2\/types\/product"}],"version-history":[{"count":0,"href":"https:\/\/wpachem.com\/tr\/wp-json\/wp\/v2\/product\/6559\/revisions"}],"wp:featuredmedia":[{"embeddable":true,"href":"https:\/\/wpachem.com\/tr\/wp-json\/wp\/v2\/media\/6483"}],"wp:attachment":[{"href":"https:\/\/wpachem.com\/tr\/wp-json\/wp\/v2\/media?parent=6559"}],"wp:term":[{"taxonomy":"product_brand","embeddable":true,"href":"https:\/\/wpachem.com\/tr\/wp-json\/wp\/v2\/product_brand?post=6559"},{"taxonomy":"product_cat","embeddable":true,"href":"https:\/\/wpachem.com\/tr\/wp-json\/wp\/v2\/product_cat?post=6559"},{"taxonomy":"product_tag","embeddable":true,"href":"https:\/\/wpachem.com\/tr\/wp-json\/wp\/v2\/product_tag?post=6559"}],"curies":[{"name":"wp","href":"https:\/\/api.w.org\/{rel}","templated":true}]}}