{"id":6561,"date":"2024-02-22T06:45:32","date_gmt":"2024-02-22T06:45:32","guid":{"rendered":"https:\/\/wpachem.com\/?post_type=product&#038;p=6561"},"modified":"2024-02-22T06:51:08","modified_gmt":"2024-02-22T06:51:08","slug":"tibtm-cas-204376-00-1-nnnn-tetrakis2-methylpropyl","status":"publish","type":"product","link":"https:\/\/wpachem.com\/tr\/urun\/tibtm-cas-204376-00-1-nnnn-tetrakis2-methylpropyl\/","title":{"rendered":"TIBTM CAS 204376-00-1 N,N,N&#039;,N&#039;-tetrakis(2-metilpropil)"},"content":{"rendered":"<p><strong>\u00d6zellik<\/strong><\/p>\n<p>Beyaz kristal kat\u0131<\/p>\n<p><strong>Ba\u015fvuru:<\/strong><\/p>\n<p>Kau\u00e7uk end\u00fcstrisinde h\u0131zland\u0131r\u0131c\u0131 olarak yayg\u0131n olarak kullan\u0131l\u0131r. Kau\u00e7uk i\u015fleme s\u0131ras\u0131nda kau\u00e7u\u011fun a\u015f\u0131nma direncini, ya\u015flanma direncini ve hava ko\u015fullar\u0131na dayan\u0131kl\u0131l\u0131\u011f\u0131n\u0131 iyile\u015ftirmek i\u00e7in uzun gecikme s\u00fcresine sahip orta h\u0131zl\u0131 bir vulkanize edici madde olarak kullan\u0131labilirken, ayn\u0131 zamanda kau\u00e7uk \u00fcr\u00fcnlerinin mukavemetini ve elastikiyetini de iyile\u015ftirebilir.<\/p>","protected":false},"excerpt":{"rendered":"<p>\u00dcr\u00fcn ad\u0131: TIBTM<\/p>\n<p>CAS\uff1a204376-00-1<\/p>\n<p>MF: C18H36N2S3<\/p>\n<p>G\u00f6r\u00fcn\u00fcm: Beyaz kristal kat\u0131<\/p>","protected":false},"featured_media":5182,"template":"","meta":{"_acf_changed":false,"_gspb_post_css":""},"product_brand":[],"product_cat":[62,73],"product_tag":[],"class_list":{"0":"post-6561","1":"product","2":"type-product","3":"status-publish","4":"has-post-thumbnail","6":"product_cat-rubberplastic-ingredients","7":"product_cat-rubber-antioxidant","9":"first","10":"instock","11":"shipping-taxable","12":"product-type-simple"},"acf":[],"_links":{"self":[{"href":"https:\/\/wpachem.com\/tr\/wp-json\/wp\/v2\/product\/6561","targetHints":{"allow":["GET"]}}],"collection":[{"href":"https:\/\/wpachem.com\/tr\/wp-json\/wp\/v2\/product"}],"about":[{"href":"https:\/\/wpachem.com\/tr\/wp-json\/wp\/v2\/types\/product"}],"version-history":[{"count":0,"href":"https:\/\/wpachem.com\/tr\/wp-json\/wp\/v2\/product\/6561\/revisions"}],"wp:featuredmedia":[{"embeddable":true,"href":"https:\/\/wpachem.com\/tr\/wp-json\/wp\/v2\/media\/5182"}],"wp:attachment":[{"href":"https:\/\/wpachem.com\/tr\/wp-json\/wp\/v2\/media?parent=6561"}],"wp:term":[{"taxonomy":"product_brand","embeddable":true,"href":"https:\/\/wpachem.com\/tr\/wp-json\/wp\/v2\/product_brand?post=6561"},{"taxonomy":"product_cat","embeddable":true,"href":"https:\/\/wpachem.com\/tr\/wp-json\/wp\/v2\/product_cat?post=6561"},{"taxonomy":"product_tag","embeddable":true,"href":"https:\/\/wpachem.com\/tr\/wp-json\/wp\/v2\/product_tag?post=6561"}],"curies":[{"name":"wp","href":"https:\/\/api.w.org\/{rel}","templated":true}]}}