{"id":6566,"date":"2024-02-22T06:52:03","date_gmt":"2024-02-22T06:52:03","guid":{"rendered":"https:\/\/wpachem.com\/?post_type=product&#038;p=6566"},"modified":"2024-02-22T06:53:56","modified_gmt":"2024-02-22T06:53:56","slug":"tbztd-cas-10591-85-2-tetrabenzylthiuramdisulfide","status":"publish","type":"product","link":"https:\/\/wpachem.com\/tr\/urun\/tbztd-cas-10591-85-2-tetrabenzylthiuramdisulfide\/","title":{"rendered":"TBZTD CAS 10591-85-2 Tetrabenziltiuramdis\u00fclf\u00fcr"},"content":{"rendered":"<p><strong>\u00d6zellik<\/strong><\/p>\n<p>Renksiz ila a\u00e7\u0131k sar\u0131 kat\u0131<\/p>\n<p><strong>Ba\u015fvuru:<\/strong><\/p>\n<p>\u0130\u00e7eri\u011findeki k\u00fck\u00fcrt nedeniyle yang\u0131n geciktirici, plastik stabilizat\u00f6r\u00fc ve kau\u00e7uk stabilizat\u00f6r\u00fc olarak kullan\u0131labilir.<\/p>","protected":false},"excerpt":{"rendered":"<p>\u00dcr\u00fcn ad\u0131: TBZTD<\/p>\n<p>CAS\uff1a10591-85-2<\/p>\n<p>MF: C30H28N2S4<\/p>\n<p>G\u00f6r\u00fcn\u00fcm: Renksiz ila a\u00e7\u0131k sar\u0131 kat\u0131<\/p>","protected":false},"featured_media":6483,"template":"","meta":{"_acf_changed":false,"_gspb_post_css":""},"product_brand":[],"product_cat":[62,73],"product_tag":[],"class_list":{"0":"post-6566","1":"product","2":"type-product","3":"status-publish","4":"has-post-thumbnail","6":"product_cat-rubberplastic-ingredients","7":"product_cat-rubber-antioxidant","9":"first","10":"instock","11":"shipping-taxable","12":"product-type-simple"},"acf":[],"_links":{"self":[{"href":"https:\/\/wpachem.com\/tr\/wp-json\/wp\/v2\/product\/6566","targetHints":{"allow":["GET"]}}],"collection":[{"href":"https:\/\/wpachem.com\/tr\/wp-json\/wp\/v2\/product"}],"about":[{"href":"https:\/\/wpachem.com\/tr\/wp-json\/wp\/v2\/types\/product"}],"version-history":[{"count":0,"href":"https:\/\/wpachem.com\/tr\/wp-json\/wp\/v2\/product\/6566\/revisions"}],"wp:featuredmedia":[{"embeddable":true,"href":"https:\/\/wpachem.com\/tr\/wp-json\/wp\/v2\/media\/6483"}],"wp:attachment":[{"href":"https:\/\/wpachem.com\/tr\/wp-json\/wp\/v2\/media?parent=6566"}],"wp:term":[{"taxonomy":"product_brand","embeddable":true,"href":"https:\/\/wpachem.com\/tr\/wp-json\/wp\/v2\/product_brand?post=6566"},{"taxonomy":"product_cat","embeddable":true,"href":"https:\/\/wpachem.com\/tr\/wp-json\/wp\/v2\/product_cat?post=6566"},{"taxonomy":"product_tag","embeddable":true,"href":"https:\/\/wpachem.com\/tr\/wp-json\/wp\/v2\/product_tag?post=6566"}],"curies":[{"name":"wp","href":"https:\/\/api.w.org\/{rel}","templated":true}]}}