{"id":6680,"date":"2024-02-26T01:53:27","date_gmt":"2024-02-26T01:53:27","guid":{"rendered":"https:\/\/wpachem.com\/?post_type=product&#038;p=6680"},"modified":"2024-02-26T01:56:59","modified_gmt":"2024-02-26T01:56:59","slug":"calcium-glycinate-cas-35947-07-0","status":"publish","type":"product","link":"https:\/\/wpachem.com\/tr\/urun\/calcium-glycinate-cas-35947-07-0\/","title":{"rendered":"Kalsiyum Glisinat CAS 35947-07-0"},"content":{"rendered":"<h3 class=\"magic-2\" data-spm-anchor-id=\"a2700.details.0.i21.5c9d52f0Rx0oYu\">D\u0131\u015f g\u00f6r\u00fcn\u00fc\u015f:<\/h3>\n<p>Beyaz kristal veya kristal toz<\/p>\n<div class=\"magic-5\">\n<div class=\"magic-6\">\n<div class=\"magic-7\">\n<div><span class=\"magic-4\" style=\"font-family: Verdana\"><b>\u00dcr\u00fcn Uygulamalar\u0131:<\/b><\/span><\/div>\n<div>Besin takviyeleri: Kalsiyum glisinat, insan v\u00fccudunun ihtiya\u00e7 duydu\u011fu kalsiyum iyonlar\u0131n\u0131 sa\u011flamak amac\u0131yla s\u0131kl\u0131kla i\u00e7ecek ve g\u0131dalarda besin takviyesi olarak kullan\u0131l\u0131r.<br \/>\nG\u0131da katk\u0131 maddesi: Kalsiyum glisinat, g\u0131dan\u0131n dokusunu ve stabilitesini art\u0131rmak i\u00e7in g\u0131da katk\u0131 maddesi olarak kullan\u0131labilir.<br \/>\nT\u0131bbi alan: Kalsiyum glisinat t\u0131bbi alanda kalsiyum ve azot metabolizmas\u0131 bozukluklar\u0131n\u0131 tedavi etmek i\u00e7in s\u0131kl\u0131kla kullan\u0131l\u0131r.<\/div>\n<\/div>\n<\/div>\n<\/div>","protected":false},"excerpt":{"rendered":"<p>\u00dcr\u00fcn Ad\u0131:Kalsiyum Glisinat<br \/>\nCAS Numaras\u0131:35947-07-0<br \/>\nMF:C2H7CaNO2<br \/>\nG\u00f6r\u00fcn\u00fcm: Beyaz kristal veya kristal toz<\/p>","protected":false},"featured_media":2161,"template":"","meta":{"_acf_changed":false,"_gspb_post_css":""},"product_brand":[],"product_cat":[55,103],"product_tag":[],"class_list":{"0":"post-6680","1":"product","2":"type-product","3":"status-publish","4":"has-post-thumbnail","6":"product_cat-food-additives","7":"product_cat-nutrition-enhancer","9":"first","10":"instock","11":"shipping-taxable","12":"product-type-simple"},"acf":[],"_links":{"self":[{"href":"https:\/\/wpachem.com\/tr\/wp-json\/wp\/v2\/product\/6680","targetHints":{"allow":["GET"]}}],"collection":[{"href":"https:\/\/wpachem.com\/tr\/wp-json\/wp\/v2\/product"}],"about":[{"href":"https:\/\/wpachem.com\/tr\/wp-json\/wp\/v2\/types\/product"}],"version-history":[{"count":0,"href":"https:\/\/wpachem.com\/tr\/wp-json\/wp\/v2\/product\/6680\/revisions"}],"wp:featuredmedia":[{"embeddable":true,"href":"https:\/\/wpachem.com\/tr\/wp-json\/wp\/v2\/media\/2161"}],"wp:attachment":[{"href":"https:\/\/wpachem.com\/tr\/wp-json\/wp\/v2\/media?parent=6680"}],"wp:term":[{"taxonomy":"product_brand","embeddable":true,"href":"https:\/\/wpachem.com\/tr\/wp-json\/wp\/v2\/product_brand?post=6680"},{"taxonomy":"product_cat","embeddable":true,"href":"https:\/\/wpachem.com\/tr\/wp-json\/wp\/v2\/product_cat?post=6680"},{"taxonomy":"product_tag","embeddable":true,"href":"https:\/\/wpachem.com\/tr\/wp-json\/wp\/v2\/product_tag?post=6680"}],"curies":[{"name":"wp","href":"https:\/\/api.w.org\/{rel}","templated":true}]}}