{"id":6682,"date":"2024-02-26T01:57:26","date_gmt":"2024-02-26T01:57:26","guid":{"rendered":"https:\/\/wpachem.com\/?post_type=product&#038;p=6682"},"modified":"2024-02-26T02:00:57","modified_gmt":"2024-02-26T02:00:57","slug":"calcium-aspartate-cas-10389-09-0","status":"publish","type":"product","link":"https:\/\/wpachem.com\/tr\/urun\/calcium-aspartate-cas-10389-09-0\/","title":{"rendered":"Kalsiyum Aspartat CAS 10389-09-0"},"content":{"rendered":"<h3 class=\"magic-2\" data-spm-anchor-id=\"a2700.details.0.i21.5c9d52f0Rx0oYu\">D\u0131\u015f g\u00f6r\u00fcn\u00fc\u015f:<\/h3>\n<p>Beyaz toz<\/p>\n<div class=\"magic-5\">\n<div class=\"magic-6\">\n<div class=\"magic-7\">\n<div><span class=\"magic-4\" style=\"font-family: Verdana\"><b>\u00dcr\u00fcn Uygulamalar\u0131:<\/b><\/span><\/div>\n<div>\n<p>Kalsiyum aspartat, g\u0131dalarda, i\u00e7eceklerde ve ila\u00e7larda yayg\u0131n olarak kullan\u0131lan \u00f6nemli bir besin takviyesidir. Tad\u0131 iyile\u015ftirme, besin de\u011ferini art\u0131rma ve tad\u0131 d\u00fczenleme i\u015flevine sahiptir.<\/p>\n<p>Kalsiyum aspartat ayr\u0131ca farmas\u00f6tik alanda yayg\u0131n olarak kullan\u0131l\u0131r. Analjezik olarak kullan\u0131labilir ve ba\u015f a\u011fr\u0131lar\u0131n\u0131, migrenleri vb. hafifletmede belirli etkileri vard\u0131r. Ayr\u0131ca kayg\u0131 \u00f6nleyici, depresyon \u00f6nleyici ve uykuyu iyile\u015ftirmede de rol oynar.<\/p>\n<\/div>\n<\/div>\n<\/div>\n<\/div>","protected":false},"excerpt":{"rendered":"<p>\u00dcr\u00fcn Ad\u0131:Kalsiyum Aspartat<br \/>\nCAS No:10389-09-0<br \/>\nMF:C4H5CaNO4<br \/>\nG\u00f6r\u00fcn\u00fcm: Beyaz toz<\/p>","protected":false},"featured_media":2161,"template":"","meta":{"_acf_changed":false,"_gspb_post_css":""},"product_brand":[],"product_cat":[55,103],"product_tag":[],"class_list":{"0":"post-6682","1":"product","2":"type-product","3":"status-publish","4":"has-post-thumbnail","6":"product_cat-food-additives","7":"product_cat-nutrition-enhancer","9":"first","10":"instock","11":"shipping-taxable","12":"product-type-simple"},"acf":[],"_links":{"self":[{"href":"https:\/\/wpachem.com\/tr\/wp-json\/wp\/v2\/product\/6682","targetHints":{"allow":["GET"]}}],"collection":[{"href":"https:\/\/wpachem.com\/tr\/wp-json\/wp\/v2\/product"}],"about":[{"href":"https:\/\/wpachem.com\/tr\/wp-json\/wp\/v2\/types\/product"}],"version-history":[{"count":0,"href":"https:\/\/wpachem.com\/tr\/wp-json\/wp\/v2\/product\/6682\/revisions"}],"wp:featuredmedia":[{"embeddable":true,"href":"https:\/\/wpachem.com\/tr\/wp-json\/wp\/v2\/media\/2161"}],"wp:attachment":[{"href":"https:\/\/wpachem.com\/tr\/wp-json\/wp\/v2\/media?parent=6682"}],"wp:term":[{"taxonomy":"product_brand","embeddable":true,"href":"https:\/\/wpachem.com\/tr\/wp-json\/wp\/v2\/product_brand?post=6682"},{"taxonomy":"product_cat","embeddable":true,"href":"https:\/\/wpachem.com\/tr\/wp-json\/wp\/v2\/product_cat?post=6682"},{"taxonomy":"product_tag","embeddable":true,"href":"https:\/\/wpachem.com\/tr\/wp-json\/wp\/v2\/product_tag?post=6682"}],"curies":[{"name":"wp","href":"https:\/\/api.w.org\/{rel}","templated":true}]}}